{"id":15079,"date":"2023-02-10T13:57:02","date_gmt":"2023-02-10T12:57:02","guid":{"rendered":"https:\/\/secma.dk\/om-secma\/"},"modified":"2025-11-27T23:36:21","modified_gmt":"2025-11-27T22:36:21","slug":"om-secma","status":"publish","type":"page","link":"https:\/\/secma.dk\/sv\/om-secma\/","title":{"rendered":"Om Secma"},"content":{"rendered":"\t\t<div data-elementor-type=\"wp-page\" data-elementor-id=\"15079\" class=\"elementor elementor-15079 elementor-643\" data-elementor-post-type=\"page\">\n\t\t\t\t<div class=\"elementor-element elementor-element-4fa6aa3 e-flex e-con-boxed e-con e-parent\" data-id=\"4fa6aa3\" data-element_type=\"container\" data-e-type=\"container\" data-settings=\"{&quot;background_background&quot;:&quot;classic&quot;}\">\n\t\t\t\t\t<div class=\"e-con-inner\">\n\t\t<div class=\"elementor-element elementor-element-2695be3 e-con-full e-flex e-con e-child\" data-id=\"2695be3\" data-element_type=\"container\" data-e-type=\"container\">\n\t\t\t\t<div class=\"elementor-element elementor-element-4b72d24 elementor-widget elementor-widget-heading\" data-id=\"4b72d24\" data-element_type=\"widget\" data-e-type=\"widget\" data-widget_type=\"heading.default\">\n\t\t\t\t<div class=\"elementor-widget-container\">\n\t\t\t\t\t<h1 class=\"elementor-heading-title elementor-size-default\">Om Secma<\/h1>\t\t\t\t<\/div>\n\t\t\t\t<\/div>\n\t\t\t\t<div class=\"elementor-element elementor-element-b4e7f1b elementor-widget__width-initial elementor-widget elementor-widget-text-editor\" data-id=\"b4e7f1b\" data-element_type=\"widget\" data-e-type=\"widget\" data-widget_type=\"text-editor.default\">\n\t\t\t\t<div class=\"elementor-widget-container\">\n\t\t\t\t\t\t\t\t\t<p>Secma representerar exklusivt ett antal av v\u00e4rldens ledande tillverkare av medicintekniska produkter f\u00f6r sjukv\u00e5rdssektorn. Vi lagerf\u00f6r endast produkter som \u00e4r kliniskt godk\u00e4nda, anv\u00e4ndarv\u00e4nliga och av h\u00f6g kvalitet.<\/p><p>Vi s\u00e4tter en \u00e4ra i att leverera v\u00e4rdeskapande r\u00e5dgivning till v\u00e5ra kunder f\u00f6r att uppn\u00e5 ett professionellt samarbete. Secma k\u00e4nnetecknas av kvalitet, kunskap och innovation, och detta utg\u00f6r grunden f\u00f6r allt vi g\u00f6r.<\/p><p>Secma tillhandah\u00e5ller medicintekniska l\u00f6sningar och tj\u00e4nster till den <a href=\"https:\/\/secma.dk\/\">danska<\/a>, <a href=\"https:\/\/secma.dk\/sv\/\" target=\"_blank\" rel=\"noopener\">svenska<\/a>, <a href=\"https:\/\/secma.dk\/no\/\" target=\"_blank\" rel=\"noopener\">norska<\/a> och <a href=\"https:\/\/secma.dk\/nl\/\" target=\"_blank\" rel=\"noopener\">nederl\u00e4ndska<\/a> h\u00e4lso- och sjukv\u00e5rdssektorn<\/p>\t\t\t\t\t\t\t\t<\/div>\n\t\t\t\t<\/div>\n\t\t\t\t<div class=\"elementor-element elementor-element-321f3f9 elementor-align-left elementor-widget elementor-widget-button\" data-id=\"321f3f9\" data-element_type=\"widget\" data-e-type=\"widget\" data-widget_type=\"button.default\">\n\t\t\t\t<div class=\"elementor-widget-container\">\n\t\t\t\t\t\t\t\t\t<div class=\"elementor-button-wrapper\">\n\t\t\t\t\t<a class=\"elementor-button elementor-button-link elementor-size-md elementor-animation-grow\" href=\"https:\/\/secma.dk\/sv\/alla-produkter\/\">\n\t\t\t\t\t\t<span class=\"elementor-button-content-wrapper\">\n\t\t\t\t\t\t\t\t\t<span class=\"elementor-button-text\">Se v\u00e5ra produkter<\/span>\n\t\t\t\t\t<\/span>\n\t\t\t\t\t<\/a>\n\t\t\t\t<\/div>\n\t\t\t\t\t\t\t\t<\/div>\n\t\t\t\t<\/div>\n\t\t\t\t<\/div>\n\t\t\t\t\t<\/div>\n\t\t\t\t<\/div>\n\t\t\t\t<section class=\"elementor-section elementor-top-section elementor-element elementor-element-74e4121 elementor-section-boxed elementor-section-height-default elementor-section-height-default\" data-id=\"74e4121\" data-element_type=\"section\" data-e-type=\"section\" data-settings=\"{&quot;background_background&quot;:&quot;classic&quot;}\">\n\t\t\t\t\t\t<div class=\"elementor-container elementor-column-gap-default\">\n\t\t\t\t\t<div class=\"elementor-column elementor-col-100 elementor-top-column elementor-element elementor-element-545f105\" data-id=\"545f105\" data-element_type=\"column\" data-e-type=\"column\">\n\t\t\t<div class=\"elementor-widget-wrap elementor-element-populated\">\n\t\t\t\t\t\t<div class=\"elementor-element elementor-element-9c9e997 elementor-widget elementor-widget-heading\" data-id=\"9c9e997\" data-element_type=\"widget\" data-e-type=\"widget\" data-widget_type=\"heading.default\">\n\t\t\t\t<div class=\"elementor-widget-container\">\n\t\t\t\t\t<h2 class=\"elementor-heading-title elementor-size-default\">Uppdragsbeskrivning<\/h2>\t\t\t\t<\/div>\n\t\t\t\t<\/div>\n\t\t\t\t<div class=\"elementor-element elementor-element-f9036f2 elementor-widget elementor-widget-text-editor\" data-id=\"f9036f2\" data-element_type=\"widget\" data-e-type=\"widget\" data-widget_type=\"text-editor.default\">\n\t\t\t\t<div class=\"elementor-widget-container\">\n\t\t\t\t\t\t\t\t\t<p>V\u00e5r verksamhet bygger p\u00e5 att leverera toppmoderna produkter, tj\u00e4nster och utbildning till h\u00e4lso- och sjukv\u00e5rdssektorn. V\u00e5ra k\u00e4rnv\u00e4rden: Kvalitet, kunskap och innovation driver v\u00e5r organisation och garanterar att vi levererar produkter och tj\u00e4nster som uppfyller kundernas f\u00f6rv\u00e4ntningar.<\/p>\t\t\t\t\t\t\t\t<\/div>\n\t\t\t\t<\/div>\n\t\t\t\t<div class=\"elementor-element elementor-element-c3903cd elementor-widget elementor-widget-heading\" data-id=\"c3903cd\" data-element_type=\"widget\" data-e-type=\"widget\" data-widget_type=\"heading.default\">\n\t\t\t\t<div class=\"elementor-widget-container\">\n\t\t\t\t\t<h2 class=\"elementor-heading-title elementor-size-default\">Vision<\/h2>\t\t\t\t<\/div>\n\t\t\t\t<\/div>\n\t\t\t\t<div class=\"elementor-element elementor-element-a0e53fe elementor-widget elementor-widget-text-editor\" data-id=\"a0e53fe\" data-element_type=\"widget\" data-e-type=\"widget\" data-widget_type=\"text-editor.default\">\n\t\t\t\t<div class=\"elementor-widget-container\">\n\t\t\t\t\t\t\t\t\t<p>Vi ska positionera oss som kundernas f\u00f6redragna leverant\u00f6r av produkter, tj\u00e4nster och utbildning inom utvalda segment av sjukv\u00e5rdsindustrin. V\u00e5ra medarbetares engagemang och kunskap kommer att s\u00e4kerst\u00e4lla kundn\u00f6jdhet och utg\u00f6ra grunden f\u00f6r ytterligare tillv\u00e4xt.<\/p>\t\t\t\t\t\t\t\t<\/div>\n\t\t\t\t<\/div>\n\t\t\t\t\t<\/div>\n\t\t<\/div>\n\t\t\t\t\t<\/div>\n\t\t<\/section>\n\t\t\t\t<\/div>\n\t\t","protected":false},"excerpt":{"rendered":"<p>Om Secma Secma representerar exklusivt ett antal av v\u00e4rldens ledande tillverkare av medicintekniska produkter f\u00f6r sjukv\u00e5rdssektorn. Vi lagerf\u00f6r endast produkter som \u00e4r kliniskt godk\u00e4nda, anv\u00e4ndarv\u00e4nliga och av h\u00f6g kvalitet. Vi s\u00e4tter en \u00e4ra i att leverera v\u00e4rdeskapande r\u00e5dgivning till v\u00e5ra kunder f\u00f6r att uppn\u00e5 ett professionellt samarbete. Secma k\u00e4nnetecknas av kvalitet, kunskap och innovation, och [&hellip;]<\/p>\n","protected":false},"author":2,"featured_media":0,"parent":0,"menu_order":51,"comment_status":"closed","ping_status":"closed","template":"elementor_header_footer","meta":{"_acf_changed":false,"site-sidebar-layout":"no-sidebar","site-content-layout":"page-builder","ast-site-content-layout":"full-width-container","site-content-style":"unboxed","site-sidebar-style":"unboxed","ast-global-header-display":"","ast-banner-title-visibility":"","ast-main-header-display":"","ast-hfb-above-header-display":"","ast-hfb-below-header-display":"","ast-hfb-mobile-header-display":"","site-post-title":"disabled","ast-breadcrumbs-content":"","ast-featured-img":"disabled","footer-sml-layout":"","ast-disable-related-posts":"","theme-transparent-header-meta":"","adv-header-id-meta":"","stick-header-meta":"","header-above-stick-meta":"","header-main-stick-meta":"","header-below-stick-meta":"","astra-migrate-meta-layouts":"set","ast-page-background-enabled":"default","ast-page-background-meta":{"desktop":{"background-color":"var(--ast-global-color-4)","background-image":"","background-repeat":"repeat","background-position":"center center","background-size":"auto","background-attachment":"scroll","background-type":"","background-media":"","overlay-type":"","overlay-color":"","overlay-opacity":"","overlay-gradient":""},"tablet":{"background-color":"","background-image":"","background-repeat":"repeat","background-position":"center center","background-size":"auto","background-attachment":"scroll","background-type":"","background-media":"","overlay-type":"","overlay-color":"","overlay-opacity":"","overlay-gradient":""},"mobile":{"background-color":"","background-image":"","background-repeat":"repeat","background-position":"center center","background-size":"auto","background-attachment":"scroll","background-type":"","background-media":"","overlay-type":"","overlay-color":"","overlay-opacity":"","overlay-gradient":""}},"ast-content-background-meta":{"desktop":{"background-color":"var(--ast-global-color-5)","background-image":"","background-repeat":"repeat","background-position":"center center","background-size":"auto","background-attachment":"scroll","background-type":"","background-media":"","overlay-type":"","overlay-color":"","overlay-opacity":"","overlay-gradient":""},"tablet":{"background-color":"var(--ast-global-color-5)","background-image":"","background-repeat":"repeat","background-position":"center center","background-size":"auto","background-attachment":"scroll","background-type":"","background-media":"","overlay-type":"","overlay-color":"","overlay-opacity":"","overlay-gradient":""},"mobile":{"background-color":"var(--ast-global-color-5)","background-image":"","background-repeat":"repeat","background-position":"center center","background-size":"auto","background-attachment":"scroll","background-type":"","background-media":"","overlay-type":"","overlay-color":"","overlay-opacity":"","overlay-gradient":""}},"footnotes":""},"class_list":["post-15079","page","type-page","status-publish","hentry"],"acf":[],"yoast_head":"<!-- This site is optimized with the Yoast SEO plugin v27.2 - https:\/\/yoast.com\/product\/yoast-seo-wordpress\/ -->\n<title>Om Secma | Secma Medical Innovation<\/title>\n<meta name=\"description\" content=\"Secma \u00e4r exklusiv representant f\u00f6r en rad v\u00e4rldsledande tillverkare av medicintekniska produkter f\u00f6r h\u00e4lso- och sjukv\u00e5rdssektorn. Endast h\u00f6gkvalitativa produkter som \u00e4r kliniskt godk\u00e4nda och anv\u00e4ndarv\u00e4nliga.\" \/>\n<meta name=\"robots\" content=\"index, follow, max-snippet:-1, max-image-preview:large, max-video-preview:-1\" \/>\n<link rel=\"canonical\" href=\"https:\/\/secma.dk\/sv\/om-secma\/\" \/>\n<meta property=\"og:locale\" content=\"da_DK\" \/>\n<meta property=\"og:type\" content=\"article\" \/>\n<meta property=\"og:title\" content=\"Om Secma | Secma Medical Innovation\" \/>\n<meta property=\"og:description\" content=\"Secma \u00e4r exklusiv representant f\u00f6r en rad v\u00e4rldsledande tillverkare av medicintekniska produkter f\u00f6r h\u00e4lso- och sjukv\u00e5rdssektorn. Endast h\u00f6gkvalitativa produkter som \u00e4r kliniskt godk\u00e4nda och anv\u00e4ndarv\u00e4nliga.\" \/>\n<meta property=\"og:url\" content=\"https:\/\/secma.dk\/sv\/om-secma\/\" \/>\n<meta property=\"og:site_name\" content=\"Secma\" \/>\n<meta property=\"article:publisher\" content=\"https:\/\/www.facebook.com\/secmamedicalinnovation\" \/>\n<meta property=\"article:modified_time\" content=\"2025-11-27T22:36:21+00:00\" \/>\n<meta property=\"og:image\" content=\"https:\/\/secma.dk\/wp-content\/uploads\/2025\/08\/Secma-Logo-600x600-u-baggrund.png\" \/>\n\t<meta property=\"og:image:width\" content=\"600\" \/>\n\t<meta property=\"og:image:height\" content=\"600\" \/>\n\t<meta property=\"og:image:type\" content=\"image\/png\" \/>\n<meta name=\"twitter:card\" content=\"summary_large_image\" \/>\n<meta name=\"twitter:label1\" content=\"Estimeret l\u00e6setid\" \/>\n\t<meta name=\"twitter:data1\" content=\"1 minut\" \/>\n<script type=\"application\/ld+json\" class=\"yoast-schema-graph\">{\"@context\":\"https:\/\/schema.org\",\"@graph\":[{\"@type\":\"WebPage\",\"@id\":\"https:\/\/secma.dk\/sv\/om-secma\/\",\"url\":\"https:\/\/secma.dk\/sv\/om-secma\/\",\"name\":\"Om Secma | Secma Medical Innovation\",\"isPartOf\":{\"@id\":\"https:\/\/secma.dk\/sv\/#website\"},\"datePublished\":\"2023-02-10T12:57:02+00:00\",\"dateModified\":\"2025-11-27T22:36:21+00:00\",\"description\":\"Secma \u00e4r exklusiv representant f\u00f6r en rad v\u00e4rldsledande tillverkare av medicintekniska produkter f\u00f6r h\u00e4lso- och sjukv\u00e5rdssektorn. Endast h\u00f6gkvalitativa produkter som \u00e4r kliniskt godk\u00e4nda och anv\u00e4ndarv\u00e4nliga.\",\"breadcrumb\":{\"@id\":\"https:\/\/secma.dk\/sv\/om-secma\/#breadcrumb\"},\"inLanguage\":\"da-DK\",\"potentialAction\":[{\"@type\":\"ReadAction\",\"target\":[\"https:\/\/secma.dk\/sv\/om-secma\/\"]}]},{\"@type\":\"BreadcrumbList\",\"@id\":\"https:\/\/secma.dk\/sv\/om-secma\/#breadcrumb\",\"itemListElement\":[{\"@type\":\"ListItem\",\"position\":1,\"name\":\"Hjem\",\"item\":\"https:\/\/secma.dk\/sv\/\"},{\"@type\":\"ListItem\",\"position\":2,\"name\":\"Om Secma\"}]},{\"@type\":\"WebSite\",\"@id\":\"https:\/\/secma.dk\/sv\/#website\",\"url\":\"https:\/\/secma.dk\/sv\/\",\"name\":\"Secma\",\"description\":\"Web\",\"publisher\":{\"@id\":\"https:\/\/secma.dk\/sv\/#organization\"},\"potentialAction\":[{\"@type\":\"SearchAction\",\"target\":{\"@type\":\"EntryPoint\",\"urlTemplate\":\"https:\/\/secma.dk\/sv\/?s={search_term_string}\"},\"query-input\":{\"@type\":\"PropertyValueSpecification\",\"valueRequired\":true,\"valueName\":\"search_term_string\"}}],\"inLanguage\":\"da-DK\"},{\"@type\":\"Organization\",\"@id\":\"https:\/\/secma.dk\/sv\/#organization\",\"name\":\"Secma\",\"url\":\"https:\/\/secma.dk\/sv\/\",\"logo\":{\"@type\":\"ImageObject\",\"inLanguage\":\"da-DK\",\"@id\":\"https:\/\/secma.dk\/sv\/#\/schema\/logo\/image\/\",\"url\":\"https:\/\/secma.dk\/wp-content\/uploads\/2023\/01\/Secma-Logo-med-Payoff-1.png\",\"contentUrl\":\"https:\/\/secma.dk\/wp-content\/uploads\/2023\/01\/Secma-Logo-med-Payoff-1.png\",\"width\":1200,\"height\":388,\"caption\":\"Secma\"},\"image\":{\"@id\":\"https:\/\/secma.dk\/sv\/#\/schema\/logo\/image\/\"},\"sameAs\":[\"https:\/\/www.facebook.com\/secmamedicalinnovation\",\"https:\/\/www.linkedin.com\/company\/secma\/\"]}]}<\/script>\n<!-- \/ Yoast SEO plugin. -->","yoast_head_json":{"title":"Om Secma | Secma Medical Innovation","description":"Secma \u00e4r exklusiv representant f\u00f6r en rad v\u00e4rldsledande tillverkare av medicintekniska produkter f\u00f6r h\u00e4lso- och sjukv\u00e5rdssektorn. Endast h\u00f6gkvalitativa produkter som \u00e4r kliniskt godk\u00e4nda och anv\u00e4ndarv\u00e4nliga.","robots":{"index":"index","follow":"follow","max-snippet":"max-snippet:-1","max-image-preview":"max-image-preview:large","max-video-preview":"max-video-preview:-1"},"canonical":"https:\/\/secma.dk\/sv\/om-secma\/","og_locale":"da_DK","og_type":"article","og_title":"Om Secma | Secma Medical Innovation","og_description":"Secma \u00e4r exklusiv representant f\u00f6r en rad v\u00e4rldsledande tillverkare av medicintekniska produkter f\u00f6r h\u00e4lso- och sjukv\u00e5rdssektorn. Endast h\u00f6gkvalitativa produkter som \u00e4r kliniskt godk\u00e4nda och anv\u00e4ndarv\u00e4nliga.","og_url":"https:\/\/secma.dk\/sv\/om-secma\/","og_site_name":"Secma","article_publisher":"https:\/\/www.facebook.com\/secmamedicalinnovation","article_modified_time":"2025-11-27T22:36:21+00:00","og_image":[{"width":600,"height":600,"url":"https:\/\/secma.dk\/wp-content\/uploads\/2025\/08\/Secma-Logo-600x600-u-baggrund.png","type":"image\/png"}],"twitter_card":"summary_large_image","twitter_misc":{"Estimeret l\u00e6setid":"1 minut"},"schema":{"@context":"https:\/\/schema.org","@graph":[{"@type":"WebPage","@id":"https:\/\/secma.dk\/sv\/om-secma\/","url":"https:\/\/secma.dk\/sv\/om-secma\/","name":"Om Secma | Secma Medical Innovation","isPartOf":{"@id":"https:\/\/secma.dk\/sv\/#website"},"datePublished":"2023-02-10T12:57:02+00:00","dateModified":"2025-11-27T22:36:21+00:00","description":"Secma \u00e4r exklusiv representant f\u00f6r en rad v\u00e4rldsledande tillverkare av medicintekniska produkter f\u00f6r h\u00e4lso- och sjukv\u00e5rdssektorn. Endast h\u00f6gkvalitativa produkter som \u00e4r kliniskt godk\u00e4nda och anv\u00e4ndarv\u00e4nliga.","breadcrumb":{"@id":"https:\/\/secma.dk\/sv\/om-secma\/#breadcrumb"},"inLanguage":"da-DK","potentialAction":[{"@type":"ReadAction","target":["https:\/\/secma.dk\/sv\/om-secma\/"]}]},{"@type":"BreadcrumbList","@id":"https:\/\/secma.dk\/sv\/om-secma\/#breadcrumb","itemListElement":[{"@type":"ListItem","position":1,"name":"Hjem","item":"https:\/\/secma.dk\/sv\/"},{"@type":"ListItem","position":2,"name":"Om Secma"}]},{"@type":"WebSite","@id":"https:\/\/secma.dk\/sv\/#website","url":"https:\/\/secma.dk\/sv\/","name":"Secma","description":"Web","publisher":{"@id":"https:\/\/secma.dk\/sv\/#organization"},"potentialAction":[{"@type":"SearchAction","target":{"@type":"EntryPoint","urlTemplate":"https:\/\/secma.dk\/sv\/?s={search_term_string}"},"query-input":{"@type":"PropertyValueSpecification","valueRequired":true,"valueName":"search_term_string"}}],"inLanguage":"da-DK"},{"@type":"Organization","@id":"https:\/\/secma.dk\/sv\/#organization","name":"Secma","url":"https:\/\/secma.dk\/sv\/","logo":{"@type":"ImageObject","inLanguage":"da-DK","@id":"https:\/\/secma.dk\/sv\/#\/schema\/logo\/image\/","url":"https:\/\/secma.dk\/wp-content\/uploads\/2023\/01\/Secma-Logo-med-Payoff-1.png","contentUrl":"https:\/\/secma.dk\/wp-content\/uploads\/2023\/01\/Secma-Logo-med-Payoff-1.png","width":1200,"height":388,"caption":"Secma"},"image":{"@id":"https:\/\/secma.dk\/sv\/#\/schema\/logo\/image\/"},"sameAs":["https:\/\/www.facebook.com\/secmamedicalinnovation","https:\/\/www.linkedin.com\/company\/secma\/"]}]}},"_links":{"self":[{"href":"https:\/\/secma.dk\/sv\/wp-json\/wp\/v2\/pages\/15079","targetHints":{"allow":["GET"]}}],"collection":[{"href":"https:\/\/secma.dk\/sv\/wp-json\/wp\/v2\/pages"}],"about":[{"href":"https:\/\/secma.dk\/sv\/wp-json\/wp\/v2\/types\/page"}],"author":[{"embeddable":true,"href":"https:\/\/secma.dk\/sv\/wp-json\/wp\/v2\/users\/2"}],"replies":[{"embeddable":true,"href":"https:\/\/secma.dk\/sv\/wp-json\/wp\/v2\/comments?post=15079"}],"version-history":[{"count":5,"href":"https:\/\/secma.dk\/sv\/wp-json\/wp\/v2\/pages\/15079\/revisions"}],"predecessor-version":[{"id":17284,"href":"https:\/\/secma.dk\/sv\/wp-json\/wp\/v2\/pages\/15079\/revisions\/17284"}],"wp:attachment":[{"href":"https:\/\/secma.dk\/sv\/wp-json\/wp\/v2\/media?parent=15079"}],"curies":[{"name":"wp","href":"https:\/\/api.w.org\/{rel}","templated":true}]}}