{"id":15069,"date":"2023-02-24T14:40:56","date_gmt":"2023-02-24T13:40:56","guid":{"rendered":"https:\/\/secma.dk\/salgs-og-leveringsbetingelser\/"},"modified":"2025-12-03T13:38:11","modified_gmt":"2025-12-03T12:38:11","slug":"forsaljnings-och-leveransvillkor","status":"publish","type":"page","link":"https:\/\/secma.dk\/sv\/forsaljnings-och-leveransvillkor\/","title":{"rendered":"F\u00f6rs\u00e4ljnings- och leveransvillkor"},"content":{"rendered":"\t\t<div data-elementor-type=\"wp-page\" data-elementor-id=\"15069\" class=\"elementor elementor-15069 elementor-726\" data-elementor-post-type=\"page\">\n\t\t\t\t\t\t<section class=\"elementor-section elementor-top-section elementor-element elementor-element-4bf256d elementor-section-boxed elementor-section-height-default elementor-section-height-default\" data-id=\"4bf256d\" data-element_type=\"section\" data-e-type=\"section\" data-settings=\"{&quot;background_background&quot;:&quot;classic&quot;}\">\n\t\t\t\t\t\t<div class=\"elementor-container elementor-column-gap-default\">\n\t\t\t\t\t<div class=\"elementor-column elementor-col-100 elementor-top-column elementor-element elementor-element-b37fa73\" data-id=\"b37fa73\" data-element_type=\"column\" data-e-type=\"column\">\n\t\t\t<div class=\"elementor-widget-wrap elementor-element-populated\">\n\t\t\t\t\t\t<div class=\"elementor-element elementor-element-4e5de36 elementor-widget elementor-widget-heading\" data-id=\"4e5de36\" data-element_type=\"widget\" data-e-type=\"widget\" data-widget_type=\"heading.default\">\n\t\t\t\t<div class=\"elementor-widget-container\">\n\t\t\t\t\t<h1 class=\"elementor-heading-title elementor-size-default\">F\u00f6rs\u00e4ljnings- och leveransvillkor\n<\/h1>\t\t\t\t<\/div>\n\t\t\t\t<\/div>\n\t\t\t\t<div class=\"elementor-element elementor-element-c483dc7 elementor-widget__width-initial elementor-widget elementor-widget-text-editor\" data-id=\"c483dc7\" data-element_type=\"widget\" data-e-type=\"widget\" data-widget_type=\"text-editor.default\">\n\t\t\t\t<div class=\"elementor-widget-container\">\n\t\t\t\t\t\t\t\t\t<p><a href=\"http:\/\/secma.dk\/wp-content\/uploads\/2023\/02\/201606-A4-Salgs-og-leveringsbestemmelser-DK.pdf\">Ladda ner eller se Secmas allm\u00e4nna villkor i utskriftsv\u00e4nligt format<\/a><\/p>\t\t\t\t\t\t\t\t<\/div>\n\t\t\t\t<\/div>\n\t\t\t\t\t<\/div>\n\t\t<\/div>\n\t\t\t\t\t<\/div>\n\t\t<\/section>\n\t\t\t\t<section class=\"elementor-section elementor-top-section elementor-element elementor-element-5680318 elementor-section-boxed elementor-section-height-default elementor-section-height-default\" data-id=\"5680318\" data-element_type=\"section\" data-e-type=\"section\" data-settings=\"{&quot;background_background&quot;:&quot;classic&quot;}\">\n\t\t\t\t\t\t<div class=\"elementor-container elementor-column-gap-default\">\n\t\t\t\t\t<div class=\"elementor-column elementor-col-100 elementor-top-column elementor-element elementor-element-90286d2\" data-id=\"90286d2\" data-element_type=\"column\" data-e-type=\"column\">\n\t\t\t<div class=\"elementor-widget-wrap elementor-element-populated\">\n\t\t\t\t\t\t<div class=\"elementor-element elementor-element-4fe0736 elementor-widget elementor-widget-text-editor\" data-id=\"4fe0736\" data-element_type=\"widget\" data-e-type=\"widget\" data-widget_type=\"text-editor.default\">\n\t\t\t\t<div class=\"elementor-widget-container\">\n\t\t\t\t\t\t\t\t\t<h2><strong>F\u00f6rs\u00e4ljnings- och leveransvillkor f\u00f6r Secma ApS (nedan kallad s\u00e4ljaren)<\/strong><\/h2><h4><b>1. TILL\u00c4MPNING AV F\u00d6RS\u00c4LJNINGS- OCH LEVERANSVILLKOR<\/b><\/h4><p><b><\/b>1.1 F\u00f6ljande villkor g\u00e4ller f\u00f6r samtliga offerter, orderbekr\u00e4ftelser, f\u00f6rs\u00e4ljningar och leveranser fr\u00e5n S\u00e4ljaren, s\u00e5vida inte annat skriftligen \u00f6verenskommits mellan parterna.<\/p><p><b>2. PRODUKTINFORMATION, PRISLISTOR M.M.<\/b><br><b><br><\/b>2.1 Information i broschyrer, prislistor och annan produktinformation fr\u00e5n S\u00e4ljaren \u00e4r endast bindande f\u00f6r S\u00e4ljaren i den utstr\u00e4ckning som avtalet med K\u00f6paren uttryckligen h\u00e4nvisar till s\u00e5dan information.<\/p><p>2.2 Teknisk dokumentation som S\u00e4ljaren tillhandah\u00e5ller K\u00f6paren f\u00e5r endast anv\u00e4ndas i samband med de av S\u00e4ljaren levererade produkterna och f\u00e5r inte kopieras av K\u00f6paren, reproduceras, \u00f6verl\u00e4mnas till eller p\u00e5 annat s\u00e4tt r\u00f6jas f\u00f6r obeh\u00f6rig tredje man.<\/p><h4><b>3. PRISER OCH LEVERANSKLAUSUL<\/b><\/h4><p><b><\/b>3.1 Om inte annat anges \u00e4r alla priser i S\u00e4ljarens erbjudanden, orderbekr\u00e4ftelser och andra h\u00e4nvisningar i danska kronor exklusive moms, tullavgifter, skatter etc. Om inte annat anges i n\u00e4mnda material f\u00f6rbeh\u00e5ller sig S\u00e4ljaren r\u00e4tten att fram till leveranstidpunkten g\u00f6ra pris\u00e4ndringar till f\u00f6ljd av f\u00f6r\u00e4ndringar i valutakurser, tullavgifter, produktionsmaterial eller skatter som p\u00e5verkar S\u00e4ljarens ink\u00f6pspriser.<\/p><p>3.2 De av S\u00e4ljaren offererade priserna f\u00f6r utrustningen inkluderar kostnader f\u00f6r sedvanligt emballage och kostnader f\u00f6r att s\u00e4kra produkterna under transport, men exkluderar kostnader f\u00f6r transport och installation av produkterna hos K\u00f6paren. Om inte annat skriftligen avtalats anses produkterna levererade fritt fabrik inklusive transportf\u00f6rs\u00e4kring. <\/p><h4><b>4. SISTA DAG F\u00d6R ACCEPT AV ANBUD<\/b><\/h4><p><b><br><\/b>4.1 Om s\u00e4ljaren l\u00e4mnar ett anbud som inte inneh\u00e5ller n\u00e5gon acceptfrist, f\u00f6rfaller anbudet om det inte har accepterats av k\u00f6paren inom 7 dagar fr\u00e5n dagen f\u00f6r anbudet.<\/p><h4><b>5. LEVERANS<\/b><\/h4><p><b><br><\/b>5.1 Om inte annat anges skriftligen i S\u00e4ljarens offert eller orderbekr\u00e4ftelse eller i parternas avtal, \u00e4r angiven leveranstid ber\u00e4knad efter S\u00e4ljarens b\u00e4sta bed\u00f6mning. Leverans skall anses ha skett i r\u00e4tt tid om den sker inom 2 veckor fr\u00e5n angiven tidpunkt. Om denna tid \u00f6verskrids f\u00e5r k\u00f6paren genom skriftligt meddelande till s\u00e4ljaren kr\u00e4va leverans och ange en sk\u00e4lig tidsfrist, som inte f\u00e5r vara kortare \u00e4n tv\u00e5 veckor. Om s\u00e4ljaren inte levererar inom denna f\u00f6rl\u00e4ngda tid och detta inte beror p\u00e5 omst\u00e4ndighet som k\u00f6paren svarar f\u00f6r, f\u00e5r k\u00f6paren genom skriftligt meddelande till s\u00e4ljaren h\u00e4va avtalet s\u00e5vitt avser den del av leveransen som inte har levererats. K\u00f6paren kan inte heller framst\u00e4lla anspr\u00e5k mot s\u00e4ljaren p\u00e5 grund av dr\u00f6jsm\u00e5l.    <\/p><p>5.2 I h\u00e4ndelse av strejk, lockout, importrestriktioner eller annan force majeure eller force majeure-liknande situation skall S\u00e4ljarens leveranstid skjutas upp under en tid som motsvarar det aktuella hindrets varaktighet. Om hindret inneb\u00e4r att en leverans endast kan avhj\u00e4lpas till oproportionerligt h\u00f6ga kostnader, f\u00f6rbeh\u00e5ller sig S\u00e4ljaren r\u00e4tten att h\u00e4va avtalet. <\/p><p>5.3 I de fall force majeure har f\u00f6rhindrat leverans i mer \u00e4n 4 m\u00e5nader &#8211; r\u00e4knat fr\u00e5n den av s\u00e4ljaren angivna leveranstidpunkten &#8211; har b\u00e5da parter r\u00e4tt att h\u00e4va k\u00f6pet. K\u00f6paren kan inte g\u00f6ra anspr\u00e5k p\u00e5 n\u00e5gon ers\u00e4ttning f\u00f6r direkt eller indirekt skada till f\u00f6ljd av detta. <\/p><h4><b>6. INSTALLATION<\/b><\/h4><p><b><br><\/b>6.1 K\u00f6paren ansvarar f\u00f6r all installation av utrustningen, inklusive att n\u00f6dv\u00e4ndiga installationer finns hos k\u00f6paren.<\/p><h4><b>7. BETALNINGSVILLKOR<\/b><\/h4><p><b><br><\/b>7.1 Om inte annat skriftligen avtalats skall S\u00e4ljarens fakturor betalas inom 15 dagar fr\u00e5n fakturadatum.<\/p><p>7.2 Vid betalning efter f\u00f6rfallodagen kommer S\u00e4ljaren att ber\u00e4kna dr\u00f6jsm\u00e5lsr\u00e4nta i enlighet med den danska r\u00e4ntelagen. Vidare har S\u00e4ljaren r\u00e4tt att ta ut en p\u00e5minnelseavgift i enlighet med r\u00e4ntelagen. <\/p><p>7.3 Betalning med frig\u00f6rande verkan kan endast ske till det konto som S\u00e4ljaren angivit.<\/p><p>7.4 K\u00f6paren har inte r\u00e4tt att kvitta mot motfordringar som inte skriftligen erk\u00e4nts av S\u00e4ljaren och har inte r\u00e4tt att h\u00e5lla inne n\u00e5gon del av k\u00f6peskillingen p\u00e5 grund av s\u00e5dana motfordringar.<\/p><p>7.5 Om k\u00f6paren \u00e4r i dr\u00f6jsm\u00e5l med betalningar till s\u00e4ljaren, inklusive betalningar enligt andra avtal, f\u00f6rbeh\u00e5ller sig s\u00e4ljaren r\u00e4tten att h\u00e5lla inne leveranserna till dess att dr\u00f6jsm\u00e5len har betalats.<\/p><h4><b>8. BEH\u00c5LLANDE AV \u00c4GANDER\u00c4TT<\/b><\/h4><p><b><br><\/b>8.1 S\u00e4ljaren f\u00f6rbeh\u00e5ller sig \u00e4gander\u00e4tten till de s\u00e5lda varorna till dess att hela k\u00f6peskillingen j\u00e4mte r\u00e4nta och eventuella kostnader har betalats. K\u00f6paren \u00e4r inte beh\u00f6rig att g\u00f6ra n\u00e5gra transaktioner som minskar S\u00e4ljarens \u00e4gander\u00e4ttsf\u00f6rbeh\u00e5ll, inklusive i form av \u00e5terf\u00f6rs\u00e4ljning, uthyrning eller bortforsling av utrustningen innan hela k\u00f6peskillingen plus r\u00e4nta och eventuella kostnader har betalats. <\/p><h4><b>9. S\u00c4LJARENS ANSVAR F\u00d6R FEL<\/b><\/h4><p><b><br><\/b>9.1 K\u00f6paren skall noggrant unders\u00f6ka och prova Produkterna vid mottagandet. Fel som uppt\u00e4cks eller borde ha uppt\u00e4ckts vid denna unders\u00f6kning ska skriftligen anm\u00e4las till S\u00e4ljaren omedelbart och senast 7 dagar efter mottagandet av produkterna. K\u00f6paren kan under inga omst\u00e4ndigheter g\u00f6ra g\u00e4llande fel mot S\u00e4ljaren senare \u00e4n 1 \u00e5r fr\u00e5n leverans av varorna.  <\/p><p>9.2 Avhj\u00e4lpande av fel skall enligt s\u00e4ljarens val ske genom avhj\u00e4lpande eller omleverans p\u00e5 ursprunglig avtalad leveransplats. Det \u00e4r d\u00e4rvid k\u00f6parens ansvar att avhj\u00e4lpande kan ske p\u00e5 den ursprungliga leveransplatsen, om inte annat avtalats mellan parterna. S\u00e4ljaren har dock r\u00e4tt att l\u00e5ta avhj\u00e4lpa fel hos s\u00e4ljaren eller hos av s\u00e4ljaren auktoriserad reparat\u00f6r. Om avhj\u00e4lpande av fel skulle medf\u00f6ra oproportionerligt h\u00f6ga kostnader har s\u00e4ljaren i st\u00e4llet r\u00e4tt att g\u00f6ra ett proportionerligt avdrag p\u00e5 k\u00f6peskillingen motsvarande utrustningens v\u00e4rdeminskning.   <\/p><p>9.3 Ut\u00f6ver vad som anges i denna punkt 9 kan k\u00f6paren inte rikta anspr\u00e5k mot s\u00e4ljaren i anledning av fel i utrustningen, oavsett om k\u00f6parens f\u00f6rluster eller kostnader direkt eller indirekt orsakats av fel i utrustningen.<\/p><h4><b>10. PRODUKTANSVAR ETC.<\/b><\/h4><p><b><br><\/b>10.1 S\u00e4ljaren ansvarar f\u00f6r person- och sakskada till f\u00f6ljd av fel eller brister i levererade produkter (produktansvar) endast i den m\u00e5n ansvaret f\u00f6ljer av tvingande lagbest\u00e4mmelser. S\u00e4ljaren ansvarar inte f\u00f6r skada p\u00e5 k\u00f6parens egendom eller annan egendom som \u00e4r avsedd f\u00f6r kommersiellt bruk (kommersiell egendomsskada). S\u00e4ljaren ansvarar inte f\u00f6r k\u00f6parens eller tredje mans f\u00f6rlust av data eller information till f\u00f6ljd av fel i levererade produkter eller f\u00f6rlust till f\u00f6ljd av att data eller resultat som visas av produkterna \u00e4r vilseledande eller otillr\u00e4ckliga till f\u00f6ljd av fel i produkterna.  <\/p><h4><b>11. ANSVARSFRISKRIVNING OCH ALLM\u00c4N ANSVARSBEGR\u00c4NSNING<\/b><\/h4><p><b><br><\/b>11.1 S\u00e4ljaren skall anses vara befriad fr\u00e5n varje f\u00f6rpliktelse gentemot k\u00f6paren till f\u00f6ljd av omst\u00e4ndigheter som f\u00f6rhindrar avtalets fullg\u00f6rande eller g\u00f6r fullg\u00f6randet orimligt betungande, innefattande arbetskonflikt och varje annan omst\u00e4ndighet utanf\u00f6r parternas kontroll, s\u00e5som eldsv\u00e5da, krig, mobilisering eller milit\u00e4rinkallelser av motsvarande omfattning, rekvisition, beslag, valutarestriktioner, upplopp och oroligheter, brist p\u00e5 transportmedel, allm\u00e4n varuknapphet, restriktioner av drivkraft samt fel i eller f\u00f6rsening av leveranser fr\u00e5n underleverant\u00f6rer p\u00e5 grund av n\u00e5gon av de omst\u00e4ndigheter som anges i denna punkt.<\/p><p>11.2 S\u00e4ljaren kan under inga omst\u00e4ndigheter h\u00e5llas ansvarig f\u00f6r driftf\u00f6rluster, utebliven vinst eller andra indirekta f\u00f6rluster eller f\u00f6ljdf\u00f6rluster. S\u00e4ljarens ansvar kan aldrig \u00f6verstiga ink\u00f6pspriset f\u00f6r den produkt som K\u00f6parens krav grundar sig p\u00e5. <\/p><h4><b>12. JURISDIKTION OCH LAGVAL<\/b><\/h4><p><b><br><\/b>12.1 Tvist mellan S\u00e4ljaren och K\u00f6paren skall avg\u00f6ras enligt dansk lag p\u00e5 den ort d\u00e4r S\u00e4ljaren har sitt s\u00e4te.<\/p>\t\t\t\t\t\t\t\t<\/div>\n\t\t\t\t<\/div>\n\t\t\t\t\t<\/div>\n\t\t<\/div>\n\t\t\t\t\t<\/div>\n\t\t<\/section>\n\t\t\t\t<\/div>\n\t\t","protected":false},"excerpt":{"rendered":"<p>F\u00f6rs\u00e4ljnings- och leveransvillkor Ladda ner eller se Secmas allm\u00e4nna villkor i utskriftsv\u00e4nligt format F\u00f6rs\u00e4ljnings- och leveransvillkor f\u00f6r Secma ApS (nedan kallad s\u00e4ljaren) 1. TILL\u00c4MPNING AV F\u00d6RS\u00c4LJNINGS- OCH LEVERANSVILLKOR 1.1 F\u00f6ljande villkor g\u00e4ller f\u00f6r samtliga offerter, orderbekr\u00e4ftelser, f\u00f6rs\u00e4ljningar och leveranser fr\u00e5n S\u00e4ljaren, s\u00e5vida inte annat skriftligen \u00f6verenskommits mellan parterna. 2. PRODUKTINFORMATION, PRISLISTOR M.M. 2.1 Information i [&hellip;]<\/p>\n","protected":false},"author":2,"featured_media":0,"parent":0,"menu_order":48,"comment_status":"closed","ping_status":"closed","template":"","meta":{"_acf_changed":false,"site-sidebar-layout":"no-sidebar","site-content-layout":"page-builder","ast-site-content-layout":"full-width-container","site-content-style":"unboxed","site-sidebar-style":"unboxed","ast-global-header-display":"","ast-banner-title-visibility":"","ast-main-header-display":"","ast-hfb-above-header-display":"","ast-hfb-below-header-display":"","ast-hfb-mobile-header-display":"","site-post-title":"disabled","ast-breadcrumbs-content":"","ast-featured-img":"disabled","footer-sml-layout":"","ast-disable-related-posts":"","theme-transparent-header-meta":"default","adv-header-id-meta":"","stick-header-meta":"","header-above-stick-meta":"","header-main-stick-meta":"","header-below-stick-meta":"","astra-migrate-meta-layouts":"set","ast-page-background-enabled":"default","ast-page-background-meta":{"desktop":{"background-color":"var(--ast-global-color-4)","background-image":"","background-repeat":"repeat","background-position":"center center","background-size":"auto","background-attachment":"scroll","background-type":"","background-media":"","overlay-type":"","overlay-color":"","overlay-opacity":"","overlay-gradient":""},"tablet":{"background-color":"","background-image":"","background-repeat":"repeat","background-position":"center center","background-size":"auto","background-attachment":"scroll","background-type":"","background-media":"","overlay-type":"","overlay-color":"","overlay-opacity":"","overlay-gradient":""},"mobile":{"background-color":"","background-image":"","background-repeat":"repeat","background-position":"center center","background-size":"auto","background-attachment":"scroll","background-type":"","background-media":"","overlay-type":"","overlay-color":"","overlay-opacity":"","overlay-gradient":""}},"ast-content-background-meta":{"desktop":{"background-color":"var(--ast-global-color-5)","background-image":"","background-repeat":"repeat","background-position":"center center","background-size":"auto","background-attachment":"scroll","background-type":"","background-media":"","overlay-type":"","overlay-color":"","overlay-opacity":"","overlay-gradient":""},"tablet":{"background-color":"var(--ast-global-color-5)","background-image":"","background-repeat":"repeat","background-position":"center center","background-size":"auto","background-attachment":"scroll","background-type":"","background-media":"","overlay-type":"","overlay-color":"","overlay-opacity":"","overlay-gradient":""},"mobile":{"background-color":"var(--ast-global-color-5)","background-image":"","background-repeat":"repeat","background-position":"center center","background-size":"auto","background-attachment":"scroll","background-type":"","background-media":"","overlay-type":"","overlay-color":"","overlay-opacity":"","overlay-gradient":""}},"footnotes":""},"class_list":["post-15069","page","type-page","status-publish","hentry"],"acf":[],"yoast_head":"<!-- This site is optimized with the Yoast SEO plugin v27.5 - https:\/\/yoast.com\/product\/yoast-seo-wordpress\/ -->\n<title>F\u00f6rs\u00e4ljnings- och leveransvillkor %| %sitename%% Medical Innovation<\/title>\n<meta name=\"description\" content=\"H\u00e4r hittar du f\u00f6rs\u00e4ljnings- och leveransvillkor f\u00f6r oss p\u00e5 Secma Medical Innovation. Om du har n\u00e5gra fr\u00e5gor \u00e4r du v\u00e4lkommen att kontakta oss.\" \/>\n<meta name=\"robots\" content=\"index, follow, max-snippet:-1, max-image-preview:large, max-video-preview:-1\" \/>\n<link rel=\"canonical\" href=\"https:\/\/secma.dk\/sv\/forsaljnings-och-leveransvillkor\/\" \/>\n<meta property=\"og:locale\" content=\"da_DK\" \/>\n<meta property=\"og:type\" content=\"article\" \/>\n<meta property=\"og:title\" content=\"F\u00f6rs\u00e4ljnings- och leveransvillkor %| %sitename%% Medical Innovation\" \/>\n<meta property=\"og:description\" content=\"H\u00e4r hittar du f\u00f6rs\u00e4ljnings- och leveransvillkor f\u00f6r oss p\u00e5 Secma Medical Innovation. Om du har n\u00e5gra fr\u00e5gor \u00e4r du v\u00e4lkommen att kontakta oss.\" \/>\n<meta property=\"og:url\" content=\"https:\/\/secma.dk\/sv\/forsaljnings-och-leveransvillkor\/\" \/>\n<meta property=\"og:site_name\" content=\"Secma\" \/>\n<meta property=\"article:publisher\" content=\"https:\/\/www.facebook.com\/secmamedicalinnovation\" \/>\n<meta property=\"article:modified_time\" content=\"2025-12-03T12:38:11+00:00\" \/>\n<meta property=\"og:image\" content=\"https:\/\/secma.dk\/wp-content\/uploads\/2025\/08\/Secma-Logo-600x600-u-baggrund.png\" \/>\n\t<meta property=\"og:image:width\" content=\"600\" \/>\n\t<meta property=\"og:image:height\" content=\"600\" \/>\n\t<meta property=\"og:image:type\" content=\"image\/png\" \/>\n<meta name=\"twitter:card\" content=\"summary_large_image\" \/>\n<meta name=\"twitter:label1\" content=\"Estimeret l\u00e6setid\" \/>\n\t<meta name=\"twitter:data1\" content=\"6 minutter\" \/>\n<script type=\"application\/ld+json\" class=\"yoast-schema-graph\">{\"@context\":\"https:\\\/\\\/schema.org\",\"@graph\":[{\"@type\":\"WebPage\",\"@id\":\"https:\\\/\\\/secma.dk\\\/sv\\\/forsaljnings-och-leveransvillkor\\\/\",\"url\":\"https:\\\/\\\/secma.dk\\\/sv\\\/forsaljnings-och-leveransvillkor\\\/\",\"name\":\"F\u00f6rs\u00e4ljnings- och leveransvillkor %| %sitename%% Medical Innovation\",\"isPartOf\":{\"@id\":\"https:\\\/\\\/secma.dk\\\/sv\\\/#website\"},\"datePublished\":\"2023-02-24T13:40:56+00:00\",\"dateModified\":\"2025-12-03T12:38:11+00:00\",\"description\":\"H\u00e4r hittar du f\u00f6rs\u00e4ljnings- och leveransvillkor f\u00f6r oss p\u00e5 Secma Medical Innovation. Om du har n\u00e5gra fr\u00e5gor \u00e4r du v\u00e4lkommen att kontakta oss.\",\"breadcrumb\":{\"@id\":\"https:\\\/\\\/secma.dk\\\/sv\\\/forsaljnings-och-leveransvillkor\\\/#breadcrumb\"},\"inLanguage\":\"da-DK\",\"potentialAction\":[{\"@type\":\"ReadAction\",\"target\":[\"https:\\\/\\\/secma.dk\\\/sv\\\/forsaljnings-och-leveransvillkor\\\/\"]}]},{\"@type\":\"BreadcrumbList\",\"@id\":\"https:\\\/\\\/secma.dk\\\/sv\\\/forsaljnings-och-leveransvillkor\\\/#breadcrumb\",\"itemListElement\":[{\"@type\":\"ListItem\",\"position\":1,\"name\":\"Hjem\",\"item\":\"https:\\\/\\\/secma.dk\\\/sv\\\/\"},{\"@type\":\"ListItem\",\"position\":2,\"name\":\"F\u00f6rs\u00e4ljnings- och leveransvillkor\"}]},{\"@type\":\"WebSite\",\"@id\":\"https:\\\/\\\/secma.dk\\\/sv\\\/#website\",\"url\":\"https:\\\/\\\/secma.dk\\\/sv\\\/\",\"name\":\"Secma\",\"description\":\"Web\",\"publisher\":{\"@id\":\"https:\\\/\\\/secma.dk\\\/sv\\\/#organization\"},\"potentialAction\":[{\"@type\":\"SearchAction\",\"target\":{\"@type\":\"EntryPoint\",\"urlTemplate\":\"https:\\\/\\\/secma.dk\\\/sv\\\/?s={search_term_string}\"},\"query-input\":{\"@type\":\"PropertyValueSpecification\",\"valueRequired\":true,\"valueName\":\"search_term_string\"}}],\"inLanguage\":\"da-DK\"},{\"@type\":\"Organization\",\"@id\":\"https:\\\/\\\/secma.dk\\\/sv\\\/#organization\",\"name\":\"Secma\",\"url\":\"https:\\\/\\\/secma.dk\\\/sv\\\/\",\"logo\":{\"@type\":\"ImageObject\",\"inLanguage\":\"da-DK\",\"@id\":\"https:\\\/\\\/secma.dk\\\/sv\\\/#\\\/schema\\\/logo\\\/image\\\/\",\"url\":\"https:\\\/\\\/secma.dk\\\/wp-content\\\/uploads\\\/2023\\\/01\\\/Secma-Logo-med-Payoff-1.png\",\"contentUrl\":\"https:\\\/\\\/secma.dk\\\/wp-content\\\/uploads\\\/2023\\\/01\\\/Secma-Logo-med-Payoff-1.png\",\"width\":1200,\"height\":388,\"caption\":\"Secma\"},\"image\":{\"@id\":\"https:\\\/\\\/secma.dk\\\/sv\\\/#\\\/schema\\\/logo\\\/image\\\/\"},\"sameAs\":[\"https:\\\/\\\/www.facebook.com\\\/secmamedicalinnovation\",\"https:\\\/\\\/www.linkedin.com\\\/company\\\/secma\\\/\"]}]}<\/script>\n<!-- \/ Yoast SEO plugin. -->","yoast_head_json":{"title":"F\u00f6rs\u00e4ljnings- och leveransvillkor %| %sitename%% Medical Innovation","description":"H\u00e4r hittar du f\u00f6rs\u00e4ljnings- och leveransvillkor f\u00f6r oss p\u00e5 Secma Medical Innovation. Om du har n\u00e5gra fr\u00e5gor \u00e4r du v\u00e4lkommen att kontakta oss.","robots":{"index":"index","follow":"follow","max-snippet":"max-snippet:-1","max-image-preview":"max-image-preview:large","max-video-preview":"max-video-preview:-1"},"canonical":"https:\/\/secma.dk\/sv\/forsaljnings-och-leveransvillkor\/","og_locale":"da_DK","og_type":"article","og_title":"F\u00f6rs\u00e4ljnings- och leveransvillkor %| %sitename%% Medical Innovation","og_description":"H\u00e4r hittar du f\u00f6rs\u00e4ljnings- och leveransvillkor f\u00f6r oss p\u00e5 Secma Medical Innovation. Om du har n\u00e5gra fr\u00e5gor \u00e4r du v\u00e4lkommen att kontakta oss.","og_url":"https:\/\/secma.dk\/sv\/forsaljnings-och-leveransvillkor\/","og_site_name":"Secma","article_publisher":"https:\/\/www.facebook.com\/secmamedicalinnovation","article_modified_time":"2025-12-03T12:38:11+00:00","og_image":[{"width":600,"height":600,"url":"https:\/\/secma.dk\/wp-content\/uploads\/2025\/08\/Secma-Logo-600x600-u-baggrund.png","type":"image\/png"}],"twitter_card":"summary_large_image","twitter_misc":{"Estimeret l\u00e6setid":"6 minutter"},"schema":{"@context":"https:\/\/schema.org","@graph":[{"@type":"WebPage","@id":"https:\/\/secma.dk\/sv\/forsaljnings-och-leveransvillkor\/","url":"https:\/\/secma.dk\/sv\/forsaljnings-och-leveransvillkor\/","name":"F\u00f6rs\u00e4ljnings- och leveransvillkor %| %sitename%% Medical Innovation","isPartOf":{"@id":"https:\/\/secma.dk\/sv\/#website"},"datePublished":"2023-02-24T13:40:56+00:00","dateModified":"2025-12-03T12:38:11+00:00","description":"H\u00e4r hittar du f\u00f6rs\u00e4ljnings- och leveransvillkor f\u00f6r oss p\u00e5 Secma Medical Innovation. Om du har n\u00e5gra fr\u00e5gor \u00e4r du v\u00e4lkommen att kontakta oss.","breadcrumb":{"@id":"https:\/\/secma.dk\/sv\/forsaljnings-och-leveransvillkor\/#breadcrumb"},"inLanguage":"da-DK","potentialAction":[{"@type":"ReadAction","target":["https:\/\/secma.dk\/sv\/forsaljnings-och-leveransvillkor\/"]}]},{"@type":"BreadcrumbList","@id":"https:\/\/secma.dk\/sv\/forsaljnings-och-leveransvillkor\/#breadcrumb","itemListElement":[{"@type":"ListItem","position":1,"name":"Hjem","item":"https:\/\/secma.dk\/sv\/"},{"@type":"ListItem","position":2,"name":"F\u00f6rs\u00e4ljnings- och leveransvillkor"}]},{"@type":"WebSite","@id":"https:\/\/secma.dk\/sv\/#website","url":"https:\/\/secma.dk\/sv\/","name":"Secma","description":"Web","publisher":{"@id":"https:\/\/secma.dk\/sv\/#organization"},"potentialAction":[{"@type":"SearchAction","target":{"@type":"EntryPoint","urlTemplate":"https:\/\/secma.dk\/sv\/?s={search_term_string}"},"query-input":{"@type":"PropertyValueSpecification","valueRequired":true,"valueName":"search_term_string"}}],"inLanguage":"da-DK"},{"@type":"Organization","@id":"https:\/\/secma.dk\/sv\/#organization","name":"Secma","url":"https:\/\/secma.dk\/sv\/","logo":{"@type":"ImageObject","inLanguage":"da-DK","@id":"https:\/\/secma.dk\/sv\/#\/schema\/logo\/image\/","url":"https:\/\/secma.dk\/wp-content\/uploads\/2023\/01\/Secma-Logo-med-Payoff-1.png","contentUrl":"https:\/\/secma.dk\/wp-content\/uploads\/2023\/01\/Secma-Logo-med-Payoff-1.png","width":1200,"height":388,"caption":"Secma"},"image":{"@id":"https:\/\/secma.dk\/sv\/#\/schema\/logo\/image\/"},"sameAs":["https:\/\/www.facebook.com\/secmamedicalinnovation","https:\/\/www.linkedin.com\/company\/secma\/"]}]}},"_links":{"self":[{"href":"https:\/\/secma.dk\/sv\/wp-json\/wp\/v2\/pages\/15069","targetHints":{"allow":["GET"]}}],"collection":[{"href":"https:\/\/secma.dk\/sv\/wp-json\/wp\/v2\/pages"}],"about":[{"href":"https:\/\/secma.dk\/sv\/wp-json\/wp\/v2\/types\/page"}],"author":[{"embeddable":true,"href":"https:\/\/secma.dk\/sv\/wp-json\/wp\/v2\/users\/2"}],"replies":[{"embeddable":true,"href":"https:\/\/secma.dk\/sv\/wp-json\/wp\/v2\/comments?post=15069"}],"version-history":[{"count":5,"href":"https:\/\/secma.dk\/sv\/wp-json\/wp\/v2\/pages\/15069\/revisions"}],"predecessor-version":[{"id":19045,"href":"https:\/\/secma.dk\/sv\/wp-json\/wp\/v2\/pages\/15069\/revisions\/19045"}],"wp:attachment":[{"href":"https:\/\/secma.dk\/sv\/wp-json\/wp\/v2\/media?parent=15069"}],"curies":[{"name":"wp","href":"https:\/\/api.w.org\/{rel}","templated":true}]}}