{"id":15066,"date":"2023-02-24T14:43:02","date_gmt":"2023-02-24T13:43:02","guid":{"rendered":"https:\/\/secma.dk\/gdpr-policy\/"},"modified":"2025-12-12T14:30:59","modified_gmt":"2025-12-12T13:30:59","slug":"policies","status":"publish","type":"page","link":"https:\/\/secma.dk\/sv\/policies\/","title":{"rendered":"Policies"},"content":{"rendered":"\t\t<div data-elementor-type=\"wp-page\" data-elementor-id=\"15066\" class=\"elementor elementor-15066 elementor-736\" data-elementor-post-type=\"page\">\n\t\t\t\t\t\t<section class=\"elementor-section elementor-top-section elementor-element elementor-element-9b58700 elementor-section-boxed elementor-section-height-default elementor-section-height-default\" data-id=\"9b58700\" data-element_type=\"section\" data-e-type=\"section\" data-settings=\"{&quot;background_background&quot;:&quot;classic&quot;}\">\n\t\t\t\t\t\t<div class=\"elementor-container elementor-column-gap-default\">\n\t\t\t\t\t<div class=\"elementor-column elementor-col-100 elementor-top-column elementor-element elementor-element-f6245e2\" data-id=\"f6245e2\" data-element_type=\"column\" data-e-type=\"column\">\n\t\t\t<div class=\"elementor-widget-wrap elementor-element-populated\">\n\t\t\t\t\t\t<div class=\"elementor-element elementor-element-7e860c2 elementor-widget elementor-widget-heading\" data-id=\"7e860c2\" data-element_type=\"widget\" data-e-type=\"widget\" data-widget_type=\"heading.default\">\n\t\t\t\t<div class=\"elementor-widget-container\">\n\t\t\t\t\t<h1 class=\"elementor-heading-title elementor-size-default\">Policyer<\/h1>\t\t\t\t<\/div>\n\t\t\t\t<\/div>\n\t\t\t\t<div class=\"elementor-element elementor-element-fb4e72d elementor-widget elementor-widget-text-editor\" data-id=\"fb4e72d\" data-element_type=\"widget\" data-e-type=\"widget\" data-widget_type=\"text-editor.default\">\n\t\t\t\t<div class=\"elementor-widget-container\">\n\t\t\t\t\t\t\t\t\t<p>P\u00e5 Secma \u00e4r ESG (Environmental, Social, Governance) en integrerad del av v\u00e5r strategi. Vi \u00e4r fast beslutna att minska v\u00e5r milj\u00f6p\u00e5verkan, st\u00e4rka v\u00e5rt sociala ansvar och s\u00e4kerst\u00e4lla transparens i v\u00e5r styrning. Med h\u00e5llbara l\u00f6sningar och fokus p\u00e5 innovation skapar vi v\u00e4rde f\u00f6r kunder, medarbetare och samh\u00e4lle. V\u00e5rt f\u00f6rh\u00e5llningss\u00e4tt till ESG bygger p\u00e5 st\u00e4ndiga f\u00f6rb\u00e4ttringar och ett n\u00e4ra samarbete med v\u00e5ra intressenter s\u00e5 att vi tillsammans kan skapa en gr\u00f6nare framtid.<\/p><p>L\u00e4s mer om och ladda ner v\u00e5ra ESG-initiativ nedan:<\/p>\t\t\t\t\t\t\t\t<\/div>\n\t\t\t\t<\/div>\n\t\t\t\t\t<\/div>\n\t\t<\/div>\n\t\t\t\t\t<\/div>\n\t\t<\/section>\n\t\t<div class=\"elementor-element elementor-element-e8b1524 e-flex e-con-boxed e-con e-parent\" data-id=\"e8b1524\" data-element_type=\"container\" data-e-type=\"container\" data-settings=\"{&quot;background_background&quot;:&quot;classic&quot;}\">\n\t\t\t\t\t<div class=\"e-con-inner\">\n\t\t<div class=\"elementor-element elementor-element-4e3f05b e-con-full e-flex e-con e-child\" data-id=\"4e3f05b\" data-element_type=\"container\" data-e-type=\"container\">\n\t\t\t\t<div class=\"elementor-element elementor-element-be77059 elementor-widget elementor-widget-image\" data-id=\"be77059\" data-element_type=\"widget\" data-e-type=\"widget\" data-widget_type=\"image.default\">\n\t\t\t\t<div class=\"elementor-widget-container\">\n\t\t\t\t\t\t\t\t\t\t\t\t\t\t\t\t<a href=\"https:\/\/secma.dk\/wp-content\/uploads\/2025\/01\/Secma-environmental-policy-.pdf\" target=\"_blank\">\n\t\t\t\t\t\t\t<img decoding=\"async\" src=\"https:\/\/secma.dk\/wp-content\/uploads\/2025\/01\/Secma-environmental-policy.jpg\" title=\"\" alt=\"Secma environment policy\" loading=\"lazy\" \/>\t\t\t\t\t\t\t\t<\/a>\n\t\t\t\t\t\t\t\t\t\t\t\t\t\t\t<\/div>\n\t\t\t\t<\/div>\n\t\t\t\t<\/div>\n\t\t<div class=\"elementor-element elementor-element-a1eb651 e-con-full e-flex e-con e-child\" data-id=\"a1eb651\" data-element_type=\"container\" data-e-type=\"container\">\n\t\t\t\t<div class=\"elementor-element elementor-element-f0d775c elementor-widget elementor-widget-image\" data-id=\"f0d775c\" data-element_type=\"widget\" data-e-type=\"widget\" data-widget_type=\"image.default\">\n\t\t\t\t<div class=\"elementor-widget-container\">\n\t\t\t\t\t\t\t\t\t\t\t\t\t\t\t\t<a href=\"https:\/\/secma.dk\/wp-content\/uploads\/2025\/01\/Secma-occupational-health-and-safety-policy.pdf\" target=\"_blank\">\n\t\t\t\t\t\t\t<img decoding=\"async\" src=\"https:\/\/secma.dk\/wp-content\/uploads\/2025\/01\/Secma-occupational-health-and-safety-policy.png\" title=\"\" alt=\"Secma occupational health and safety policy\" loading=\"lazy\" \/>\t\t\t\t\t\t\t\t<\/a>\n\t\t\t\t\t\t\t\t\t\t\t\t\t\t\t<\/div>\n\t\t\t\t<\/div>\n\t\t\t\t<\/div>\n\t\t<div class=\"elementor-element elementor-element-f0b7b7a e-con-full e-flex e-con e-child\" data-id=\"f0b7b7a\" data-element_type=\"container\" data-e-type=\"container\">\n\t\t\t\t<div class=\"elementor-element elementor-element-8d09f98 elementor-widget elementor-widget-image\" data-id=\"8d09f98\" data-element_type=\"widget\" data-e-type=\"widget\" data-widget_type=\"image.default\">\n\t\t\t\t<div class=\"elementor-widget-container\">\n\t\t\t\t\t\t\t\t\t\t\t\t\t\t\t\t<a href=\"https:\/\/secma.dk\/wp-content\/uploads\/2025\/01\/Secma-anti-corruption-policy.pdf\" target=\"_blank\">\n\t\t\t\t\t\t\t<img decoding=\"async\" src=\"https:\/\/secma.dk\/wp-content\/uploads\/2025\/01\/Secma-anti-corruption-policy.jpg\" title=\"\" alt=\"Secma anti corruption policy - ESG\" loading=\"lazy\" \/>\t\t\t\t\t\t\t\t<\/a>\n\t\t\t\t\t\t\t\t\t\t\t\t\t\t\t<\/div>\n\t\t\t\t<\/div>\n\t\t\t\t<\/div>\n\t\t<div class=\"elementor-element elementor-element-afb661c e-con-full e-flex e-con e-child\" data-id=\"afb661c\" data-element_type=\"container\" data-e-type=\"container\">\n\t\t\t\t<div class=\"elementor-element elementor-element-6545ef8 elementor-widget elementor-widget-image\" data-id=\"6545ef8\" data-element_type=\"widget\" data-e-type=\"widget\" data-widget_type=\"image.default\">\n\t\t\t\t<div class=\"elementor-widget-container\">\n\t\t\t\t\t\t\t\t\t\t\t\t\t\t\t\t<a href=\"https:\/\/secma.dk\/wp-content\/uploads\/2025\/01\/Secma-Code-of-Conduct.pdf\" target=\"_blank\">\n\t\t\t\t\t\t\t<img decoding=\"async\" src=\"https:\/\/secma.dk\/wp-content\/uploads\/2025\/01\/Secma-Code-of-Conduct.png\" title=\"\" alt=\"Secma Code of conduct - ESG\" loading=\"lazy\" \/>\t\t\t\t\t\t\t\t<\/a>\n\t\t\t\t\t\t\t\t\t\t\t\t\t\t\t<\/div>\n\t\t\t\t<\/div>\n\t\t\t\t<\/div>\n\t\t<div class=\"elementor-element elementor-element-ba1edbc e-con-full e-flex e-con e-child\" data-id=\"ba1edbc\" data-element_type=\"container\" data-e-type=\"container\">\n\t\t\t\t<div class=\"elementor-element elementor-element-805d4e8 elementor-widget elementor-widget-image\" data-id=\"805d4e8\" data-element_type=\"widget\" data-e-type=\"widget\" data-widget_type=\"image.default\">\n\t\t\t\t<div class=\"elementor-widget-container\">\n\t\t\t\t\t\t\t\t\t\t\t\t\t\t\t\t<a href=\"https:\/\/secma.dk\/wp-content\/uploads\/2025\/01\/Secma-code-of-conduct-suppliers.pdf\" target=\"_blank\">\n\t\t\t\t\t\t\t<img decoding=\"async\" src=\"https:\/\/secma.dk\/wp-content\/uploads\/2025\/01\/Secma-code-of-conduct-suppliers.jpg\" title=\"\" alt=\"\" loading=\"lazy\" \/>\t\t\t\t\t\t\t\t<\/a>\n\t\t\t\t\t\t\t\t\t\t\t\t\t\t\t<\/div>\n\t\t\t\t<\/div>\n\t\t\t\t<\/div>\n\t\t<div class=\"elementor-element elementor-element-a8c9ef3 e-con-full e-flex e-con e-child\" data-id=\"a8c9ef3\" data-element_type=\"container\" data-e-type=\"container\">\n\t\t\t\t<div class=\"elementor-element elementor-element-4be8be7 elementor-widget elementor-widget-image\" data-id=\"4be8be7\" data-element_type=\"widget\" data-e-type=\"widget\" data-widget_type=\"image.default\">\n\t\t\t\t<div class=\"elementor-widget-container\">\n\t\t\t\t\t\t\t\t\t\t\t\t\t\t\t\t<a href=\"https:\/\/secma.dk\/wp-content\/uploads\/2025\/06\/Secma-European-Accessibility-Act-.pdf\" target=\"_blank\">\n\t\t\t\t\t\t\t<img decoding=\"async\" src=\"https:\/\/secma.dk\/wp-content\/uploads\/2025\/06\/Secma-European-Accessibility-Act-.png\" title=\"\" alt=\"European Accessibility Act Secma\" loading=\"lazy\" \/>\t\t\t\t\t\t\t\t<\/a>\n\t\t\t\t\t\t\t\t\t\t\t\t\t\t\t<\/div>\n\t\t\t\t<\/div>\n\t\t\t\t<\/div>\n\t\t\t\t\t<\/div>\n\t\t\t\t<\/div>\n\t\t\t\t<section class=\"elementor-section elementor-top-section elementor-element elementor-element-df983e1 elementor-section-boxed elementor-section-height-default elementor-section-height-default\" data-id=\"df983e1\" data-element_type=\"section\" data-e-type=\"section\" data-settings=\"{&quot;background_background&quot;:&quot;classic&quot;}\">\n\t\t\t\t\t\t<div class=\"elementor-container elementor-column-gap-default\">\n\t\t\t\t\t<div class=\"elementor-column elementor-col-100 elementor-top-column elementor-element elementor-element-e2cecab\" data-id=\"e2cecab\" data-element_type=\"column\" data-e-type=\"column\">\n\t\t\t<div class=\"elementor-widget-wrap elementor-element-populated\">\n\t\t\t\t\t\t<div class=\"elementor-element elementor-element-1fa39a4 elementor-widget elementor-widget-heading\" data-id=\"1fa39a4\" data-element_type=\"widget\" data-e-type=\"widget\" data-widget_type=\"heading.default\">\n\t\t\t\t<div class=\"elementor-widget-container\">\n\t\t\t\t\t<h1 class=\"elementor-heading-title elementor-size-default\">GDPR-policy - F\u00f6rs\u00e4kran om efterlevnad\n<\/h1>\t\t\t\t<\/div>\n\t\t\t\t<\/div>\n\t\t<div class=\"elementor-element elementor-element-7b8ccd6 e-grid e-con-boxed e-con e-parent\" data-id=\"7b8ccd6\" data-element_type=\"container\" data-e-type=\"container\">\n\t\t\t\t\t<div class=\"e-con-inner\">\n\t\t\t\t<div class=\"elementor-element elementor-element-95574c4 elementor-widget elementor-widget-text-editor\" data-id=\"95574c4\" data-element_type=\"widget\" data-e-type=\"widget\" data-widget_type=\"text-editor.default\">\n\t\t\t\t<div class=\"elementor-widget-container\">\n\t\t\t\t\t\t\t\t\t<p>Den allm\u00e4nna dataskyddsf\u00f6rordningen (GDPR) g\u00e4ller fr\u00e5n och med den 25 maj 2018.<\/p><p>Secma ApS erk\u00e4nner sitt ansvar f\u00f6r att utveckla och uppr\u00e4tth\u00e5lla en f\u00f6retags\u00f6vergripande medvetenhet om individers r\u00e4tt till inflytande och skydd n\u00e4r det g\u00e4ller datasekretess.<\/p><p>Vi har inf\u00f6rt rutiner och utbildning f\u00f6r att s\u00e4kerst\u00e4lla att en r\u00e4ttslig grund f\u00f6r behandling av personuppgifter ligger till grund f\u00f6r alla aff\u00e4rsmetoder hos Secma ApS.<\/p><p>Vi \u00e4r medvetna om de omst\u00e4ndigheter under vilka personuppgifter behandlas och att GDPR klarg\u00f6r f\u00f6retagens ansvar n\u00e4r det g\u00e4ller behandling (insamling, lagring, underh\u00e5ll och anv\u00e4ndning) av personuppgifter, vilket Secma ApS f\u00f6ljer.<\/p><p>Secma ApS arbetar aktivt med sin GDPR-strategi och vi kommer kontinuerligt att str\u00e4va efter att s\u00e4kerst\u00e4lla att integriteten f\u00f6r personuppgifter kontinuerligt inf\u00f6rlivas som rutinm\u00e4ssig praxis.<\/p>\t\t\t\t\t\t\t\t<\/div>\n\t\t\t\t<\/div>\n\t\t\t\t<div class=\"elementor-element elementor-element-fb76a48 elementor-widget elementor-widget-text-editor\" data-id=\"fb76a48\" data-element_type=\"widget\" data-e-type=\"widget\" data-widget_type=\"text-editor.default\">\n\t\t\t\t<div class=\"elementor-widget-container\">\n\t\t\t\t\t\t\t\t\t<p>Secma ApS har s\u00e4kerst\u00e4llt att all relevant personal utbildas i begreppen och kraven i dataskyddspolicyn. Personalen f\u00f6rv\u00e4ntas anamma etiken i dataskyddslagstiftningen och inf\u00f6ra praxis i arbetsfl\u00f6det s\u00e5 att det \u00e5terspeglar f\u00f6retagets \u00e5tagande att s\u00e4kerst\u00e4lla att individers r\u00e4ttigheter respekteras och skyddas hela tiden. <\/p><p>Secma ApS interna policy f\u00f6r dataskydd kr\u00e4ver att alla produkter, tj\u00e4nster eller system som antas av f\u00f6retaget (som p\u00e5 n\u00e5got s\u00e4tt relaterar till behandlingen av personuppgifter) genomg\u00e5r en bed\u00f6mning f\u00f6r att fastst\u00e4lla att de inte strider mot f\u00f6retagets policy f\u00f6r att uppr\u00e4tth\u00e5lla efterlevnaden av GDPR.<\/p><p>Secma ApS har dessutom implementerat utbildning och processer f\u00f6r att g\u00f6ra det m\u00f6jligt f\u00f6r personalen att k\u00e4nna igen och besvara Subject Access Requests (SARs).<br>V\u00e5r personal f\u00f6rst\u00e5r d\u00e4rf\u00f6r vikten av att genomf\u00f6ra identitetskontroller innan de svarar p\u00e5 f\u00f6rfr\u00e5gningar om dataportabilitet och r\u00e4ttelse och\/eller radering av personuppgifter.<\/p>\t\t\t\t\t\t\t\t<\/div>\n\t\t\t\t<\/div>\n\t\t\t\t\t<\/div>\n\t\t\t\t<\/div>\n\t\t\t\t\t<\/div>\n\t\t<\/div>\n\t\t\t\t\t<\/div>\n\t\t<\/section>\n\t\t\t\t<\/div>\n\t\t","protected":false},"excerpt":{"rendered":"<p>Policyer P\u00e5 Secma \u00e4r ESG (Environmental, Social, Governance) en integrerad del av v\u00e5r strategi. Vi \u00e4r fast beslutna att minska v\u00e5r milj\u00f6p\u00e5verkan, st\u00e4rka v\u00e5rt sociala ansvar och s\u00e4kerst\u00e4lla transparens i v\u00e5r styrning. Med h\u00e5llbara l\u00f6sningar och fokus p\u00e5 innovation skapar vi v\u00e4rde f\u00f6r kunder, medarbetare och samh\u00e4lle. V\u00e5rt f\u00f6rh\u00e5llningss\u00e4tt till ESG bygger p\u00e5 st\u00e4ndiga f\u00f6rb\u00e4ttringar [&hellip;]<\/p>\n","protected":false},"author":2,"featured_media":0,"parent":0,"menu_order":47,"comment_status":"closed","ping_status":"closed","template":"elementor_header_footer","meta":{"_acf_changed":false,"site-sidebar-layout":"no-sidebar","site-content-layout":"page-builder","ast-site-content-layout":"full-width-container","site-content-style":"unboxed","site-sidebar-style":"unboxed","ast-global-header-display":"","ast-banner-title-visibility":"","ast-main-header-display":"","ast-hfb-above-header-display":"","ast-hfb-below-header-display":"","ast-hfb-mobile-header-display":"","site-post-title":"disabled","ast-breadcrumbs-content":"","ast-featured-img":"disabled","footer-sml-layout":"","ast-disable-related-posts":"","theme-transparent-header-meta":"","adv-header-id-meta":"","stick-header-meta":"","header-above-stick-meta":"","header-main-stick-meta":"","header-below-stick-meta":"","astra-migrate-meta-layouts":"set","ast-page-background-enabled":"default","ast-page-background-meta":{"desktop":{"background-color":"var(--ast-global-color-4)","background-image":"","background-repeat":"repeat","background-position":"center center","background-size":"auto","background-attachment":"scroll","background-type":"","background-media":"","overlay-type":"","overlay-color":"","overlay-opacity":"","overlay-gradient":""},"tablet":{"background-color":"","background-image":"","background-repeat":"repeat","background-position":"center center","background-size":"auto","background-attachment":"scroll","background-type":"","background-media":"","overlay-type":"","overlay-color":"","overlay-opacity":"","overlay-gradient":""},"mobile":{"background-color":"","background-image":"","background-repeat":"repeat","background-position":"center center","background-size":"auto","background-attachment":"scroll","background-type":"","background-media":"","overlay-type":"","overlay-color":"","overlay-opacity":"","overlay-gradient":""}},"ast-content-background-meta":{"desktop":{"background-color":"var(--ast-global-color-5)","background-image":"","background-repeat":"repeat","background-position":"center center","background-size":"auto","background-attachment":"scroll","background-type":"","background-media":"","overlay-type":"","overlay-color":"","overlay-opacity":"","overlay-gradient":""},"tablet":{"background-color":"var(--ast-global-color-5)","background-image":"","background-repeat":"repeat","background-position":"center center","background-size":"auto","background-attachment":"scroll","background-type":"","background-media":"","overlay-type":"","overlay-color":"","overlay-opacity":"","overlay-gradient":""},"mobile":{"background-color":"var(--ast-global-color-5)","background-image":"","background-repeat":"repeat","background-position":"center center","background-size":"auto","background-attachment":"scroll","background-type":"","background-media":"","overlay-type":"","overlay-color":"","overlay-opacity":"","overlay-gradient":""}},"footnotes":""},"class_list":["post-15066","page","type-page","status-publish","hentry"],"acf":[],"yoast_head":"<!-- This site is optimized with the Yoast SEO plugin v27.5 - https:\/\/yoast.com\/product\/yoast-seo-wordpress\/ -->\n<title>Policies | Secma<\/title>\n<meta name=\"description\" content=\"H\u00e4r hittar du Secmas policies inklusive GDPR och dataskydd. Har du fr\u00e5gor \u00e4r du v\u00e4lkommen att kontakta oss.\" \/>\n<meta name=\"robots\" content=\"index, follow, max-snippet:-1, max-image-preview:large, max-video-preview:-1\" \/>\n<link rel=\"canonical\" href=\"https:\/\/secma.dk\/sv\/policies\/\" \/>\n<meta property=\"og:locale\" content=\"da_DK\" \/>\n<meta property=\"og:type\" content=\"article\" \/>\n<meta property=\"og:title\" content=\"Policies | Secma\" \/>\n<meta property=\"og:description\" content=\"H\u00e4r hittar du Secmas policies inklusive GDPR och dataskydd. Har du fr\u00e5gor \u00e4r du v\u00e4lkommen att kontakta oss.\" \/>\n<meta property=\"og:url\" content=\"https:\/\/secma.dk\/sv\/policies\/\" \/>\n<meta property=\"og:site_name\" content=\"Secma\" \/>\n<meta property=\"article:publisher\" content=\"https:\/\/www.facebook.com\/secmamedicalinnovation\" \/>\n<meta property=\"article:modified_time\" content=\"2025-12-12T13:30:59+00:00\" \/>\n<meta property=\"og:image\" content=\"https:\/\/secma.dk\/wp-content\/uploads\/2025\/01\/Secma-environmental-policy.jpg\" \/>\n<meta name=\"twitter:card\" content=\"summary_large_image\" \/>\n<meta name=\"twitter:label1\" content=\"Estimeret l\u00e6setid\" \/>\n\t<meta name=\"twitter:data1\" content=\"3 minutter\" \/>\n<script type=\"application\/ld+json\" class=\"yoast-schema-graph\">{\"@context\":\"https:\\\/\\\/schema.org\",\"@graph\":[{\"@type\":\"WebPage\",\"@id\":\"https:\\\/\\\/secma.dk\\\/sv\\\/policies\\\/\",\"url\":\"https:\\\/\\\/secma.dk\\\/sv\\\/policies\\\/\",\"name\":\"Policies | Secma\",\"isPartOf\":{\"@id\":\"https:\\\/\\\/secma.dk\\\/sv\\\/#website\"},\"primaryImageOfPage\":{\"@id\":\"https:\\\/\\\/secma.dk\\\/sv\\\/policies\\\/#primaryimage\"},\"image\":{\"@id\":\"https:\\\/\\\/secma.dk\\\/sv\\\/policies\\\/#primaryimage\"},\"thumbnailUrl\":\"https:\\\/\\\/secma.dk\\\/wp-content\\\/uploads\\\/2025\\\/01\\\/Secma-environmental-policy.jpg\",\"datePublished\":\"2023-02-24T13:43:02+00:00\",\"dateModified\":\"2025-12-12T13:30:59+00:00\",\"description\":\"H\u00e4r hittar du Secmas policies inklusive GDPR och dataskydd. Har du fr\u00e5gor \u00e4r du v\u00e4lkommen att kontakta oss.\",\"breadcrumb\":{\"@id\":\"https:\\\/\\\/secma.dk\\\/sv\\\/policies\\\/#breadcrumb\"},\"inLanguage\":\"da-DK\",\"potentialAction\":[{\"@type\":\"ReadAction\",\"target\":[\"https:\\\/\\\/secma.dk\\\/sv\\\/policies\\\/\"]}]},{\"@type\":\"ImageObject\",\"inLanguage\":\"da-DK\",\"@id\":\"https:\\\/\\\/secma.dk\\\/sv\\\/policies\\\/#primaryimage\",\"url\":\"https:\\\/\\\/secma.dk\\\/wp-content\\\/uploads\\\/2025\\\/01\\\/Secma-environmental-policy.jpg\",\"contentUrl\":\"https:\\\/\\\/secma.dk\\\/wp-content\\\/uploads\\\/2025\\\/01\\\/Secma-environmental-policy.jpg\"},{\"@type\":\"BreadcrumbList\",\"@id\":\"https:\\\/\\\/secma.dk\\\/sv\\\/policies\\\/#breadcrumb\",\"itemListElement\":[{\"@type\":\"ListItem\",\"position\":1,\"name\":\"Hjem\",\"item\":\"https:\\\/\\\/secma.dk\\\/sv\\\/\"},{\"@type\":\"ListItem\",\"position\":2,\"name\":\"Policies\"}]},{\"@type\":\"WebSite\",\"@id\":\"https:\\\/\\\/secma.dk\\\/sv\\\/#website\",\"url\":\"https:\\\/\\\/secma.dk\\\/sv\\\/\",\"name\":\"Secma\",\"description\":\"Web\",\"publisher\":{\"@id\":\"https:\\\/\\\/secma.dk\\\/sv\\\/#organization\"},\"potentialAction\":[{\"@type\":\"SearchAction\",\"target\":{\"@type\":\"EntryPoint\",\"urlTemplate\":\"https:\\\/\\\/secma.dk\\\/sv\\\/?s={search_term_string}\"},\"query-input\":{\"@type\":\"PropertyValueSpecification\",\"valueRequired\":true,\"valueName\":\"search_term_string\"}}],\"inLanguage\":\"da-DK\"},{\"@type\":\"Organization\",\"@id\":\"https:\\\/\\\/secma.dk\\\/sv\\\/#organization\",\"name\":\"Secma\",\"url\":\"https:\\\/\\\/secma.dk\\\/sv\\\/\",\"logo\":{\"@type\":\"ImageObject\",\"inLanguage\":\"da-DK\",\"@id\":\"https:\\\/\\\/secma.dk\\\/sv\\\/#\\\/schema\\\/logo\\\/image\\\/\",\"url\":\"https:\\\/\\\/secma.dk\\\/wp-content\\\/uploads\\\/2023\\\/01\\\/Secma-Logo-med-Payoff-1.png\",\"contentUrl\":\"https:\\\/\\\/secma.dk\\\/wp-content\\\/uploads\\\/2023\\\/01\\\/Secma-Logo-med-Payoff-1.png\",\"width\":1200,\"height\":388,\"caption\":\"Secma\"},\"image\":{\"@id\":\"https:\\\/\\\/secma.dk\\\/sv\\\/#\\\/schema\\\/logo\\\/image\\\/\"},\"sameAs\":[\"https:\\\/\\\/www.facebook.com\\\/secmamedicalinnovation\",\"https:\\\/\\\/www.linkedin.com\\\/company\\\/secma\\\/\"]}]}<\/script>\n<!-- \/ Yoast SEO plugin. -->","yoast_head_json":{"title":"Policies | Secma","description":"H\u00e4r hittar du Secmas policies inklusive GDPR och dataskydd. Har du fr\u00e5gor \u00e4r du v\u00e4lkommen att kontakta oss.","robots":{"index":"index","follow":"follow","max-snippet":"max-snippet:-1","max-image-preview":"max-image-preview:large","max-video-preview":"max-video-preview:-1"},"canonical":"https:\/\/secma.dk\/sv\/policies\/","og_locale":"da_DK","og_type":"article","og_title":"Policies | Secma","og_description":"H\u00e4r hittar du Secmas policies inklusive GDPR och dataskydd. Har du fr\u00e5gor \u00e4r du v\u00e4lkommen att kontakta oss.","og_url":"https:\/\/secma.dk\/sv\/policies\/","og_site_name":"Secma","article_publisher":"https:\/\/www.facebook.com\/secmamedicalinnovation","article_modified_time":"2025-12-12T13:30:59+00:00","og_image":[{"url":"https:\/\/secma.dk\/wp-content\/uploads\/2025\/01\/Secma-environmental-policy.jpg","type":"","width":"","height":""}],"twitter_card":"summary_large_image","twitter_misc":{"Estimeret l\u00e6setid":"3 minutter"},"schema":{"@context":"https:\/\/schema.org","@graph":[{"@type":"WebPage","@id":"https:\/\/secma.dk\/sv\/policies\/","url":"https:\/\/secma.dk\/sv\/policies\/","name":"Policies | Secma","isPartOf":{"@id":"https:\/\/secma.dk\/sv\/#website"},"primaryImageOfPage":{"@id":"https:\/\/secma.dk\/sv\/policies\/#primaryimage"},"image":{"@id":"https:\/\/secma.dk\/sv\/policies\/#primaryimage"},"thumbnailUrl":"https:\/\/secma.dk\/wp-content\/uploads\/2025\/01\/Secma-environmental-policy.jpg","datePublished":"2023-02-24T13:43:02+00:00","dateModified":"2025-12-12T13:30:59+00:00","description":"H\u00e4r hittar du Secmas policies inklusive GDPR och dataskydd. Har du fr\u00e5gor \u00e4r du v\u00e4lkommen att kontakta oss.","breadcrumb":{"@id":"https:\/\/secma.dk\/sv\/policies\/#breadcrumb"},"inLanguage":"da-DK","potentialAction":[{"@type":"ReadAction","target":["https:\/\/secma.dk\/sv\/policies\/"]}]},{"@type":"ImageObject","inLanguage":"da-DK","@id":"https:\/\/secma.dk\/sv\/policies\/#primaryimage","url":"https:\/\/secma.dk\/wp-content\/uploads\/2025\/01\/Secma-environmental-policy.jpg","contentUrl":"https:\/\/secma.dk\/wp-content\/uploads\/2025\/01\/Secma-environmental-policy.jpg"},{"@type":"BreadcrumbList","@id":"https:\/\/secma.dk\/sv\/policies\/#breadcrumb","itemListElement":[{"@type":"ListItem","position":1,"name":"Hjem","item":"https:\/\/secma.dk\/sv\/"},{"@type":"ListItem","position":2,"name":"Policies"}]},{"@type":"WebSite","@id":"https:\/\/secma.dk\/sv\/#website","url":"https:\/\/secma.dk\/sv\/","name":"Secma","description":"Web","publisher":{"@id":"https:\/\/secma.dk\/sv\/#organization"},"potentialAction":[{"@type":"SearchAction","target":{"@type":"EntryPoint","urlTemplate":"https:\/\/secma.dk\/sv\/?s={search_term_string}"},"query-input":{"@type":"PropertyValueSpecification","valueRequired":true,"valueName":"search_term_string"}}],"inLanguage":"da-DK"},{"@type":"Organization","@id":"https:\/\/secma.dk\/sv\/#organization","name":"Secma","url":"https:\/\/secma.dk\/sv\/","logo":{"@type":"ImageObject","inLanguage":"da-DK","@id":"https:\/\/secma.dk\/sv\/#\/schema\/logo\/image\/","url":"https:\/\/secma.dk\/wp-content\/uploads\/2023\/01\/Secma-Logo-med-Payoff-1.png","contentUrl":"https:\/\/secma.dk\/wp-content\/uploads\/2023\/01\/Secma-Logo-med-Payoff-1.png","width":1200,"height":388,"caption":"Secma"},"image":{"@id":"https:\/\/secma.dk\/sv\/#\/schema\/logo\/image\/"},"sameAs":["https:\/\/www.facebook.com\/secmamedicalinnovation","https:\/\/www.linkedin.com\/company\/secma\/"]}]}},"_links":{"self":[{"href":"https:\/\/secma.dk\/sv\/wp-json\/wp\/v2\/pages\/15066","targetHints":{"allow":["GET"]}}],"collection":[{"href":"https:\/\/secma.dk\/sv\/wp-json\/wp\/v2\/pages"}],"about":[{"href":"https:\/\/secma.dk\/sv\/wp-json\/wp\/v2\/types\/page"}],"author":[{"embeddable":true,"href":"https:\/\/secma.dk\/sv\/wp-json\/wp\/v2\/users\/2"}],"replies":[{"embeddable":true,"href":"https:\/\/secma.dk\/sv\/wp-json\/wp\/v2\/comments?post=15066"}],"version-history":[{"count":5,"href":"https:\/\/secma.dk\/sv\/wp-json\/wp\/v2\/pages\/15066\/revisions"}],"predecessor-version":[{"id":19517,"href":"https:\/\/secma.dk\/sv\/wp-json\/wp\/v2\/pages\/15066\/revisions\/19517"}],"wp:attachment":[{"href":"https:\/\/secma.dk\/sv\/wp-json\/wp\/v2\/media?parent=15066"}],"curies":[{"name":"wp","href":"https:\/\/api.w.org\/{rel}","templated":true}]}}