{"id":15025,"date":"2023-02-28T12:08:20","date_gmt":"2023-02-28T11:08:20","guid":{"rendered":"https:\/\/secma.dk\/udstillinger\/"},"modified":"2026-01-06T11:06:45","modified_gmt":"2026-01-06T10:06:45","slug":"utstallningar","status":"publish","type":"page","link":"https:\/\/secma.dk\/sv\/utstallningar-och-utbildning\/utstallningar\/","title":{"rendered":"Utst\u00e4llningar"},"content":{"rendered":"\t\t<div data-elementor-type=\"wp-page\" data-elementor-id=\"15025\" class=\"elementor elementor-15025 elementor-1553\" data-elementor-post-type=\"page\">\n\t\t\t\t<div class=\"elementor-element elementor-element-4ac6bc7 e-flex e-con-boxed e-con e-parent\" data-id=\"4ac6bc7\" data-element_type=\"container\" data-e-type=\"container\" data-settings=\"{&quot;background_background&quot;:&quot;classic&quot;}\">\n\t\t\t\t\t<div class=\"e-con-inner\">\n\t\t<div class=\"elementor-element elementor-element-c99fd96 e-con-full e-flex e-con e-child\" data-id=\"c99fd96\" data-element_type=\"container\" data-e-type=\"container\">\n\t\t\t\t<div class=\"elementor-element elementor-element-88a4a21 elementor-widget elementor-widget-heading\" data-id=\"88a4a21\" data-element_type=\"widget\" data-e-type=\"widget\" data-widget_type=\"heading.default\">\n\t\t\t\t<div class=\"elementor-widget-container\">\n\t\t\t\t\t<h1 class=\"elementor-heading-title elementor-size-default\">Utst\u00e4llningar &amp; m\u00e4ssor\n<\/h1>\t\t\t\t<\/div>\n\t\t\t\t<\/div>\n\t\t\t\t<div class=\"elementor-element elementor-element-04189a8 elementor-widget__width-initial elementor-widget elementor-widget-text-editor\" data-id=\"04189a8\" data-element_type=\"widget\" data-e-type=\"widget\" data-widget_type=\"text-editor.default\">\n\t\t\t\t<div class=\"elementor-widget-container\">\n\t\t\t\t\t\t\t\t\t<p>Secma deltar varje \u00e5r i ett antal utst\u00e4llningar, m\u00e4ssor och konferenser. H\u00e4r kan du f\u00e5 m\u00f6jlighet att se och prova v\u00e5ra produkter och f\u00e5 en f\u00f6ruts\u00e4ttningsl\u00f6s pratstund om m\u00f6jligheterna. <\/p><p>Nedan finns ett litet urval av var du kan hitta oss. <a href=\"https:\/\/secma.dk\/sv\/nyheder-og-viden-fra-secma\/\" target=\"_blank\" rel=\"noopener\">Vi rekommenderar att du anm\u00e4ler dig till v\u00e5rt nyhetsbrev <\/a>eller f\u00f6ljer oss p\u00e5 sociala medier.  <\/p>\t\t\t\t\t\t\t\t<\/div>\n\t\t\t\t<\/div>\n\t\t\t\t<\/div>\n\t\t\t\t\t<\/div>\n\t\t\t\t<\/div>\n\t\t<div class=\"elementor-element elementor-element-1c6d259 e-flex e-con-boxed e-con e-parent\" data-id=\"1c6d259\" data-element_type=\"container\" data-e-type=\"container\" data-settings=\"{&quot;background_background&quot;:&quot;classic&quot;}\">\n\t\t\t\t\t<div class=\"e-con-inner\">\n\t\t<div class=\"elementor-element elementor-element-b92a9d2 e-con-full e-flex e-con e-child\" data-id=\"b92a9d2\" data-element_type=\"container\" data-e-type=\"container\">\n\t\t\t\t<div class=\"elementor-element elementor-element-2fc27d1 elementor-widget elementor-widget-image\" data-id=\"2fc27d1\" data-element_type=\"widget\" data-e-type=\"widget\" data-widget_type=\"image.default\">\n\t\t\t\t<div class=\"elementor-widget-container\">\n\t\t\t\t\t\t\t\t\t\t\t\t\t\t\t\t<a href=\"https:\/\/mkon.nu\/sfaianiva2026\">\n\t\t\t\t\t\t\t<img fetchpriority=\"high\" decoding=\"async\" width=\"300\" height=\"192\" src=\"https:\/\/secma.dk\/wp-content\/uploads\/2026\/01\/SFAI-300x192-1.png\" class=\"attachment-large size-large wp-image-20133\" alt=\"SFAI-300x192\" \/>\t\t\t\t\t\t\t\t<\/a>\n\t\t\t\t\t\t\t\t\t\t\t\t\t\t\t<\/div>\n\t\t\t\t<\/div>\n\t\t\t\t<\/div>\n\t\t<div class=\"elementor-element elementor-element-e6ea778 e-con-full e-flex e-con e-child\" data-id=\"e6ea778\" data-element_type=\"container\" data-e-type=\"container\">\n\t\t\t\t<div class=\"elementor-element elementor-element-9d43707 elementor-widget elementor-widget-image\" data-id=\"9d43707\" data-element_type=\"widget\" data-e-type=\"widget\" data-widget_type=\"image.default\">\n\t\t\t\t<div class=\"elementor-widget-container\">\n\t\t\t\t\t\t\t\t\t\t\t\t\t\t\t\t<a href=\"https:\/\/sportskongres.dk\/\">\n\t\t\t\t\t\t\t<img decoding=\"async\" width=\"300\" height=\"192\" src=\"https:\/\/secma.dk\/wp-content\/uploads\/2026\/01\/Scandinavian-Sports-Medicine-Congress-300x192-1.png\" class=\"attachment-large size-large wp-image-20132\" alt=\"Scandinavian-Sports-Medicine-Congress-300x192\" \/>\t\t\t\t\t\t\t\t<\/a>\n\t\t\t\t\t\t\t\t\t\t\t\t\t\t\t<\/div>\n\t\t\t\t<\/div>\n\t\t\t\t<\/div>\n\t\t<div class=\"elementor-element elementor-element-e97a272 e-con-full e-flex e-con e-child\" data-id=\"e97a272\" data-element_type=\"container\" data-e-type=\"container\">\n\t\t\t\t<div class=\"elementor-element elementor-element-4493759 elementor-widget elementor-widget-image\" data-id=\"4493759\" data-element_type=\"widget\" data-e-type=\"widget\" data-widget_type=\"image.default\">\n\t\t\t\t<div class=\"elementor-widget-container\">\n\t\t\t\t\t\t\t\t\t\t\t\t\t\t\t\t<a href=\"https:\/\/www.samtit.nu\/\">\n\t\t\t\t\t\t\t<img decoding=\"async\" width=\"300\" height=\"192\" src=\"https:\/\/secma.dk\/wp-content\/uploads\/2026\/01\/SAMTIT-kongres-300x192-1.png\" class=\"attachment-large size-large wp-image-20131\" alt=\"SAMTIT-kongres-300x192\" \/>\t\t\t\t\t\t\t\t<\/a>\n\t\t\t\t\t\t\t\t\t\t\t\t\t\t\t<\/div>\n\t\t\t\t<\/div>\n\t\t\t\t<\/div>\n\t\t<div class=\"elementor-element elementor-element-cc3f446 e-con-full e-flex e-con e-child\" data-id=\"cc3f446\" data-element_type=\"container\" data-e-type=\"container\">\n\t\t\t\t<div class=\"elementor-element elementor-element-720ea75 elementor-widget elementor-widget-image\" data-id=\"720ea75\" data-element_type=\"widget\" data-e-type=\"widget\" data-widget_type=\"image.default\">\n\t\t\t\t<div class=\"elementor-widget-container\">\n\t\t\t\t\t\t\t\t\t\t\t\t\t\t\t\t<a href=\"https:\/\/www.medicinteknikdagarna.se\/\">\n\t\t\t\t\t\t\t<img loading=\"lazy\" decoding=\"async\" width=\"300\" height=\"192\" src=\"https:\/\/secma.dk\/wp-content\/uploads\/2026\/01\/Medicinteknikdagarna-300x192-1.png\" class=\"attachment-large size-large wp-image-20130\" alt=\"\" \/>\t\t\t\t\t\t\t\t<\/a>\n\t\t\t\t\t\t\t\t\t\t\t\t\t\t\t<\/div>\n\t\t\t\t<\/div>\n\t\t\t\t<\/div>\n\t\t\t\t\t<\/div>\n\t\t\t\t<\/div>\n\t\t<div class=\"elementor-element elementor-element-a0cabfe e-flex e-con-boxed e-con e-parent\" data-id=\"a0cabfe\" data-element_type=\"container\" data-e-type=\"container\" data-settings=\"{&quot;background_background&quot;:&quot;classic&quot;}\">\n\t\t\t\t\t<div class=\"e-con-inner\">\n\t\t\t\t<div class=\"elementor-element elementor-element-8154316 elementor-widget elementor-widget-heading\" data-id=\"8154316\" data-element_type=\"widget\" data-e-type=\"widget\" data-widget_type=\"heading.default\">\n\t\t\t\t<div class=\"elementor-widget-container\">\n\t\t\t\t\t<h2 class=\"elementor-heading-title elementor-size-default\">F\u00f6lj oss p\u00e5 sociala medier  <\/h2>\t\t\t\t<\/div>\n\t\t\t\t<\/div>\n\t\t\t\t<div class=\"elementor-element elementor-element-db8e5bc elementor-shape-rounded elementor-grid-0 e-grid-align-center elementor-widget elementor-widget-social-icons\" data-id=\"db8e5bc\" data-element_type=\"widget\" data-e-type=\"widget\" data-widget_type=\"social-icons.default\">\n\t\t\t\t<div class=\"elementor-widget-container\">\n\t\t\t\t\t\t\t<div class=\"elementor-social-icons-wrapper elementor-grid\" role=\"list\">\n\t\t\t\t\t\t\t<span class=\"elementor-grid-item\" role=\"listitem\">\n\t\t\t\t\t<a class=\"elementor-icon elementor-social-icon elementor-social-icon-facebook elementor-repeater-item-7bad57b\" href=\"https:\/\/www.facebook.com\/secmamedicalinnovation\" target=\"_blank\">\n\t\t\t\t\t\t<span class=\"elementor-screen-only\">Facebook<\/span>\n\t\t\t\t\t\t<i aria-hidden=\"true\" class=\"fab fa-facebook\"><\/i>\t\t\t\t\t<\/a>\n\t\t\t\t<\/span>\n\t\t\t\t\t\t\t<span class=\"elementor-grid-item\" role=\"listitem\">\n\t\t\t\t\t<a class=\"elementor-icon elementor-social-icon elementor-social-icon-instagram elementor-repeater-item-abaf198\" href=\"https:\/\/www.instagram.com\/secmamedical\" target=\"_blank\">\n\t\t\t\t\t\t<span class=\"elementor-screen-only\">Instagram<\/span>\n\t\t\t\t\t\t<i aria-hidden=\"true\" class=\"fab fa-instagram\"><\/i>\t\t\t\t\t<\/a>\n\t\t\t\t<\/span>\n\t\t\t\t\t\t\t<span class=\"elementor-grid-item\" role=\"listitem\">\n\t\t\t\t\t<a class=\"elementor-icon elementor-social-icon elementor-social-icon-linkedin elementor-repeater-item-2560e4a\" href=\"https:\/\/www.linkedin.com\/company\/secma\" target=\"_blank\">\n\t\t\t\t\t\t<span class=\"elementor-screen-only\">Linkedin<\/span>\n\t\t\t\t\t\t<i aria-hidden=\"true\" class=\"fab fa-linkedin\"><\/i>\t\t\t\t\t<\/a>\n\t\t\t\t<\/span>\n\t\t\t\t\t<\/div>\n\t\t\t\t\t\t<\/div>\n\t\t\t\t<\/div>\n\t\t\t\t\t<\/div>\n\t\t\t\t<\/div>\n\t\t\t\t<\/div>\n\t\t","protected":false},"excerpt":{"rendered":"<p>Utst\u00e4llningar &amp; m\u00e4ssor Secma deltar varje \u00e5r i ett antal utst\u00e4llningar, m\u00e4ssor och konferenser. H\u00e4r kan du f\u00e5 m\u00f6jlighet att se och prova v\u00e5ra produkter och f\u00e5 en f\u00f6ruts\u00e4ttningsl\u00f6s pratstund om m\u00f6jligheterna. Nedan finns ett litet urval av var du kan hitta oss. Vi rekommenderar att du anm\u00e4ler dig till v\u00e5rt nyhetsbrev eller f\u00f6ljer oss [&hellip;]<\/p>\n","protected":false},"author":2,"featured_media":0,"parent":18640,"menu_order":38,"comment_status":"closed","ping_status":"closed","template":"elementor_header_footer","meta":{"_acf_changed":false,"site-sidebar-layout":"no-sidebar","site-content-layout":"page-builder","ast-site-content-layout":"full-width-container","site-content-style":"unboxed","site-sidebar-style":"unboxed","ast-global-header-display":"","ast-banner-title-visibility":"","ast-main-header-display":"","ast-hfb-above-header-display":"","ast-hfb-below-header-display":"","ast-hfb-mobile-header-display":"","site-post-title":"disabled","ast-breadcrumbs-content":"","ast-featured-img":"disabled","footer-sml-layout":"","ast-disable-related-posts":"","theme-transparent-header-meta":"","adv-header-id-meta":"","stick-header-meta":"","header-above-stick-meta":"","header-main-stick-meta":"","header-below-stick-meta":"","astra-migrate-meta-layouts":"set","ast-page-background-enabled":"default","ast-page-background-meta":{"desktop":{"background-color":"var(--ast-global-color-4)","background-image":"","background-repeat":"repeat","background-position":"center center","background-size":"auto","background-attachment":"scroll","background-type":"","background-media":"","overlay-type":"","overlay-color":"","overlay-opacity":"","overlay-gradient":""},"tablet":{"background-color":"","background-image":"","background-repeat":"repeat","background-position":"center center","background-size":"auto","background-attachment":"scroll","background-type":"","background-media":"","overlay-type":"","overlay-color":"","overlay-opacity":"","overlay-gradient":""},"mobile":{"background-color":"","background-image":"","background-repeat":"repeat","background-position":"center center","background-size":"auto","background-attachment":"scroll","background-type":"","background-media":"","overlay-type":"","overlay-color":"","overlay-opacity":"","overlay-gradient":""}},"ast-content-background-meta":{"desktop":{"background-color":"var(--ast-global-color-5)","background-image":"","background-repeat":"repeat","background-position":"center center","background-size":"auto","background-attachment":"scroll","background-type":"","background-media":"","overlay-type":"","overlay-color":"","overlay-opacity":"","overlay-gradient":""},"tablet":{"background-color":"var(--ast-global-color-5)","background-image":"","background-repeat":"repeat","background-position":"center center","background-size":"auto","background-attachment":"scroll","background-type":"","background-media":"","overlay-type":"","overlay-color":"","overlay-opacity":"","overlay-gradient":""},"mobile":{"background-color":"var(--ast-global-color-5)","background-image":"","background-repeat":"repeat","background-position":"center center","background-size":"auto","background-attachment":"scroll","background-type":"","background-media":"","overlay-type":"","overlay-color":"","overlay-opacity":"","overlay-gradient":""}},"footnotes":""},"class_list":["post-15025","page","type-page","status-publish","hentry"],"acf":[],"yoast_head":"<!-- This site is optimized with the Yoast SEO plugin v27.5 - https:\/\/yoast.com\/product\/yoast-seo-wordpress\/ -->\n<title>Utst\u00e4llningar | Secma Medical Innovation<\/title>\n<meta name=\"description\" content=\"V\u00e5r serviceavdelning har, tack vare m\u00e5ng\u00e5rig erfarenhet av medicinteknisk utrustning, byggt upp en snabb, kvalificerad och professionell supportfunktion.\" \/>\n<meta name=\"robots\" content=\"index, follow, max-snippet:-1, max-image-preview:large, max-video-preview:-1\" \/>\n<link rel=\"canonical\" href=\"https:\/\/secma.dk\/sv\/utstallningar-och-utbildning\/utstallningar\/\" \/>\n<meta property=\"og:locale\" content=\"da_DK\" \/>\n<meta property=\"og:type\" content=\"article\" \/>\n<meta property=\"og:title\" content=\"Utst\u00e4llningar | Secma Medical Innovation\" \/>\n<meta property=\"og:description\" content=\"V\u00e5r serviceavdelning har, tack vare m\u00e5ng\u00e5rig erfarenhet av medicinteknisk utrustning, byggt upp en snabb, kvalificerad och professionell supportfunktion.\" \/>\n<meta property=\"og:url\" content=\"https:\/\/secma.dk\/sv\/utstallningar-och-utbildning\/utstallningar\/\" \/>\n<meta property=\"og:site_name\" content=\"Secma\" \/>\n<meta property=\"article:publisher\" content=\"https:\/\/www.facebook.com\/secmamedicalinnovation\" \/>\n<meta property=\"article:modified_time\" content=\"2026-01-06T10:06:45+00:00\" \/>\n<meta property=\"og:image\" content=\"https:\/\/secma.dk\/wp-content\/uploads\/2026\/01\/SFAI-300x192-1.png\" \/>\n<meta name=\"twitter:card\" content=\"summary_large_image\" \/>\n<meta name=\"twitter:label1\" content=\"Estimeret l\u00e6setid\" \/>\n\t<meta name=\"twitter:data1\" content=\"2 minutter\" \/>\n<script type=\"application\/ld+json\" class=\"yoast-schema-graph\">{\"@context\":\"https:\\\/\\\/schema.org\",\"@graph\":[{\"@type\":\"WebPage\",\"@id\":\"https:\\\/\\\/secma.dk\\\/sv\\\/utstallningar-och-utbildning\\\/utstallningar\\\/\",\"url\":\"https:\\\/\\\/secma.dk\\\/sv\\\/utstallningar-och-utbildning\\\/utstallningar\\\/\",\"name\":\"Utst\u00e4llningar | Secma Medical Innovation\",\"isPartOf\":{\"@id\":\"https:\\\/\\\/secma.dk\\\/sv\\\/#website\"},\"primaryImageOfPage\":{\"@id\":\"https:\\\/\\\/secma.dk\\\/sv\\\/utstallningar-och-utbildning\\\/utstallningar\\\/#primaryimage\"},\"image\":{\"@id\":\"https:\\\/\\\/secma.dk\\\/sv\\\/utstallningar-och-utbildning\\\/utstallningar\\\/#primaryimage\"},\"thumbnailUrl\":\"https:\\\/\\\/secma.dk\\\/wp-content\\\/uploads\\\/2026\\\/01\\\/SFAI-300x192-1.png\",\"datePublished\":\"2023-02-28T11:08:20+00:00\",\"dateModified\":\"2026-01-06T10:06:45+00:00\",\"description\":\"V\u00e5r serviceavdelning har, tack vare m\u00e5ng\u00e5rig erfarenhet av medicinteknisk utrustning, byggt upp en snabb, kvalificerad och professionell supportfunktion.\",\"breadcrumb\":{\"@id\":\"https:\\\/\\\/secma.dk\\\/sv\\\/utstallningar-och-utbildning\\\/utstallningar\\\/#breadcrumb\"},\"inLanguage\":\"da-DK\",\"potentialAction\":[{\"@type\":\"ReadAction\",\"target\":[\"https:\\\/\\\/secma.dk\\\/sv\\\/utstallningar-och-utbildning\\\/utstallningar\\\/\"]}]},{\"@type\":\"ImageObject\",\"inLanguage\":\"da-DK\",\"@id\":\"https:\\\/\\\/secma.dk\\\/sv\\\/utstallningar-och-utbildning\\\/utstallningar\\\/#primaryimage\",\"url\":\"https:\\\/\\\/secma.dk\\\/wp-content\\\/uploads\\\/2026\\\/01\\\/SFAI-300x192-1.png\",\"contentUrl\":\"https:\\\/\\\/secma.dk\\\/wp-content\\\/uploads\\\/2026\\\/01\\\/SFAI-300x192-1.png\"},{\"@type\":\"BreadcrumbList\",\"@id\":\"https:\\\/\\\/secma.dk\\\/sv\\\/utstallningar-och-utbildning\\\/utstallningar\\\/#breadcrumb\",\"itemListElement\":[{\"@type\":\"ListItem\",\"position\":1,\"name\":\"Hjem\",\"item\":\"https:\\\/\\\/secma.dk\\\/sv\\\/\"},{\"@type\":\"ListItem\",\"position\":2,\"name\":\"Utst\u00e4llningar och utbildning\",\"item\":\"https:\\\/\\\/secma.dk\\\/sv\\\/utstallningar-och-utbildning\\\/\"},{\"@type\":\"ListItem\",\"position\":3,\"name\":\"Utst\u00e4llningar\"}]},{\"@type\":\"WebSite\",\"@id\":\"https:\\\/\\\/secma.dk\\\/sv\\\/#website\",\"url\":\"https:\\\/\\\/secma.dk\\\/sv\\\/\",\"name\":\"Secma\",\"description\":\"Web\",\"publisher\":{\"@id\":\"https:\\\/\\\/secma.dk\\\/sv\\\/#organization\"},\"potentialAction\":[{\"@type\":\"SearchAction\",\"target\":{\"@type\":\"EntryPoint\",\"urlTemplate\":\"https:\\\/\\\/secma.dk\\\/sv\\\/?s={search_term_string}\"},\"query-input\":{\"@type\":\"PropertyValueSpecification\",\"valueRequired\":true,\"valueName\":\"search_term_string\"}}],\"inLanguage\":\"da-DK\"},{\"@type\":\"Organization\",\"@id\":\"https:\\\/\\\/secma.dk\\\/sv\\\/#organization\",\"name\":\"Secma\",\"url\":\"https:\\\/\\\/secma.dk\\\/sv\\\/\",\"logo\":{\"@type\":\"ImageObject\",\"inLanguage\":\"da-DK\",\"@id\":\"https:\\\/\\\/secma.dk\\\/sv\\\/#\\\/schema\\\/logo\\\/image\\\/\",\"url\":\"https:\\\/\\\/secma.dk\\\/wp-content\\\/uploads\\\/2023\\\/01\\\/Secma-Logo-med-Payoff-1.png\",\"contentUrl\":\"https:\\\/\\\/secma.dk\\\/wp-content\\\/uploads\\\/2023\\\/01\\\/Secma-Logo-med-Payoff-1.png\",\"width\":1200,\"height\":388,\"caption\":\"Secma\"},\"image\":{\"@id\":\"https:\\\/\\\/secma.dk\\\/sv\\\/#\\\/schema\\\/logo\\\/image\\\/\"},\"sameAs\":[\"https:\\\/\\\/www.facebook.com\\\/secmamedicalinnovation\",\"https:\\\/\\\/www.linkedin.com\\\/company\\\/secma\\\/\"]}]}<\/script>\n<!-- \/ Yoast SEO plugin. -->","yoast_head_json":{"title":"Utst\u00e4llningar | Secma Medical Innovation","description":"V\u00e5r serviceavdelning har, tack vare m\u00e5ng\u00e5rig erfarenhet av medicinteknisk utrustning, byggt upp en snabb, kvalificerad och professionell supportfunktion.","robots":{"index":"index","follow":"follow","max-snippet":"max-snippet:-1","max-image-preview":"max-image-preview:large","max-video-preview":"max-video-preview:-1"},"canonical":"https:\/\/secma.dk\/sv\/utstallningar-och-utbildning\/utstallningar\/","og_locale":"da_DK","og_type":"article","og_title":"Utst\u00e4llningar | Secma Medical Innovation","og_description":"V\u00e5r serviceavdelning har, tack vare m\u00e5ng\u00e5rig erfarenhet av medicinteknisk utrustning, byggt upp en snabb, kvalificerad och professionell supportfunktion.","og_url":"https:\/\/secma.dk\/sv\/utstallningar-och-utbildning\/utstallningar\/","og_site_name":"Secma","article_publisher":"https:\/\/www.facebook.com\/secmamedicalinnovation","article_modified_time":"2026-01-06T10:06:45+00:00","og_image":[{"url":"https:\/\/secma.dk\/wp-content\/uploads\/2026\/01\/SFAI-300x192-1.png","type":"","width":"","height":""}],"twitter_card":"summary_large_image","twitter_misc":{"Estimeret l\u00e6setid":"2 minutter"},"schema":{"@context":"https:\/\/schema.org","@graph":[{"@type":"WebPage","@id":"https:\/\/secma.dk\/sv\/utstallningar-och-utbildning\/utstallningar\/","url":"https:\/\/secma.dk\/sv\/utstallningar-och-utbildning\/utstallningar\/","name":"Utst\u00e4llningar | Secma Medical Innovation","isPartOf":{"@id":"https:\/\/secma.dk\/sv\/#website"},"primaryImageOfPage":{"@id":"https:\/\/secma.dk\/sv\/utstallningar-och-utbildning\/utstallningar\/#primaryimage"},"image":{"@id":"https:\/\/secma.dk\/sv\/utstallningar-och-utbildning\/utstallningar\/#primaryimage"},"thumbnailUrl":"https:\/\/secma.dk\/wp-content\/uploads\/2026\/01\/SFAI-300x192-1.png","datePublished":"2023-02-28T11:08:20+00:00","dateModified":"2026-01-06T10:06:45+00:00","description":"V\u00e5r serviceavdelning har, tack vare m\u00e5ng\u00e5rig erfarenhet av medicinteknisk utrustning, byggt upp en snabb, kvalificerad och professionell supportfunktion.","breadcrumb":{"@id":"https:\/\/secma.dk\/sv\/utstallningar-och-utbildning\/utstallningar\/#breadcrumb"},"inLanguage":"da-DK","potentialAction":[{"@type":"ReadAction","target":["https:\/\/secma.dk\/sv\/utstallningar-och-utbildning\/utstallningar\/"]}]},{"@type":"ImageObject","inLanguage":"da-DK","@id":"https:\/\/secma.dk\/sv\/utstallningar-och-utbildning\/utstallningar\/#primaryimage","url":"https:\/\/secma.dk\/wp-content\/uploads\/2026\/01\/SFAI-300x192-1.png","contentUrl":"https:\/\/secma.dk\/wp-content\/uploads\/2026\/01\/SFAI-300x192-1.png"},{"@type":"BreadcrumbList","@id":"https:\/\/secma.dk\/sv\/utstallningar-och-utbildning\/utstallningar\/#breadcrumb","itemListElement":[{"@type":"ListItem","position":1,"name":"Hjem","item":"https:\/\/secma.dk\/sv\/"},{"@type":"ListItem","position":2,"name":"Utst\u00e4llningar och utbildning","item":"https:\/\/secma.dk\/sv\/utstallningar-och-utbildning\/"},{"@type":"ListItem","position":3,"name":"Utst\u00e4llningar"}]},{"@type":"WebSite","@id":"https:\/\/secma.dk\/sv\/#website","url":"https:\/\/secma.dk\/sv\/","name":"Secma","description":"Web","publisher":{"@id":"https:\/\/secma.dk\/sv\/#organization"},"potentialAction":[{"@type":"SearchAction","target":{"@type":"EntryPoint","urlTemplate":"https:\/\/secma.dk\/sv\/?s={search_term_string}"},"query-input":{"@type":"PropertyValueSpecification","valueRequired":true,"valueName":"search_term_string"}}],"inLanguage":"da-DK"},{"@type":"Organization","@id":"https:\/\/secma.dk\/sv\/#organization","name":"Secma","url":"https:\/\/secma.dk\/sv\/","logo":{"@type":"ImageObject","inLanguage":"da-DK","@id":"https:\/\/secma.dk\/sv\/#\/schema\/logo\/image\/","url":"https:\/\/secma.dk\/wp-content\/uploads\/2023\/01\/Secma-Logo-med-Payoff-1.png","contentUrl":"https:\/\/secma.dk\/wp-content\/uploads\/2023\/01\/Secma-Logo-med-Payoff-1.png","width":1200,"height":388,"caption":"Secma"},"image":{"@id":"https:\/\/secma.dk\/sv\/#\/schema\/logo\/image\/"},"sameAs":["https:\/\/www.facebook.com\/secmamedicalinnovation","https:\/\/www.linkedin.com\/company\/secma\/"]}]}},"_links":{"self":[{"href":"https:\/\/secma.dk\/sv\/wp-json\/wp\/v2\/pages\/15025","targetHints":{"allow":["GET"]}}],"collection":[{"href":"https:\/\/secma.dk\/sv\/wp-json\/wp\/v2\/pages"}],"about":[{"href":"https:\/\/secma.dk\/sv\/wp-json\/wp\/v2\/types\/page"}],"author":[{"embeddable":true,"href":"https:\/\/secma.dk\/sv\/wp-json\/wp\/v2\/users\/2"}],"replies":[{"embeddable":true,"href":"https:\/\/secma.dk\/sv\/wp-json\/wp\/v2\/comments?post=15025"}],"version-history":[{"count":5,"href":"https:\/\/secma.dk\/sv\/wp-json\/wp\/v2\/pages\/15025\/revisions"}],"predecessor-version":[{"id":20140,"href":"https:\/\/secma.dk\/sv\/wp-json\/wp\/v2\/pages\/15025\/revisions\/20140"}],"up":[{"embeddable":true,"href":"https:\/\/secma.dk\/sv\/wp-json\/wp\/v2\/pages\/18640"}],"wp:attachment":[{"href":"https:\/\/secma.dk\/sv\/wp-json\/wp\/v2\/media?parent=15025"}],"curies":[{"name":"wp","href":"https:\/\/api.w.org\/{rel}","templated":true}]}}