{"id":14843,"date":"2023-03-03T10:23:53","date_gmt":"2023-03-03T09:23:53","guid":{"rendered":"https:\/\/secma.dk\/nyheder-og-viden-fra-secma\/"},"modified":"2025-11-25T21:52:07","modified_gmt":"2025-11-25T20:52:07","slug":"nyheder-og-viden-fra-secma","status":"publish","type":"page","link":"https:\/\/secma.dk\/sv\/nyheder-og-viden-fra-secma\/","title":{"rendered":"Nyheter och insikter fr\u00e5n Secma"},"content":{"rendered":"\t\t<div data-elementor-type=\"wp-page\" data-elementor-id=\"14843\" class=\"elementor elementor-14843 elementor-2216\" data-elementor-post-type=\"page\">\n\t\t\t\t\t\t<section class=\"elementor-section elementor-top-section elementor-element elementor-element-32de7fe elementor-section-height-min-height elementor-section-boxed elementor-section-height-default elementor-section-items-middle\" data-id=\"32de7fe\" data-element_type=\"section\" data-e-type=\"section\" data-settings=\"{&quot;background_background&quot;:&quot;classic&quot;}\">\n\t\t\t\t\t\t\t<div class=\"elementor-background-overlay\"><\/div>\n\t\t\t\t\t\t\t<div class=\"elementor-container elementor-column-gap-default\">\n\t\t\t\t\t<div class=\"elementor-column elementor-col-100 elementor-top-column elementor-element elementor-element-69845f9\" data-id=\"69845f9\" data-element_type=\"column\" data-e-type=\"column\">\n\t\t\t<div class=\"elementor-widget-wrap elementor-element-populated\">\n\t\t\t\t\t\t<div class=\"elementor-element elementor-element-19eede3 elementor-widget elementor-widget-heading\" data-id=\"19eede3\" data-element_type=\"widget\" data-e-type=\"widget\" data-widget_type=\"heading.default\">\n\t\t\t\t<div class=\"elementor-widget-container\">\n\t\t\t\t\t<h1 class=\"elementor-heading-title elementor-size-default\">F\u00e5 kunskap och nyheter<\/h1>\t\t\t\t<\/div>\n\t\t\t\t<\/div>\n\t\t\t\t\t<\/div>\n\t\t<\/div>\n\t\t\t\t\t<\/div>\n\t\t<\/section>\n\t\t<div class=\"elementor-element elementor-element-729366a e-flex e-con-boxed e-con e-parent\" data-id=\"729366a\" data-element_type=\"container\" data-e-type=\"container\">\n\t\t\t\t\t<div class=\"e-con-inner\">\n\t\t\t\t<div class=\"elementor-element elementor-element-c379e15 elementor-widget elementor-widget-html\" data-id=\"c379e15\" data-element_type=\"widget\" data-e-type=\"widget\" data-widget_type=\"html.default\">\n\t\t\t\t<div class=\"elementor-widget-container\">\n\t\t\t\t\t<iframe src=\"https:\/\/forms.webcrm.com\/form\/kqxj2Z-k8xWBprmt2ZrNEG-xxVpYsckrCcyYbvJGb40?lang=da&amp;embeded=true\" width=\"600\" height=\"1036\" frameborder=\"0\"><\/iframe>\t\t\t\t<\/div>\n\t\t\t\t<\/div>\n\t\t\t\t\t<\/div>\n\t\t\t\t<\/div>\n\t\t\t\t<\/div>\n\t\t","protected":false},"excerpt":{"rendered":"<p>F\u00e5 kunskap och nyheter<\/p>\n","protected":false},"author":2,"featured_media":0,"parent":0,"menu_order":1,"comment_status":"closed","ping_status":"closed","template":"","meta":{"_acf_changed":false,"site-sidebar-layout":"no-sidebar","site-content-layout":"page-builder","ast-site-content-layout":"default","site-content-style":"default","site-sidebar-style":"default","ast-global-header-display":"","ast-banner-title-visibility":"","ast-main-header-display":"","ast-hfb-above-header-display":"","ast-hfb-below-header-display":"","ast-hfb-mobile-header-display":"","site-post-title":"disabled","ast-breadcrumbs-content":"","ast-featured-img":"disabled","footer-sml-layout":"","ast-disable-related-posts":"","theme-transparent-header-meta":"","adv-header-id-meta":"","stick-header-meta":"","header-above-stick-meta":"","header-main-stick-meta":"","header-below-stick-meta":"","astra-migrate-meta-layouts":"default","ast-page-background-enabled":"default","ast-page-background-meta":{"desktop":{"background-color":"var(--ast-global-color-4)","background-image":"","background-repeat":"repeat","background-position":"center center","background-size":"auto","background-attachment":"scroll","background-type":"","background-media":"","overlay-type":"","overlay-color":"","overlay-opacity":"","overlay-gradient":""},"tablet":{"background-color":"","background-image":"","background-repeat":"repeat","background-position":"center center","background-size":"auto","background-attachment":"scroll","background-type":"","background-media":"","overlay-type":"","overlay-color":"","overlay-opacity":"","overlay-gradient":""},"mobile":{"background-color":"","background-image":"","background-repeat":"repeat","background-position":"center center","background-size":"auto","background-attachment":"scroll","background-type":"","background-media":"","overlay-type":"","overlay-color":"","overlay-opacity":"","overlay-gradient":""}},"ast-content-background-meta":{"desktop":{"background-color":"var(--ast-global-color-5)","background-image":"","background-repeat":"repeat","background-position":"center center","background-size":"auto","background-attachment":"scroll","background-type":"","background-media":"","overlay-type":"","overlay-color":"","overlay-opacity":"","overlay-gradient":""},"tablet":{"background-color":"var(--ast-global-color-5)","background-image":"","background-repeat":"repeat","background-position":"center center","background-size":"auto","background-attachment":"scroll","background-type":"","background-media":"","overlay-type":"","overlay-color":"","overlay-opacity":"","overlay-gradient":""},"mobile":{"background-color":"var(--ast-global-color-5)","background-image":"","background-repeat":"repeat","background-position":"center center","background-size":"auto","background-attachment":"scroll","background-type":"","background-media":"","overlay-type":"","overlay-color":"","overlay-opacity":"","overlay-gradient":""}},"footnotes":""},"class_list":["post-14843","page","type-page","status-publish","hentry"],"acf":[],"yoast_head":"<!-- This site is optimized with the Yoast SEO plugin v27.2 - https:\/\/yoast.com\/product\/yoast-seo-wordpress\/ -->\n<title>Nyheter och insikter fr\u00e5n Secma | Secma<\/title>\n<meta name=\"description\" content=\"Nyheter och insikter fr\u00e5n Secma Medical Innovation. L\u00e4s om de senaste utvecklingarna, produkterna och innovationerna inom medicinsk teknik.\" \/>\n<meta name=\"robots\" content=\"index, follow, max-snippet:-1, max-image-preview:large, max-video-preview:-1\" \/>\n<link rel=\"canonical\" href=\"https:\/\/secma.dk\/sv\/nyheder-og-viden-fra-secma\/\" \/>\n<meta property=\"og:locale\" content=\"da_DK\" \/>\n<meta property=\"og:type\" content=\"article\" \/>\n<meta property=\"og:title\" content=\"Nyheter och insikter fr\u00e5n Secma | Secma\" \/>\n<meta property=\"og:description\" content=\"Nyheter och insikter fr\u00e5n Secma Medical Innovation. L\u00e4s om de senaste utvecklingarna, produkterna och innovationerna inom medicinsk teknik.\" \/>\n<meta property=\"og:url\" content=\"https:\/\/secma.dk\/sv\/nyheder-og-viden-fra-secma\/\" \/>\n<meta property=\"og:site_name\" content=\"Secma\" \/>\n<meta property=\"article:publisher\" content=\"https:\/\/www.facebook.com\/secmamedicalinnovation\" \/>\n<meta property=\"article:modified_time\" content=\"2025-11-25T20:52:07+00:00\" \/>\n<meta property=\"og:image\" content=\"https:\/\/secma.dk\/wp-content\/uploads\/2025\/08\/Secma-Logo-600x600-u-baggrund.png\" \/>\n\t<meta property=\"og:image:width\" content=\"600\" \/>\n\t<meta property=\"og:image:height\" content=\"600\" \/>\n\t<meta property=\"og:image:type\" content=\"image\/png\" \/>\n<meta name=\"twitter:card\" content=\"summary_large_image\" \/>\n<meta name=\"twitter:label1\" content=\"Estimeret l\u00e6setid\" \/>\n\t<meta name=\"twitter:data1\" content=\"1 minut\" \/>\n<script type=\"application\/ld+json\" class=\"yoast-schema-graph\">{\"@context\":\"https:\/\/schema.org\",\"@graph\":[{\"@type\":\"WebPage\",\"@id\":\"https:\/\/secma.dk\/sv\/nyheder-og-viden-fra-secma\/\",\"url\":\"https:\/\/secma.dk\/sv\/nyheder-og-viden-fra-secma\/\",\"name\":\"Nyheter och insikter fr\u00e5n Secma | Secma\",\"isPartOf\":{\"@id\":\"https:\/\/secma.dk\/sv\/#website\"},\"datePublished\":\"2023-03-03T09:23:53+00:00\",\"dateModified\":\"2025-11-25T20:52:07+00:00\",\"description\":\"Nyheter och insikter fr\u00e5n Secma Medical Innovation. L\u00e4s om de senaste utvecklingarna, produkterna och innovationerna inom medicinsk teknik.\",\"breadcrumb\":{\"@id\":\"https:\/\/secma.dk\/sv\/nyheder-og-viden-fra-secma\/#breadcrumb\"},\"inLanguage\":\"da-DK\",\"potentialAction\":[{\"@type\":\"ReadAction\",\"target\":[\"https:\/\/secma.dk\/sv\/nyheder-og-viden-fra-secma\/\"]}]},{\"@type\":\"BreadcrumbList\",\"@id\":\"https:\/\/secma.dk\/sv\/nyheder-og-viden-fra-secma\/#breadcrumb\",\"itemListElement\":[{\"@type\":\"ListItem\",\"position\":1,\"name\":\"Hjem\",\"item\":\"https:\/\/secma.dk\/sv\/\"},{\"@type\":\"ListItem\",\"position\":2,\"name\":\"Nyheter och insikter fr\u00e5n Secma\"}]},{\"@type\":\"WebSite\",\"@id\":\"https:\/\/secma.dk\/sv\/#website\",\"url\":\"https:\/\/secma.dk\/sv\/\",\"name\":\"Secma\",\"description\":\"Web\",\"publisher\":{\"@id\":\"https:\/\/secma.dk\/sv\/#organization\"},\"potentialAction\":[{\"@type\":\"SearchAction\",\"target\":{\"@type\":\"EntryPoint\",\"urlTemplate\":\"https:\/\/secma.dk\/sv\/?s={search_term_string}\"},\"query-input\":{\"@type\":\"PropertyValueSpecification\",\"valueRequired\":true,\"valueName\":\"search_term_string\"}}],\"inLanguage\":\"da-DK\"},{\"@type\":\"Organization\",\"@id\":\"https:\/\/secma.dk\/sv\/#organization\",\"name\":\"Secma\",\"url\":\"https:\/\/secma.dk\/sv\/\",\"logo\":{\"@type\":\"ImageObject\",\"inLanguage\":\"da-DK\",\"@id\":\"https:\/\/secma.dk\/sv\/#\/schema\/logo\/image\/\",\"url\":\"https:\/\/secma.dk\/wp-content\/uploads\/2023\/01\/Secma-Logo-med-Payoff-1.png\",\"contentUrl\":\"https:\/\/secma.dk\/wp-content\/uploads\/2023\/01\/Secma-Logo-med-Payoff-1.png\",\"width\":1200,\"height\":388,\"caption\":\"Secma\"},\"image\":{\"@id\":\"https:\/\/secma.dk\/sv\/#\/schema\/logo\/image\/\"},\"sameAs\":[\"https:\/\/www.facebook.com\/secmamedicalinnovation\",\"https:\/\/www.linkedin.com\/company\/secma\/\"]}]}<\/script>\n<!-- \/ Yoast SEO plugin. -->","yoast_head_json":{"title":"Nyheter och insikter fr\u00e5n Secma | Secma","description":"Nyheter och insikter fr\u00e5n Secma Medical Innovation. L\u00e4s om de senaste utvecklingarna, produkterna och innovationerna inom medicinsk teknik.","robots":{"index":"index","follow":"follow","max-snippet":"max-snippet:-1","max-image-preview":"max-image-preview:large","max-video-preview":"max-video-preview:-1"},"canonical":"https:\/\/secma.dk\/sv\/nyheder-og-viden-fra-secma\/","og_locale":"da_DK","og_type":"article","og_title":"Nyheter och insikter fr\u00e5n Secma | Secma","og_description":"Nyheter och insikter fr\u00e5n Secma Medical Innovation. L\u00e4s om de senaste utvecklingarna, produkterna och innovationerna inom medicinsk teknik.","og_url":"https:\/\/secma.dk\/sv\/nyheder-og-viden-fra-secma\/","og_site_name":"Secma","article_publisher":"https:\/\/www.facebook.com\/secmamedicalinnovation","article_modified_time":"2025-11-25T20:52:07+00:00","og_image":[{"width":600,"height":600,"url":"https:\/\/secma.dk\/wp-content\/uploads\/2025\/08\/Secma-Logo-600x600-u-baggrund.png","type":"image\/png"}],"twitter_card":"summary_large_image","twitter_misc":{"Estimeret l\u00e6setid":"1 minut"},"schema":{"@context":"https:\/\/schema.org","@graph":[{"@type":"WebPage","@id":"https:\/\/secma.dk\/sv\/nyheder-og-viden-fra-secma\/","url":"https:\/\/secma.dk\/sv\/nyheder-og-viden-fra-secma\/","name":"Nyheter och insikter fr\u00e5n Secma | Secma","isPartOf":{"@id":"https:\/\/secma.dk\/sv\/#website"},"datePublished":"2023-03-03T09:23:53+00:00","dateModified":"2025-11-25T20:52:07+00:00","description":"Nyheter och insikter fr\u00e5n Secma Medical Innovation. L\u00e4s om de senaste utvecklingarna, produkterna och innovationerna inom medicinsk teknik.","breadcrumb":{"@id":"https:\/\/secma.dk\/sv\/nyheder-og-viden-fra-secma\/#breadcrumb"},"inLanguage":"da-DK","potentialAction":[{"@type":"ReadAction","target":["https:\/\/secma.dk\/sv\/nyheder-og-viden-fra-secma\/"]}]},{"@type":"BreadcrumbList","@id":"https:\/\/secma.dk\/sv\/nyheder-og-viden-fra-secma\/#breadcrumb","itemListElement":[{"@type":"ListItem","position":1,"name":"Hjem","item":"https:\/\/secma.dk\/sv\/"},{"@type":"ListItem","position":2,"name":"Nyheter och insikter fr\u00e5n Secma"}]},{"@type":"WebSite","@id":"https:\/\/secma.dk\/sv\/#website","url":"https:\/\/secma.dk\/sv\/","name":"Secma","description":"Web","publisher":{"@id":"https:\/\/secma.dk\/sv\/#organization"},"potentialAction":[{"@type":"SearchAction","target":{"@type":"EntryPoint","urlTemplate":"https:\/\/secma.dk\/sv\/?s={search_term_string}"},"query-input":{"@type":"PropertyValueSpecification","valueRequired":true,"valueName":"search_term_string"}}],"inLanguage":"da-DK"},{"@type":"Organization","@id":"https:\/\/secma.dk\/sv\/#organization","name":"Secma","url":"https:\/\/secma.dk\/sv\/","logo":{"@type":"ImageObject","inLanguage":"da-DK","@id":"https:\/\/secma.dk\/sv\/#\/schema\/logo\/image\/","url":"https:\/\/secma.dk\/wp-content\/uploads\/2023\/01\/Secma-Logo-med-Payoff-1.png","contentUrl":"https:\/\/secma.dk\/wp-content\/uploads\/2023\/01\/Secma-Logo-med-Payoff-1.png","width":1200,"height":388,"caption":"Secma"},"image":{"@id":"https:\/\/secma.dk\/sv\/#\/schema\/logo\/image\/"},"sameAs":["https:\/\/www.facebook.com\/secmamedicalinnovation","https:\/\/www.linkedin.com\/company\/secma\/"]}]}},"_links":{"self":[{"href":"https:\/\/secma.dk\/sv\/wp-json\/wp\/v2\/pages\/14843","targetHints":{"allow":["GET"]}}],"collection":[{"href":"https:\/\/secma.dk\/sv\/wp-json\/wp\/v2\/pages"}],"about":[{"href":"https:\/\/secma.dk\/sv\/wp-json\/wp\/v2\/types\/page"}],"author":[{"embeddable":true,"href":"https:\/\/secma.dk\/sv\/wp-json\/wp\/v2\/users\/2"}],"replies":[{"embeddable":true,"href":"https:\/\/secma.dk\/sv\/wp-json\/wp\/v2\/comments?post=14843"}],"version-history":[{"count":2,"href":"https:\/\/secma.dk\/sv\/wp-json\/wp\/v2\/pages\/14843\/revisions"}],"predecessor-version":[{"id":15333,"href":"https:\/\/secma.dk\/sv\/wp-json\/wp\/v2\/pages\/14843\/revisions\/15333"}],"wp:attachment":[{"href":"https:\/\/secma.dk\/sv\/wp-json\/wp\/v2\/media?parent=14843"}],"curies":[{"name":"wp","href":"https:\/\/api.w.org\/{rel}","templated":true}]}}