{"id":14812,"date":"2023-10-26T11:02:54","date_gmt":"2023-10-26T09:02:54","guid":{"rendered":"https:\/\/secma.dk\/cryoneurolyse\/"},"modified":"2025-12-15T09:56:01","modified_gmt":"2025-12-15T08:56:01","slug":"kryoneurolys","status":"publish","type":"page","link":"https:\/\/secma.dk\/sv\/alla-produkter\/kryoneurolys\/","title":{"rendered":"Kryoneurolys"},"content":{"rendered":"\t\t<div data-elementor-type=\"wp-page\" data-elementor-id=\"14812\" class=\"elementor elementor-14812 elementor-6147\" data-elementor-post-type=\"page\">\n\t\t\t\t\t\t<section class=\"elementor-section elementor-top-section elementor-element elementor-element-3b71eeb elementor-section-boxed elementor-section-height-default elementor-section-height-default\" data-id=\"3b71eeb\" data-element_type=\"section\" data-e-type=\"section\">\n\t\t\t\t\t\t<div class=\"elementor-container elementor-column-gap-default\">\n\t\t\t\t\t<div class=\"elementor-column elementor-col-100 elementor-top-column elementor-element elementor-element-d4bacba\" data-id=\"d4bacba\" data-element_type=\"column\" data-e-type=\"column\">\n\t\t\t<div class=\"elementor-widget-wrap elementor-element-populated\">\n\t\t\t\t\t\t<div class=\"elementor-element elementor-element-8c2b58c elementor-widget elementor-widget-heading\" data-id=\"8c2b58c\" data-element_type=\"widget\" data-e-type=\"widget\" data-widget_type=\"heading.default\">\n\t\t\t\t<div class=\"elementor-widget-container\">\n\t\t\t\t\t<h1 class=\"elementor-heading-title elementor-size-default\">Kryoneurolys<\/h1>\t\t\t\t<\/div>\n\t\t\t\t<\/div>\n\t\t\t\t<div class=\"elementor-element elementor-element-85d5aec elementor-widget elementor-widget-heading\" data-id=\"85d5aec\" data-element_type=\"widget\" data-e-type=\"widget\" data-widget_type=\"heading.default\">\n\t\t\t\t<div class=\"elementor-widget-container\">\n\t\t\t\t\t<h3 class=\"elementor-heading-title elementor-size-default\">CRYO-S\u00ae Painless erbjuder framtidens sm\u00e4rtlindring.<\/h3>\t\t\t\t<\/div>\n\t\t\t\t<\/div>\n\t\t\t\t<div class=\"elementor-element elementor-element-631585e elementor-widget elementor-widget-text-editor\" data-id=\"631585e\" data-element_type=\"widget\" data-e-type=\"widget\" data-widget_type=\"text-editor.default\">\n\t\t\t\t<div class=\"elementor-widget-container\">\n\t\t\t\t\t\t\t\t\t<p>Uppt\u00e4ck en avancerad sm\u00e4rtlindringsl\u00f6sning som anv\u00e4nder kryoneurolys &#8211; en bepr\u00f6vad metod f\u00f6r att minska sm\u00e4rta utan kirurgi. Med \u00f6ver 30 \u00e5rs erfarenhet bakom tekniken kombinerar systemet automatiserade funktioner, r\u00f6ststyrning och exakt nervstimulering f\u00f6r att garantera en s\u00e4ker, effektiv och anv\u00e4ndarv\u00e4nlig behandling.<\/p>\t\t\t\t\t\t\t\t<\/div>\n\t\t\t\t<\/div>\n\t\t\t\t<div class=\"elementor-element elementor-element-b6a7078 elementor-grid-3 elementor-grid-tablet-2 elementor-grid-mobile-1 elementor-widget elementor-widget-loop-grid\" data-id=\"b6a7078\" data-element_type=\"widget\" data-e-type=\"widget\" data-settings=\"{&quot;template_id&quot;:19533,&quot;_skin&quot;:&quot;post&quot;,&quot;columns&quot;:&quot;3&quot;,&quot;columns_tablet&quot;:&quot;2&quot;,&quot;columns_mobile&quot;:&quot;1&quot;,&quot;edit_handle_selector&quot;:&quot;[data-elementor-type=\\&quot;loop-item\\&quot;]&quot;,&quot;row_gap&quot;:{&quot;unit&quot;:&quot;px&quot;,&quot;size&quot;:&quot;&quot;,&quot;sizes&quot;:[]},&quot;row_gap_tablet&quot;:{&quot;unit&quot;:&quot;px&quot;,&quot;size&quot;:&quot;&quot;,&quot;sizes&quot;:[]},&quot;row_gap_mobile&quot;:{&quot;unit&quot;:&quot;px&quot;,&quot;size&quot;:&quot;&quot;,&quot;sizes&quot;:[]}}\" data-widget_type=\"loop-grid.post\">\n\t\t\t\t<div class=\"elementor-widget-container\">\n\t\t\t\t\t\t\t<div class=\"elementor-loop-container elementor-grid\" role=\"list\">\n\t\t<style id=\"loop-19533\">.elementor-19533 .elementor-element.elementor-element-f27f094{--display:flex;--align-items:center;--container-widget-width:calc( ( 1 - var( --container-widget-flex-grow ) ) * 100% );}.elementor-widget-image .widget-image-caption{color:var( --e-global-color-text );font-family:var( --e-global-typography-text-font-family ), Sans-serif;font-weight:var( --e-global-typography-text-font-weight );}\/* Start custom CSS for shortcode, class: .elementor-element-1f3a530 *\/.elementor-19533 .elementor-element.elementor-element-1f3a530 {\r\n\t-webkit-font-smoothing: antialiased;\r\n\tbox-sizing: border-box;\r\n\tclear: both;\r\n\tcolor: #001D3B;\r\n\tcolumns: auto;\r\n\tcursor: pointer;\r\n\tfont-family: \"Roboto Condensed\", sans-serif;\r\n\tfont-weight: 500;\r\n\tletter-spacing: -0.5px;\r\n\tline-height: 20px;\r\n\toverflow-wrap: break-word;\r\n\ttext-align: center;\r\n\tword-break: break-word;\r\n}\/* End custom CSS *\/\n\/* Start custom CSS for container, class: .elementor-element-f27f094 *\/.elementor-19533 .elementor-element.elementor-element-f27f094 {\n    text-decoration: unset !important;\n}\/* End custom CSS *\/<\/style>\t\t<div data-elementor-type=\"loop-item\" data-elementor-id=\"19533\" class=\"elementor elementor-19533 e-loop-item e-loop-item-19438 post-19438 produkter type-produkter status-publish has-post-thumbnail hentry category-kryoneurolys\" data-elementor-post-type=\"elementor_library\" data-custom-edit-handle=\"1\">\n\t\t\t<a class=\"elementor-element elementor-element-f27f094 e-flex e-con-boxed e-con e-parent\" data-id=\"f27f094\" data-element_type=\"container\" data-e-type=\"container\" href=\"https:\/\/secma.dk\/sv\/produkter\/cryo-s-painless\/\">\n\t\t\t\t\t<div class=\"e-con-inner\">\n\t\t\t\t<div class=\"elementor-element elementor-element-a729816 elementor-widget elementor-widget-image\" data-id=\"a729816\" data-element_type=\"widget\" data-e-type=\"widget\" data-widget_type=\"image.default\">\n\t\t\t\t<div class=\"elementor-widget-container\">\n\t\t\t\t\t\t\t\t\t\t\t\t\t\t\t<img decoding=\"async\" src=\"https:\/\/secma.dk\/wp-content\/uploads\/elementor\/thumbs\/Cryo-S-Painless-til-cryoneurolyse-qq88k64epguo4wirkxo748ymauojaylbn75da9np4w.png\" title=\"Cryo S Painless til cryoneurolyse\" alt=\"Produkt til cryoneurolyse fra Secma\" loading=\"lazy\" \/>\t\t\t\t\t\t\t\t\t\t\t\t\t\t\t<\/div>\n\t\t\t\t<\/div>\n\t\t\t\t<div class=\"elementor-element elementor-element-1f3a530 elementor-widget elementor-widget-shortcode\" data-id=\"1f3a530\" data-element_type=\"widget\" data-e-type=\"widget\" data-widget_type=\"shortcode.default\">\n\t\t\t\t<div class=\"elementor-widget-container\">\n\t\t\t\t\t\t\t<div class=\"elementor-shortcode\">CRYO-S Painless<\/div>\n\t\t\t\t\t\t<\/div>\n\t\t\t\t<\/div>\n\t\t\t\t\t<\/div>\n\t\t\t\t<\/a>\n\t\t\t\t<\/div>\n\t\t\t\t<\/div>\n\t\t\n\t\t\t\t\t\t<\/div>\n\t\t\t\t<\/div>\n\t\t\t\t<div class=\"elementor-element elementor-element-1092d93 elementor-grid-3 elementor-grid-tablet-2 elementor-grid-mobile-1 elementor-widget elementor-widget-loop-grid\" data-id=\"1092d93\" data-element_type=\"widget\" data-e-type=\"widget\" data-settings=\"{&quot;template_id&quot;:14507,&quot;_skin&quot;:&quot;post&quot;,&quot;columns&quot;:&quot;3&quot;,&quot;columns_tablet&quot;:&quot;2&quot;,&quot;columns_mobile&quot;:&quot;1&quot;,&quot;edit_handle_selector&quot;:&quot;[data-elementor-type=\\&quot;loop-item\\&quot;]&quot;,&quot;row_gap&quot;:{&quot;unit&quot;:&quot;px&quot;,&quot;size&quot;:&quot;&quot;,&quot;sizes&quot;:[]},&quot;row_gap_tablet&quot;:{&quot;unit&quot;:&quot;px&quot;,&quot;size&quot;:&quot;&quot;,&quot;sizes&quot;:[]},&quot;row_gap_mobile&quot;:{&quot;unit&quot;:&quot;px&quot;,&quot;size&quot;:&quot;&quot;,&quot;sizes&quot;:[]}}\" data-widget_type=\"loop-grid.post\">\n\t\t\t\t<div class=\"elementor-widget-container\">\n\t\t\t\t\t\t\t<div class=\"e-loop-nothing-found-message\">\n\t\t<\/div>\n\t\t\t\t\t\t<\/div>\n\t\t\t\t<\/div>\n\t\t\t\t\t<\/div>\n\t\t<\/div>\n\t\t\t\t\t<\/div>\n\t\t<\/section>\n\t\t\t\t<\/div>\n\t\t","protected":false},"excerpt":{"rendered":"<p>Kryoneurolys CRYO-S\u00ae Painless erbjuder framtidens sm\u00e4rtlindring. Uppt\u00e4ck en avancerad sm\u00e4rtlindringsl\u00f6sning som anv\u00e4nder kryoneurolys &#8211; en bepr\u00f6vad metod f\u00f6r att minska sm\u00e4rta utan kirurgi. Med \u00f6ver 30 \u00e5rs erfarenhet bakom tekniken kombinerar systemet automatiserade funktioner, r\u00f6ststyrning och exakt nervstimulering f\u00f6r att garantera en s\u00e4ker, effektiv och anv\u00e4ndarv\u00e4nlig behandling.<\/p>\n","protected":false},"author":2,"featured_media":14813,"parent":16550,"menu_order":0,"comment_status":"closed","ping_status":"closed","template":"","meta":{"_acf_changed":false,"site-sidebar-layout":"no-sidebar","site-content-layout":"page-builder","ast-site-content-layout":"full-width-container","site-content-style":"default","site-sidebar-style":"default","ast-global-header-display":"","ast-banner-title-visibility":"","ast-main-header-display":"","ast-hfb-above-header-display":"","ast-hfb-below-header-display":"","ast-hfb-mobile-header-display":"","site-post-title":"disabled","ast-breadcrumbs-content":"","ast-featured-img":"disabled","footer-sml-layout":"","ast-disable-related-posts":"","theme-transparent-header-meta":"default","adv-header-id-meta":"","stick-header-meta":"","header-above-stick-meta":"","header-main-stick-meta":"","header-below-stick-meta":"","astra-migrate-meta-layouts":"set","ast-page-background-enabled":"default","ast-page-background-meta":{"desktop":{"background-color":"var(--ast-global-color-4)","background-image":"","background-repeat":"repeat","background-position":"center center","background-size":"auto","background-attachment":"scroll","background-type":"","background-media":"","overlay-type":"","overlay-color":"","overlay-opacity":"","overlay-gradient":""},"tablet":{"background-color":"","background-image":"","background-repeat":"repeat","background-position":"center center","background-size":"auto","background-attachment":"scroll","background-type":"","background-media":"","overlay-type":"","overlay-color":"","overlay-opacity":"","overlay-gradient":""},"mobile":{"background-color":"","background-image":"","background-repeat":"repeat","background-position":"center center","background-size":"auto","background-attachment":"scroll","background-type":"","background-media":"","overlay-type":"","overlay-color":"","overlay-opacity":"","overlay-gradient":""}},"ast-content-background-meta":{"desktop":{"background-color":"var(--ast-global-color-5)","background-image":"","background-repeat":"repeat","background-position":"center center","background-size":"auto","background-attachment":"scroll","background-type":"","background-media":"","overlay-type":"","overlay-color":"","overlay-opacity":"","overlay-gradient":""},"tablet":{"background-color":"var(--ast-global-color-5)","background-image":"","background-repeat":"repeat","background-position":"center center","background-size":"auto","background-attachment":"scroll","background-type":"","background-media":"","overlay-type":"","overlay-color":"","overlay-opacity":"","overlay-gradient":""},"mobile":{"background-color":"var(--ast-global-color-5)","background-image":"","background-repeat":"repeat","background-position":"center center","background-size":"auto","background-attachment":"scroll","background-type":"","background-media":"","overlay-type":"","overlay-color":"","overlay-opacity":"","overlay-gradient":""}},"footnotes":""},"class_list":["post-14812","page","type-page","status-publish","has-post-thumbnail","hentry"],"acf":[],"yoast_head":"<!-- This site is optimized with the Yoast SEO plugin v27.5 - https:\/\/yoast.com\/product\/yoast-seo-wordpress\/ -->\n<title>Kryoneurolys | Secma<\/title>\n<meta name=\"description\" content=\"Upplev en avancerad l\u00f6sning f\u00f6r sm\u00e4rtlindring som anv\u00e4nder cryoneurolys \u2013 en v\u00e4l dokumenterad metod f\u00f6r att minska sm\u00e4rta utan kirurgi.\" \/>\n<meta name=\"robots\" content=\"index, follow, max-snippet:-1, max-image-preview:large, max-video-preview:-1\" \/>\n<link rel=\"canonical\" href=\"https:\/\/secma.dk\/sv\/alla-produkter\/kryoneurolys\/\" \/>\n<meta property=\"og:locale\" content=\"da_DK\" \/>\n<meta property=\"og:type\" content=\"article\" \/>\n<meta property=\"og:title\" content=\"Kryoneurolys | Secma\" \/>\n<meta property=\"og:description\" content=\"Upplev en avancerad l\u00f6sning f\u00f6r sm\u00e4rtlindring som anv\u00e4nder cryoneurolys \u2013 en v\u00e4l dokumenterad metod f\u00f6r att minska sm\u00e4rta utan kirurgi.\" \/>\n<meta property=\"og:url\" content=\"https:\/\/secma.dk\/sv\/alla-produkter\/kryoneurolys\/\" \/>\n<meta property=\"og:site_name\" content=\"Secma\" \/>\n<meta property=\"article:publisher\" content=\"https:\/\/www.facebook.com\/secmamedicalinnovation\" \/>\n<meta property=\"article:modified_time\" content=\"2025-12-15T08:56:01+00:00\" \/>\n<meta property=\"og:image\" content=\"https:\/\/secma.dk\/wp-content\/uploads\/2023\/10\/CRYO-S-\u00ae-Painless-bruges-af-specialister-i-hele-verden.png\" \/>\n\t<meta property=\"og:image:width\" content=\"1200\" \/>\n\t<meta property=\"og:image:height\" content=\"1200\" \/>\n\t<meta property=\"og:image:type\" content=\"image\/png\" \/>\n<meta name=\"twitter:card\" content=\"summary_large_image\" \/>\n<meta name=\"twitter:label1\" content=\"Estimeret l\u00e6setid\" \/>\n\t<meta name=\"twitter:data1\" content=\"1 minut\" \/>\n<script type=\"application\/ld+json\" class=\"yoast-schema-graph\">{\"@context\":\"https:\\\/\\\/schema.org\",\"@graph\":[{\"@type\":\"WebPage\",\"@id\":\"https:\\\/\\\/secma.dk\\\/sv\\\/alla-produkter\\\/kryoneurolys\\\/\",\"url\":\"https:\\\/\\\/secma.dk\\\/sv\\\/alla-produkter\\\/kryoneurolys\\\/\",\"name\":\"Kryoneurolys | Secma\",\"isPartOf\":{\"@id\":\"https:\\\/\\\/secma.dk\\\/sv\\\/#website\"},\"primaryImageOfPage\":{\"@id\":\"https:\\\/\\\/secma.dk\\\/sv\\\/alla-produkter\\\/kryoneurolys\\\/#primaryimage\"},\"image\":{\"@id\":\"https:\\\/\\\/secma.dk\\\/sv\\\/alla-produkter\\\/kryoneurolys\\\/#primaryimage\"},\"thumbnailUrl\":\"https:\\\/\\\/secma.dk\\\/wp-content\\\/uploads\\\/2023\\\/10\\\/CRYO-S-\u00ae-Painless-bruges-af-specialister-i-hele-verden.png\",\"datePublished\":\"2023-10-26T09:02:54+00:00\",\"dateModified\":\"2025-12-15T08:56:01+00:00\",\"description\":\"Upplev en avancerad l\u00f6sning f\u00f6r sm\u00e4rtlindring som anv\u00e4nder cryoneurolys \u2013 en v\u00e4l dokumenterad metod f\u00f6r att minska sm\u00e4rta utan kirurgi.\",\"breadcrumb\":{\"@id\":\"https:\\\/\\\/secma.dk\\\/sv\\\/alla-produkter\\\/kryoneurolys\\\/#breadcrumb\"},\"inLanguage\":\"da-DK\",\"potentialAction\":[{\"@type\":\"ReadAction\",\"target\":[\"https:\\\/\\\/secma.dk\\\/sv\\\/alla-produkter\\\/kryoneurolys\\\/\"]}]},{\"@type\":\"ImageObject\",\"inLanguage\":\"da-DK\",\"@id\":\"https:\\\/\\\/secma.dk\\\/sv\\\/alla-produkter\\\/kryoneurolys\\\/#primaryimage\",\"url\":\"https:\\\/\\\/secma.dk\\\/wp-content\\\/uploads\\\/2023\\\/10\\\/CRYO-S-\u00ae-Painless-bruges-af-specialister-i-hele-verden.png\",\"contentUrl\":\"https:\\\/\\\/secma.dk\\\/wp-content\\\/uploads\\\/2023\\\/10\\\/CRYO-S-\u00ae-Painless-bruges-af-specialister-i-hele-verden.png\",\"width\":1200,\"height\":1200,\"caption\":\"Kryoneurolys - CRYO-S \u00ae Sm\u00e4rtfri anv\u00e4nds av specialister \u00f6ver hela v\u00e4rlden\"},{\"@type\":\"BreadcrumbList\",\"@id\":\"https:\\\/\\\/secma.dk\\\/sv\\\/alla-produkter\\\/kryoneurolys\\\/#breadcrumb\",\"itemListElement\":[{\"@type\":\"ListItem\",\"position\":1,\"name\":\"Hjem\",\"item\":\"https:\\\/\\\/secma.dk\\\/sv\\\/\"},{\"@type\":\"ListItem\",\"position\":2,\"name\":\"Alla produkter\",\"item\":\"https:\\\/\\\/secma.dk\\\/sv\\\/alla-produkter\\\/\"},{\"@type\":\"ListItem\",\"position\":3,\"name\":\"Kryoneurolys\"}]},{\"@type\":\"WebSite\",\"@id\":\"https:\\\/\\\/secma.dk\\\/sv\\\/#website\",\"url\":\"https:\\\/\\\/secma.dk\\\/sv\\\/\",\"name\":\"Secma\",\"description\":\"Web\",\"publisher\":{\"@id\":\"https:\\\/\\\/secma.dk\\\/sv\\\/#organization\"},\"potentialAction\":[{\"@type\":\"SearchAction\",\"target\":{\"@type\":\"EntryPoint\",\"urlTemplate\":\"https:\\\/\\\/secma.dk\\\/sv\\\/?s={search_term_string}\"},\"query-input\":{\"@type\":\"PropertyValueSpecification\",\"valueRequired\":true,\"valueName\":\"search_term_string\"}}],\"inLanguage\":\"da-DK\"},{\"@type\":\"Organization\",\"@id\":\"https:\\\/\\\/secma.dk\\\/sv\\\/#organization\",\"name\":\"Secma\",\"url\":\"https:\\\/\\\/secma.dk\\\/sv\\\/\",\"logo\":{\"@type\":\"ImageObject\",\"inLanguage\":\"da-DK\",\"@id\":\"https:\\\/\\\/secma.dk\\\/sv\\\/#\\\/schema\\\/logo\\\/image\\\/\",\"url\":\"https:\\\/\\\/secma.dk\\\/wp-content\\\/uploads\\\/2023\\\/01\\\/Secma-Logo-med-Payoff-1.png\",\"contentUrl\":\"https:\\\/\\\/secma.dk\\\/wp-content\\\/uploads\\\/2023\\\/01\\\/Secma-Logo-med-Payoff-1.png\",\"width\":1200,\"height\":388,\"caption\":\"Secma\"},\"image\":{\"@id\":\"https:\\\/\\\/secma.dk\\\/sv\\\/#\\\/schema\\\/logo\\\/image\\\/\"},\"sameAs\":[\"https:\\\/\\\/www.facebook.com\\\/secmamedicalinnovation\",\"https:\\\/\\\/www.linkedin.com\\\/company\\\/secma\\\/\"]}]}<\/script>\n<!-- \/ Yoast SEO plugin. -->","yoast_head_json":{"title":"Kryoneurolys | Secma","description":"Upplev en avancerad l\u00f6sning f\u00f6r sm\u00e4rtlindring som anv\u00e4nder cryoneurolys \u2013 en v\u00e4l dokumenterad metod f\u00f6r att minska sm\u00e4rta utan kirurgi.","robots":{"index":"index","follow":"follow","max-snippet":"max-snippet:-1","max-image-preview":"max-image-preview:large","max-video-preview":"max-video-preview:-1"},"canonical":"https:\/\/secma.dk\/sv\/alla-produkter\/kryoneurolys\/","og_locale":"da_DK","og_type":"article","og_title":"Kryoneurolys | Secma","og_description":"Upplev en avancerad l\u00f6sning f\u00f6r sm\u00e4rtlindring som anv\u00e4nder cryoneurolys \u2013 en v\u00e4l dokumenterad metod f\u00f6r att minska sm\u00e4rta utan kirurgi.","og_url":"https:\/\/secma.dk\/sv\/alla-produkter\/kryoneurolys\/","og_site_name":"Secma","article_publisher":"https:\/\/www.facebook.com\/secmamedicalinnovation","article_modified_time":"2025-12-15T08:56:01+00:00","og_image":[{"width":1200,"height":1200,"url":"https:\/\/secma.dk\/wp-content\/uploads\/2023\/10\/CRYO-S-\u00ae-Painless-bruges-af-specialister-i-hele-verden.png","type":"image\/png"}],"twitter_card":"summary_large_image","twitter_misc":{"Estimeret l\u00e6setid":"1 minut"},"schema":{"@context":"https:\/\/schema.org","@graph":[{"@type":"WebPage","@id":"https:\/\/secma.dk\/sv\/alla-produkter\/kryoneurolys\/","url":"https:\/\/secma.dk\/sv\/alla-produkter\/kryoneurolys\/","name":"Kryoneurolys | Secma","isPartOf":{"@id":"https:\/\/secma.dk\/sv\/#website"},"primaryImageOfPage":{"@id":"https:\/\/secma.dk\/sv\/alla-produkter\/kryoneurolys\/#primaryimage"},"image":{"@id":"https:\/\/secma.dk\/sv\/alla-produkter\/kryoneurolys\/#primaryimage"},"thumbnailUrl":"https:\/\/secma.dk\/wp-content\/uploads\/2023\/10\/CRYO-S-\u00ae-Painless-bruges-af-specialister-i-hele-verden.png","datePublished":"2023-10-26T09:02:54+00:00","dateModified":"2025-12-15T08:56:01+00:00","description":"Upplev en avancerad l\u00f6sning f\u00f6r sm\u00e4rtlindring som anv\u00e4nder cryoneurolys \u2013 en v\u00e4l dokumenterad metod f\u00f6r att minska sm\u00e4rta utan kirurgi.","breadcrumb":{"@id":"https:\/\/secma.dk\/sv\/alla-produkter\/kryoneurolys\/#breadcrumb"},"inLanguage":"da-DK","potentialAction":[{"@type":"ReadAction","target":["https:\/\/secma.dk\/sv\/alla-produkter\/kryoneurolys\/"]}]},{"@type":"ImageObject","inLanguage":"da-DK","@id":"https:\/\/secma.dk\/sv\/alla-produkter\/kryoneurolys\/#primaryimage","url":"https:\/\/secma.dk\/wp-content\/uploads\/2023\/10\/CRYO-S-\u00ae-Painless-bruges-af-specialister-i-hele-verden.png","contentUrl":"https:\/\/secma.dk\/wp-content\/uploads\/2023\/10\/CRYO-S-\u00ae-Painless-bruges-af-specialister-i-hele-verden.png","width":1200,"height":1200,"caption":"Kryoneurolys - CRYO-S \u00ae Sm\u00e4rtfri anv\u00e4nds av specialister \u00f6ver hela v\u00e4rlden"},{"@type":"BreadcrumbList","@id":"https:\/\/secma.dk\/sv\/alla-produkter\/kryoneurolys\/#breadcrumb","itemListElement":[{"@type":"ListItem","position":1,"name":"Hjem","item":"https:\/\/secma.dk\/sv\/"},{"@type":"ListItem","position":2,"name":"Alla produkter","item":"https:\/\/secma.dk\/sv\/alla-produkter\/"},{"@type":"ListItem","position":3,"name":"Kryoneurolys"}]},{"@type":"WebSite","@id":"https:\/\/secma.dk\/sv\/#website","url":"https:\/\/secma.dk\/sv\/","name":"Secma","description":"Web","publisher":{"@id":"https:\/\/secma.dk\/sv\/#organization"},"potentialAction":[{"@type":"SearchAction","target":{"@type":"EntryPoint","urlTemplate":"https:\/\/secma.dk\/sv\/?s={search_term_string}"},"query-input":{"@type":"PropertyValueSpecification","valueRequired":true,"valueName":"search_term_string"}}],"inLanguage":"da-DK"},{"@type":"Organization","@id":"https:\/\/secma.dk\/sv\/#organization","name":"Secma","url":"https:\/\/secma.dk\/sv\/","logo":{"@type":"ImageObject","inLanguage":"da-DK","@id":"https:\/\/secma.dk\/sv\/#\/schema\/logo\/image\/","url":"https:\/\/secma.dk\/wp-content\/uploads\/2023\/01\/Secma-Logo-med-Payoff-1.png","contentUrl":"https:\/\/secma.dk\/wp-content\/uploads\/2023\/01\/Secma-Logo-med-Payoff-1.png","width":1200,"height":388,"caption":"Secma"},"image":{"@id":"https:\/\/secma.dk\/sv\/#\/schema\/logo\/image\/"},"sameAs":["https:\/\/www.facebook.com\/secmamedicalinnovation","https:\/\/www.linkedin.com\/company\/secma\/"]}]}},"_links":{"self":[{"href":"https:\/\/secma.dk\/sv\/wp-json\/wp\/v2\/pages\/14812","targetHints":{"allow":["GET"]}}],"collection":[{"href":"https:\/\/secma.dk\/sv\/wp-json\/wp\/v2\/pages"}],"about":[{"href":"https:\/\/secma.dk\/sv\/wp-json\/wp\/v2\/types\/page"}],"author":[{"embeddable":true,"href":"https:\/\/secma.dk\/sv\/wp-json\/wp\/v2\/users\/2"}],"replies":[{"embeddable":true,"href":"https:\/\/secma.dk\/sv\/wp-json\/wp\/v2\/comments?post=14812"}],"version-history":[{"count":5,"href":"https:\/\/secma.dk\/sv\/wp-json\/wp\/v2\/pages\/14812\/revisions"}],"predecessor-version":[{"id":19574,"href":"https:\/\/secma.dk\/sv\/wp-json\/wp\/v2\/pages\/14812\/revisions\/19574"}],"up":[{"embeddable":true,"href":"https:\/\/secma.dk\/sv\/wp-json\/wp\/v2\/pages\/16550"}],"wp:featuredmedia":[{"embeddable":true,"href":"https:\/\/secma.dk\/sv\/wp-json\/wp\/v2\/media\/14813"}],"wp:attachment":[{"href":"https:\/\/secma.dk\/sv\/wp-json\/wp\/v2\/media?parent=14812"}],"curies":[{"name":"wp","href":"https:\/\/api.w.org\/{rel}","templated":true}]}}