{"id":15090,"date":"2023-02-09T10:58:19","date_gmt":"2023-02-09T09:58:19","guid":{"rendered":"https:\/\/secma.dk\/service-og-garantibetingelser-for-medicoteknisk-udstyr\/"},"modified":"2026-02-10T10:50:52","modified_gmt":"2026-02-10T09:50:52","slug":"service-og-garantivilkaar","status":"publish","type":"page","link":"https:\/\/secma.dk\/no\/service-og-garantivilkaar\/","title":{"rendered":"Service- og garantivilk\u00e5r"},"content":{"rendered":"\t\t<div data-elementor-type=\"wp-page\" data-elementor-id=\"15090\" class=\"elementor elementor-15090 elementor-506\" data-elementor-post-type=\"page\">\n\t\t\t\t\t\t<section class=\"elementor-section elementor-top-section elementor-element elementor-element-70b9b2b elementor-section-boxed elementor-section-height-default elementor-section-height-default\" data-id=\"70b9b2b\" data-element_type=\"section\" data-e-type=\"section\" data-settings=\"{&quot;background_background&quot;:&quot;classic&quot;}\">\n\t\t\t\t\t\t<div class=\"elementor-container elementor-column-gap-default\">\n\t\t\t\t\t<div class=\"elementor-column elementor-col-100 elementor-top-column elementor-element elementor-element-b967500\" data-id=\"b967500\" data-element_type=\"column\" data-e-type=\"column\">\n\t\t\t<div class=\"elementor-widget-wrap elementor-element-populated\">\n\t\t\t\t\t\t<div class=\"elementor-element elementor-element-ba83dce elementor-widget elementor-widget-heading\" data-id=\"ba83dce\" data-element_type=\"widget\" data-e-type=\"widget\" data-widget_type=\"heading.default\">\n\t\t\t\t<div class=\"elementor-widget-container\">\n\t\t\t\t\t<h1 class=\"elementor-heading-title elementor-size-default\">Service- og garantivilk\u00e5r<\/h1>\t\t\t\t<\/div>\n\t\t\t\t<\/div>\n\t\t\t\t<div class=\"elementor-element elementor-element-be629df elementor-widget elementor-widget-text-editor\" data-id=\"be629df\" data-element_type=\"widget\" data-e-type=\"widget\" data-widget_type=\"text-editor.default\">\n\t\t\t\t<div class=\"elementor-widget-container\">\n\t\t\t\t\t\t\t\t\t<p><b>Reparasjoner \/ Prisoverslag<\/b><br \/>Tilbud p\u00e5 reparasjon koster 2200 NOK. Aksepteres tilbudet, motregnes bel\u00f8pet p\u00e5 reparasjonsprisen. Med mindre annet er avtalt, utf\u00f8res reparasjoner automatisk p\u00e5 innsendte apparater hvis totalpris ikke overstiger 20 % av nypris. For alle reparasjoner hvor prisen overstiger 20 % av nyverdien, vil kunden alltid bli kontaktet av v\u00e5re teknikere med et prisoverslag.<\/p><p>Reparasjoner under 2200 NOK vil bli p\u00e5lagt et administrasjonsgebyr p\u00e5 70 NOK.<\/p><p>Reparasjoner forventes normalt returnert innenfor 10 arbeidsdager fra mottakelse, dog kan det i visse tilfeller p\u00e5regnes ekstra leveringstid ved reservedeler i restordre.<\/p><p>Alle opplyste priser er eks. mva.<\/p><p><b>Frakt<\/b><br \/>Returnering av reparasjoner med totalpris under 4500 NOK vil bli p\u00e5lagt et forsendelsesgebyr p\u00e5 500 NOK. Med mindre annet er opplyst, vil reparasjon bli returnert til samme adresse som den er sendt fra.<\/p><p><b>Dokumentasjon<\/b><br \/>Reparasjoner, kalibreringer &amp; vedlikeholdsettersyn som utf\u00f8res av Secma, registreres i servicesystemet med full sporbarhet p\u00e5 serienummer. Dessuten utf\u00f8res det alltid, med mindre annet er avtalt, sluttest p\u00e5 apparater med kalibrert testutstyr, testrapport vedlegges og ettersynsmerkat p\u00e5settes.<\/p>\t\t\t\t\t\t\t\t<\/div>\n\t\t\t\t<\/div>\n\t\t\t\t\t<\/div>\n\t\t<\/div>\n\t\t\t\t\t<\/div>\n\t\t<\/section>\n\t\t\t\t<section class=\"elementor-section elementor-top-section elementor-element elementor-element-7773b88 elementor-section-boxed elementor-section-height-default elementor-section-height-default\" data-id=\"7773b88\" data-element_type=\"section\" data-e-type=\"section\">\n\t\t\t\t\t\t<div class=\"elementor-container elementor-column-gap-default\">\n\t\t\t\t\t<div class=\"elementor-column elementor-col-50 elementor-top-column elementor-element elementor-element-f7cedf5\" data-id=\"f7cedf5\" data-element_type=\"column\" data-e-type=\"column\">\n\t\t\t<div class=\"elementor-widget-wrap elementor-element-populated\">\n\t\t\t\t\t\t<div class=\"elementor-element elementor-element-9ffc803 elementor-widget elementor-widget-text-editor\" data-id=\"9ffc803\" data-element_type=\"widget\" data-e-type=\"widget\" data-widget_type=\"text-editor.default\">\n\t\t\t\t<div class=\"elementor-widget-container\">\n\t\t\t\t\t\t\t\t\t<p><strong>Betaling \/ Fakturering<\/strong><br \/>For offentlige institusjoner er det et krav at EAN-nummer, rekvisisjonsnummer samt kontaktperson opplyses. Dette gjelder ogs\u00e5 selv om apparatet er omfattet av garanti. For ikke-offentlige institusjoner \/ ikke-EAN-registrerte bedrifter, vil faktura bli sendt elektronisk via e-post samt vedlagt reparasjonsrapport.<\/p><p><strong>Garanti &amp; reklamasjonsfrist<\/strong><br \/>Alle apparater som forhandles av Secma Medical Innovation, har som minimum 1 \u00e5rs full garanti \u2013 normalt 1 \u00e5r fra fakturadato. P\u00e5 utskiftede reservedeler gis det som utgangspunkt 3 m\u00e5neders garanti, med mindre annet er opplyst av produsenten.<\/p><p data-path-to-node=\"14\">Garantien dekker ikke feil eller skade, oppst\u00e5tt som f\u00f8lge av feil betjening, misbruk eller tap av utstyret. Reklamasjonsfristen p\u00e5 reparasjoner er 3 m\u00e5neder fra mottakelse. Reklamasjoner m\u00e5 meldes skriftlig til serviceavdelingen p\u00e5 <a href=\"mailto:support@secma.as\">support@secma.as<\/a><\/p>\t\t\t\t\t\t\t\t<\/div>\n\t\t\t\t<\/div>\n\t\t\t\t\t<\/div>\n\t\t<\/div>\n\t\t\t\t<div class=\"elementor-column elementor-col-50 elementor-top-column elementor-element elementor-element-3860c99\" data-id=\"3860c99\" data-element_type=\"column\" data-e-type=\"column\">\n\t\t\t<div class=\"elementor-widget-wrap elementor-element-populated\">\n\t\t\t\t\t\t<div class=\"elementor-element elementor-element-2f3f76d elementor-widget elementor-widget-image\" data-id=\"2f3f76d\" data-element_type=\"widget\" data-e-type=\"widget\" data-widget_type=\"image.default\">\n\t\t\t\t<div class=\"elementor-widget-container\">\n\t\t\t\t\t\t\t\t\t\t\t\t\t\t\t<img fetchpriority=\"high\" decoding=\"async\" width=\"500\" height=\"500\" src=\"https:\/\/secma.dk\/wp-content\/uploads\/2023\/02\/secma-rep-og-service_web.jpg\" class=\"attachment-large size-large wp-image-13238\" alt=\"Secma-rep-og-service_web\" srcset=\"https:\/\/secma.dk\/wp-content\/uploads\/2023\/02\/secma-rep-og-service_web.jpg 500w, https:\/\/secma.dk\/wp-content\/uploads\/2023\/02\/secma-rep-og-service_web-300x300.jpg 300w, https:\/\/secma.dk\/wp-content\/uploads\/2023\/02\/secma-rep-og-service_web-150x150.jpg 150w\" sizes=\"(max-width: 500px) 100vw, 500px\" \/>\t\t\t\t\t\t\t\t\t\t\t\t\t\t\t<\/div>\n\t\t\t\t<\/div>\n\t\t\t\t\t<\/div>\n\t\t<\/div>\n\t\t\t\t\t<\/div>\n\t\t<\/section>\n\t\t\t\t<\/div>\n\t\t","protected":false},"excerpt":{"rendered":"<p>Service- og garantivilk\u00e5r Reparasjoner \/ PrisoverslagTilbud p\u00e5 reparasjon koster 2200 NOK. Aksepteres tilbudet, motregnes bel\u00f8pet p\u00e5 reparasjonsprisen. Med mindre annet er avtalt, utf\u00f8res reparasjoner automatisk p\u00e5 innsendte apparater hvis totalpris ikke overstiger 20 % av nypris. For alle reparasjoner hvor prisen overstiger 20 % av nyverdien, vil kunden alltid bli kontaktet av v\u00e5re teknikere med [&hellip;]<\/p>\n","protected":false},"author":2,"featured_media":0,"parent":0,"menu_order":54,"comment_status":"closed","ping_status":"closed","template":"elementor_header_footer","meta":{"_acf_changed":false,"site-sidebar-layout":"no-sidebar","site-content-layout":"page-builder","ast-site-content-layout":"full-width-container","site-content-style":"unboxed","site-sidebar-style":"unboxed","ast-global-header-display":"","ast-banner-title-visibility":"","ast-main-header-display":"","ast-hfb-above-header-display":"","ast-hfb-below-header-display":"","ast-hfb-mobile-header-display":"","site-post-title":"disabled","ast-breadcrumbs-content":"","ast-featured-img":"disabled","footer-sml-layout":"","ast-disable-related-posts":"","theme-transparent-header-meta":"","adv-header-id-meta":"","stick-header-meta":"","header-above-stick-meta":"","header-main-stick-meta":"","header-below-stick-meta":"","astra-migrate-meta-layouts":"set","ast-page-background-enabled":"default","ast-page-background-meta":{"desktop":{"background-color":"var(--ast-global-color-4)","background-image":"","background-repeat":"repeat","background-position":"center center","background-size":"auto","background-attachment":"scroll","background-type":"","background-media":"","overlay-type":"","overlay-color":"","overlay-opacity":"","overlay-gradient":""},"tablet":{"background-color":"","background-image":"","background-repeat":"repeat","background-position":"center center","background-size":"auto","background-attachment":"scroll","background-type":"","background-media":"","overlay-type":"","overlay-color":"","overlay-opacity":"","overlay-gradient":""},"mobile":{"background-color":"","background-image":"","background-repeat":"repeat","background-position":"center center","background-size":"auto","background-attachment":"scroll","background-type":"","background-media":"","overlay-type":"","overlay-color":"","overlay-opacity":"","overlay-gradient":""}},"ast-content-background-meta":{"desktop":{"background-color":"var(--ast-global-color-5)","background-image":"","background-repeat":"repeat","background-position":"center center","background-size":"auto","background-attachment":"scroll","background-type":"","background-media":"","overlay-type":"","overlay-color":"","overlay-opacity":"","overlay-gradient":""},"tablet":{"background-color":"var(--ast-global-color-5)","background-image":"","background-repeat":"repeat","background-position":"center center","background-size":"auto","background-attachment":"scroll","background-type":"","background-media":"","overlay-type":"","overlay-color":"","overlay-opacity":"","overlay-gradient":""},"mobile":{"background-color":"var(--ast-global-color-5)","background-image":"","background-repeat":"repeat","background-position":"center center","background-size":"auto","background-attachment":"scroll","background-type":"","background-media":"","overlay-type":"","overlay-color":"","overlay-opacity":"","overlay-gradient":""}},"footnotes":""},"class_list":["post-15090","page","type-page","status-publish","hentry"],"acf":[],"yoast_head":"<!-- This site is optimized with the Yoast SEO plugin v27.5 - https:\/\/yoast.com\/product\/yoast-seo-wordpress\/ -->\n<title>Service- og garantivilk\u00e5r | Secma Medical Innovation<\/title>\n<meta name=\"description\" content=\"Her finner du den viktigste informasjonen om v\u00e5re service- og garantibetingelser. Har du ytterligere sp\u00f8rsm\u00e5l, vennligst ikke n\u00f8l med \u00e5 kontakte oss.\" \/>\n<meta name=\"robots\" content=\"index, follow, max-snippet:-1, max-image-preview:large, max-video-preview:-1\" \/>\n<link rel=\"canonical\" href=\"https:\/\/secma.dk\/no\/service-og-garantivilkaar\/\" \/>\n<meta property=\"og:locale\" content=\"nb_NO\" \/>\n<meta property=\"og:type\" content=\"article\" \/>\n<meta property=\"og:title\" content=\"Service- og garantivilk\u00e5r | Secma Medical Innovation\" \/>\n<meta property=\"og:description\" content=\"Her finner du den viktigste informasjonen om v\u00e5re service- og garantibetingelser. Har du ytterligere sp\u00f8rsm\u00e5l, vennligst ikke n\u00f8l med \u00e5 kontakte oss.\" \/>\n<meta property=\"og:url\" content=\"https:\/\/secma.dk\/no\/service-og-garantivilkaar\/\" \/>\n<meta property=\"og:site_name\" content=\"Secma\" \/>\n<meta property=\"article:publisher\" content=\"https:\/\/www.facebook.com\/secmamedicalinnovation\" \/>\n<meta property=\"article:modified_time\" content=\"2026-02-10T09:50:52+00:00\" \/>\n<meta property=\"og:image\" content=\"https:\/\/secma.dk\/wp-content\/uploads\/2023\/02\/secma-rep-og-service_web.jpg\" \/>\n\t<meta property=\"og:image:width\" content=\"500\" \/>\n\t<meta property=\"og:image:height\" content=\"500\" \/>\n\t<meta property=\"og:image:type\" content=\"image\/jpeg\" \/>\n<meta name=\"twitter:card\" content=\"summary_large_image\" \/>\n<meta name=\"twitter:label1\" content=\"Ansl. lesetid\" \/>\n\t<meta name=\"twitter:data1\" content=\"2 minutter\" \/>\n<script type=\"application\/ld+json\" class=\"yoast-schema-graph\">{\"@context\":\"https:\\\/\\\/schema.org\",\"@graph\":[{\"@type\":\"WebPage\",\"@id\":\"https:\\\/\\\/secma.dk\\\/no\\\/service-og-garantivilkaar\\\/\",\"url\":\"https:\\\/\\\/secma.dk\\\/no\\\/service-og-garantivilkaar\\\/\",\"name\":\"Service- og garantivilk\u00e5r | Secma Medical Innovation\",\"isPartOf\":{\"@id\":\"https:\\\/\\\/secma.dk\\\/no\\\/#website\"},\"primaryImageOfPage\":{\"@id\":\"https:\\\/\\\/secma.dk\\\/no\\\/service-og-garantivilkaar\\\/#primaryimage\"},\"image\":{\"@id\":\"https:\\\/\\\/secma.dk\\\/no\\\/service-og-garantivilkaar\\\/#primaryimage\"},\"thumbnailUrl\":\"https:\\\/\\\/secma.dk\\\/wp-content\\\/uploads\\\/2023\\\/02\\\/secma-rep-og-service_web.jpg\",\"datePublished\":\"2023-02-09T09:58:19+00:00\",\"dateModified\":\"2026-02-10T09:50:52+00:00\",\"description\":\"Her finner du den viktigste informasjonen om v\u00e5re service- og garantibetingelser. Har du ytterligere sp\u00f8rsm\u00e5l, vennligst ikke n\u00f8l med \u00e5 kontakte oss.\",\"breadcrumb\":{\"@id\":\"https:\\\/\\\/secma.dk\\\/no\\\/service-og-garantivilkaar\\\/#breadcrumb\"},\"inLanguage\":\"nb-NO\",\"potentialAction\":[{\"@type\":\"ReadAction\",\"target\":[\"https:\\\/\\\/secma.dk\\\/no\\\/service-og-garantivilkaar\\\/\"]}]},{\"@type\":\"ImageObject\",\"inLanguage\":\"nb-NO\",\"@id\":\"https:\\\/\\\/secma.dk\\\/no\\\/service-og-garantivilkaar\\\/#primaryimage\",\"url\":\"https:\\\/\\\/secma.dk\\\/wp-content\\\/uploads\\\/2023\\\/02\\\/secma-rep-og-service_web.jpg\",\"contentUrl\":\"https:\\\/\\\/secma.dk\\\/wp-content\\\/uploads\\\/2023\\\/02\\\/secma-rep-og-service_web.jpg\"},{\"@type\":\"BreadcrumbList\",\"@id\":\"https:\\\/\\\/secma.dk\\\/no\\\/service-og-garantivilkaar\\\/#breadcrumb\",\"itemListElement\":[{\"@type\":\"ListItem\",\"position\":1,\"name\":\"Hjem\",\"item\":\"https:\\\/\\\/secma.dk\\\/no\\\/\"},{\"@type\":\"ListItem\",\"position\":2,\"name\":\"Service- og garantivilk\u00e5r\"}]},{\"@type\":\"WebSite\",\"@id\":\"https:\\\/\\\/secma.dk\\\/no\\\/#website\",\"url\":\"https:\\\/\\\/secma.dk\\\/no\\\/\",\"name\":\"Secma\",\"description\":\"Web\",\"publisher\":{\"@id\":\"https:\\\/\\\/secma.dk\\\/no\\\/#organization\"},\"potentialAction\":[{\"@type\":\"SearchAction\",\"target\":{\"@type\":\"EntryPoint\",\"urlTemplate\":\"https:\\\/\\\/secma.dk\\\/no\\\/?s={search_term_string}\"},\"query-input\":{\"@type\":\"PropertyValueSpecification\",\"valueRequired\":true,\"valueName\":\"search_term_string\"}}],\"inLanguage\":\"nb-NO\"},{\"@type\":\"Organization\",\"@id\":\"https:\\\/\\\/secma.dk\\\/no\\\/#organization\",\"name\":\"Secma\",\"url\":\"https:\\\/\\\/secma.dk\\\/no\\\/\",\"logo\":{\"@type\":\"ImageObject\",\"inLanguage\":\"nb-NO\",\"@id\":\"https:\\\/\\\/secma.dk\\\/no\\\/#\\\/schema\\\/logo\\\/image\\\/\",\"url\":\"https:\\\/\\\/secma.dk\\\/wp-content\\\/uploads\\\/2023\\\/01\\\/Secma-Logo-med-Payoff-1.png\",\"contentUrl\":\"https:\\\/\\\/secma.dk\\\/wp-content\\\/uploads\\\/2023\\\/01\\\/Secma-Logo-med-Payoff-1.png\",\"width\":1200,\"height\":388,\"caption\":\"Secma\"},\"image\":{\"@id\":\"https:\\\/\\\/secma.dk\\\/no\\\/#\\\/schema\\\/logo\\\/image\\\/\"},\"sameAs\":[\"https:\\\/\\\/www.facebook.com\\\/secmamedicalinnovation\",\"https:\\\/\\\/www.linkedin.com\\\/company\\\/secma\\\/\"]}]}<\/script>\n<!-- \/ Yoast SEO plugin. -->","yoast_head_json":{"title":"Service- og garantivilk\u00e5r | Secma Medical Innovation","description":"Her finner du den viktigste informasjonen om v\u00e5re service- og garantibetingelser. Har du ytterligere sp\u00f8rsm\u00e5l, vennligst ikke n\u00f8l med \u00e5 kontakte oss.","robots":{"index":"index","follow":"follow","max-snippet":"max-snippet:-1","max-image-preview":"max-image-preview:large","max-video-preview":"max-video-preview:-1"},"canonical":"https:\/\/secma.dk\/no\/service-og-garantivilkaar\/","og_locale":"nb_NO","og_type":"article","og_title":"Service- og garantivilk\u00e5r | Secma Medical Innovation","og_description":"Her finner du den viktigste informasjonen om v\u00e5re service- og garantibetingelser. Har du ytterligere sp\u00f8rsm\u00e5l, vennligst ikke n\u00f8l med \u00e5 kontakte oss.","og_url":"https:\/\/secma.dk\/no\/service-og-garantivilkaar\/","og_site_name":"Secma","article_publisher":"https:\/\/www.facebook.com\/secmamedicalinnovation","article_modified_time":"2026-02-10T09:50:52+00:00","og_image":[{"width":500,"height":500,"url":"https:\/\/secma.dk\/wp-content\/uploads\/2023\/02\/secma-rep-og-service_web.jpg","type":"image\/jpeg"}],"twitter_card":"summary_large_image","twitter_misc":{"Ansl. lesetid":"2 minutter"},"schema":{"@context":"https:\/\/schema.org","@graph":[{"@type":"WebPage","@id":"https:\/\/secma.dk\/no\/service-og-garantivilkaar\/","url":"https:\/\/secma.dk\/no\/service-og-garantivilkaar\/","name":"Service- og garantivilk\u00e5r | Secma Medical Innovation","isPartOf":{"@id":"https:\/\/secma.dk\/no\/#website"},"primaryImageOfPage":{"@id":"https:\/\/secma.dk\/no\/service-og-garantivilkaar\/#primaryimage"},"image":{"@id":"https:\/\/secma.dk\/no\/service-og-garantivilkaar\/#primaryimage"},"thumbnailUrl":"https:\/\/secma.dk\/wp-content\/uploads\/2023\/02\/secma-rep-og-service_web.jpg","datePublished":"2023-02-09T09:58:19+00:00","dateModified":"2026-02-10T09:50:52+00:00","description":"Her finner du den viktigste informasjonen om v\u00e5re service- og garantibetingelser. Har du ytterligere sp\u00f8rsm\u00e5l, vennligst ikke n\u00f8l med \u00e5 kontakte oss.","breadcrumb":{"@id":"https:\/\/secma.dk\/no\/service-og-garantivilkaar\/#breadcrumb"},"inLanguage":"nb-NO","potentialAction":[{"@type":"ReadAction","target":["https:\/\/secma.dk\/no\/service-og-garantivilkaar\/"]}]},{"@type":"ImageObject","inLanguage":"nb-NO","@id":"https:\/\/secma.dk\/no\/service-og-garantivilkaar\/#primaryimage","url":"https:\/\/secma.dk\/wp-content\/uploads\/2023\/02\/secma-rep-og-service_web.jpg","contentUrl":"https:\/\/secma.dk\/wp-content\/uploads\/2023\/02\/secma-rep-og-service_web.jpg"},{"@type":"BreadcrumbList","@id":"https:\/\/secma.dk\/no\/service-og-garantivilkaar\/#breadcrumb","itemListElement":[{"@type":"ListItem","position":1,"name":"Hjem","item":"https:\/\/secma.dk\/no\/"},{"@type":"ListItem","position":2,"name":"Service- og garantivilk\u00e5r"}]},{"@type":"WebSite","@id":"https:\/\/secma.dk\/no\/#website","url":"https:\/\/secma.dk\/no\/","name":"Secma","description":"Web","publisher":{"@id":"https:\/\/secma.dk\/no\/#organization"},"potentialAction":[{"@type":"SearchAction","target":{"@type":"EntryPoint","urlTemplate":"https:\/\/secma.dk\/no\/?s={search_term_string}"},"query-input":{"@type":"PropertyValueSpecification","valueRequired":true,"valueName":"search_term_string"}}],"inLanguage":"nb-NO"},{"@type":"Organization","@id":"https:\/\/secma.dk\/no\/#organization","name":"Secma","url":"https:\/\/secma.dk\/no\/","logo":{"@type":"ImageObject","inLanguage":"nb-NO","@id":"https:\/\/secma.dk\/no\/#\/schema\/logo\/image\/","url":"https:\/\/secma.dk\/wp-content\/uploads\/2023\/01\/Secma-Logo-med-Payoff-1.png","contentUrl":"https:\/\/secma.dk\/wp-content\/uploads\/2023\/01\/Secma-Logo-med-Payoff-1.png","width":1200,"height":388,"caption":"Secma"},"image":{"@id":"https:\/\/secma.dk\/no\/#\/schema\/logo\/image\/"},"sameAs":["https:\/\/www.facebook.com\/secmamedicalinnovation","https:\/\/www.linkedin.com\/company\/secma\/"]}]}},"_links":{"self":[{"href":"https:\/\/secma.dk\/no\/wp-json\/wp\/v2\/pages\/15090","targetHints":{"allow":["GET"]}}],"collection":[{"href":"https:\/\/secma.dk\/no\/wp-json\/wp\/v2\/pages"}],"about":[{"href":"https:\/\/secma.dk\/no\/wp-json\/wp\/v2\/types\/page"}],"author":[{"embeddable":true,"href":"https:\/\/secma.dk\/no\/wp-json\/wp\/v2\/users\/2"}],"replies":[{"embeddable":true,"href":"https:\/\/secma.dk\/no\/wp-json\/wp\/v2\/comments?post=15090"}],"version-history":[{"count":5,"href":"https:\/\/secma.dk\/no\/wp-json\/wp\/v2\/pages\/15090\/revisions"}],"predecessor-version":[{"id":22919,"href":"https:\/\/secma.dk\/no\/wp-json\/wp\/v2\/pages\/15090\/revisions\/22919"}],"wp:attachment":[{"href":"https:\/\/secma.dk\/no\/wp-json\/wp\/v2\/media?parent=15090"}],"curies":[{"name":"wp","href":"https:\/\/api.w.org\/{rel}","templated":true}]}}