{"id":15081,"date":"2023-02-09T11:06:30","date_gmt":"2023-02-09T10:06:30","guid":{"rendered":"https:\/\/secma.dk\/kurser\/"},"modified":"2025-11-27T22:14:44","modified_gmt":"2025-11-27T21:14:44","slug":"kurser","status":"publish","type":"page","link":"https:\/\/secma.dk\/no\/utstillinger-og-opplaering\/kurser\/","title":{"rendered":"Kurs"},"content":{"rendered":"\t\t<div data-elementor-type=\"wp-page\" data-elementor-id=\"15081\" class=\"elementor elementor-15081 elementor-537\" data-elementor-post-type=\"page\">\n\t\t\t\t\t\t<section class=\"elementor-section elementor-top-section elementor-element elementor-element-7fbb854 elementor-section-boxed elementor-section-height-default elementor-section-height-default\" data-id=\"7fbb854\" data-element_type=\"section\" data-e-type=\"section\" data-settings=\"{&quot;background_background&quot;:&quot;classic&quot;}\">\n\t\t\t\t\t\t<div class=\"elementor-container elementor-column-gap-default\">\n\t\t\t\t\t<div class=\"elementor-column elementor-col-100 elementor-top-column elementor-element elementor-element-cbd624c\" data-id=\"cbd624c\" data-element_type=\"column\" data-e-type=\"column\">\n\t\t\t<div class=\"elementor-widget-wrap elementor-element-populated\">\n\t\t\t\t\t\t<div class=\"elementor-element elementor-element-ef9cc6b elementor-widget elementor-widget-heading\" data-id=\"ef9cc6b\" data-element_type=\"widget\" data-e-type=\"widget\" data-widget_type=\"heading.default\">\n\t\t\t\t<div class=\"elementor-widget-container\">\n\t\t\t\t\t<h1 class=\"elementor-heading-title elementor-size-default\">Kurs og workshops\n<\/h1>\t\t\t\t<\/div>\n\t\t\t\t<\/div>\n\t\t\t\t<div class=\"elementor-element elementor-element-342a582 elementor-widget__width-initial elementor-widget elementor-widget-text-editor\" data-id=\"342a582\" data-element_type=\"widget\" data-e-type=\"widget\" data-widget_type=\"text-editor.default\">\n\t\t\t\t<div class=\"elementor-widget-container\">\n\t\t\t\t\t\t\t\t\t<div class=\"av-special-heading av-special-heading-h1 blockquote modern-quote modern-centered avia-builder-el-0 el_before_av_one_fourth avia-builder-el-first \"><div class=\"av-subheading av-subheading_below \"><p>Nedenfor finner du relevante kurs og workshops. Alle kurs og workshops gjennomf\u00f8res av Secmas profesjonelle team eller av dyktige eksterne samarbeidspartnere. Secmas fokus er \u00e5 m\u00e5lrette kunnskapen mot dine spesifikke behov.  <\/p><\/div><\/div>\t\t\t\t\t\t\t\t<\/div>\n\t\t\t\t<\/div>\n\t\t\t\t\t<\/div>\n\t\t<\/div>\n\t\t\t\t\t<\/div>\n\t\t<\/section>\n\t\t\t\t<section class=\"elementor-section elementor-top-section elementor-element elementor-element-7bcfac7 elementor-section-boxed elementor-section-height-default elementor-section-height-default\" data-id=\"7bcfac7\" data-element_type=\"section\" data-e-type=\"section\" data-settings=\"{&quot;background_background&quot;:&quot;classic&quot;}\">\n\t\t\t\t\t\t<div class=\"elementor-container elementor-column-gap-default\">\n\t\t\t\t\t<div class=\"elementor-column elementor-col-100 elementor-top-column elementor-element elementor-element-3f6a4b5\" data-id=\"3f6a4b5\" data-element_type=\"column\" data-e-type=\"column\">\n\t\t\t<div class=\"elementor-widget-wrap elementor-element-populated\">\n\t\t\t\t\t\t<div class=\"elementor-element elementor-element-29eb09f elementor-grid-4 elementor-grid-tablet-2 elementor-grid-mobile-1 elementor-widget elementor-widget-loop-grid\" data-id=\"29eb09f\" data-element_type=\"widget\" data-e-type=\"widget\" data-settings=\"{&quot;template_id&quot;:10005,&quot;columns&quot;:4,&quot;pagination_type&quot;:&quot;load_more_on_click&quot;,&quot;_skin&quot;:&quot;post&quot;,&quot;columns_tablet&quot;:&quot;2&quot;,&quot;columns_mobile&quot;:&quot;1&quot;,&quot;edit_handle_selector&quot;:&quot;[data-elementor-type=\\&quot;loop-item\\&quot;]&quot;,&quot;load_more_spinner&quot;:{&quot;value&quot;:&quot;fas fa-spinner&quot;,&quot;library&quot;:&quot;fa-solid&quot;},&quot;row_gap&quot;:{&quot;unit&quot;:&quot;px&quot;,&quot;size&quot;:&quot;&quot;,&quot;sizes&quot;:[]},&quot;row_gap_tablet&quot;:{&quot;unit&quot;:&quot;px&quot;,&quot;size&quot;:&quot;&quot;,&quot;sizes&quot;:[]},&quot;row_gap_mobile&quot;:{&quot;unit&quot;:&quot;px&quot;,&quot;size&quot;:&quot;&quot;,&quot;sizes&quot;:[]}}\" data-widget_type=\"loop-grid.post\">\n\t\t\t\t<div class=\"elementor-widget-container\">\n\t\t\t\t\t\t\t<div class=\"e-loop-nothing-found-message\">\n\t\t<\/div>\n\t\t\t\t\t\t<\/div>\n\t\t\t\t<\/div>\n\t\t\t\t\t<\/div>\n\t\t<\/div>\n\t\t\t\t\t<\/div>\n\t\t<\/section>\n\t\t\t\t<\/div>\n\t\t","protected":false},"excerpt":{"rendered":"<p>Kurs og workshops Nedenfor finner du relevante kurs og workshops. Alle kurs og workshops gjennomf\u00f8res av Secmas profesjonelle team eller av dyktige eksterne samarbeidspartnere. Secmas fokus er \u00e5 m\u00e5lrette kunnskapen mot dine spesifikke behov.<\/p>\n","protected":false},"author":2,"featured_media":0,"parent":15085,"menu_order":52,"comment_status":"closed","ping_status":"closed","template":"elementor_header_footer","meta":{"_acf_changed":false,"site-sidebar-layout":"no-sidebar","site-content-layout":"page-builder","ast-site-content-layout":"full-width-container","site-content-style":"unboxed","site-sidebar-style":"unboxed","ast-global-header-display":"","ast-banner-title-visibility":"","ast-main-header-display":"","ast-hfb-above-header-display":"","ast-hfb-below-header-display":"","ast-hfb-mobile-header-display":"","site-post-title":"disabled","ast-breadcrumbs-content":"","ast-featured-img":"disabled","footer-sml-layout":"","ast-disable-related-posts":"","theme-transparent-header-meta":"","adv-header-id-meta":"","stick-header-meta":"","header-above-stick-meta":"","header-main-stick-meta":"","header-below-stick-meta":"","astra-migrate-meta-layouts":"set","ast-page-background-enabled":"default","ast-page-background-meta":{"desktop":{"background-color":"var(--ast-global-color-4)","background-image":"","background-repeat":"repeat","background-position":"center center","background-size":"auto","background-attachment":"scroll","background-type":"","background-media":"","overlay-type":"","overlay-color":"","overlay-opacity":"","overlay-gradient":""},"tablet":{"background-color":"","background-image":"","background-repeat":"repeat","background-position":"center center","background-size":"auto","background-attachment":"scroll","background-type":"","background-media":"","overlay-type":"","overlay-color":"","overlay-opacity":"","overlay-gradient":""},"mobile":{"background-color":"","background-image":"","background-repeat":"repeat","background-position":"center center","background-size":"auto","background-attachment":"scroll","background-type":"","background-media":"","overlay-type":"","overlay-color":"","overlay-opacity":"","overlay-gradient":""}},"ast-content-background-meta":{"desktop":{"background-color":"var(--ast-global-color-5)","background-image":"","background-repeat":"repeat","background-position":"center center","background-size":"auto","background-attachment":"scroll","background-type":"","background-media":"","overlay-type":"","overlay-color":"","overlay-opacity":"","overlay-gradient":""},"tablet":{"background-color":"var(--ast-global-color-5)","background-image":"","background-repeat":"repeat","background-position":"center center","background-size":"auto","background-attachment":"scroll","background-type":"","background-media":"","overlay-type":"","overlay-color":"","overlay-opacity":"","overlay-gradient":""},"mobile":{"background-color":"var(--ast-global-color-5)","background-image":"","background-repeat":"repeat","background-position":"center center","background-size":"auto","background-attachment":"scroll","background-type":"","background-media":"","overlay-type":"","overlay-color":"","overlay-opacity":"","overlay-gradient":""}},"footnotes":""},"class_list":["post-15081","page","type-page","status-publish","hentry"],"acf":[],"yoast_head":"<!-- This site is optimized with the Yoast SEO plugin v27.2 - https:\/\/yoast.com\/product\/yoast-seo-wordpress\/ -->\n<title>Kurs | Secma Medical Innovation<\/title>\n<meta name=\"description\" content=\"Secma tilbyr relevante kurs og workshops bredt innenfor v\u00e5rt produktprogram. For eksempel: ED-behandling med sjokkb\u00f8lge, laser- og sjokkb\u00f8lgebehandling, Point-of-Care-ultralydskanning. Vi lager ogs\u00e5 skreddersydde l\u00f8sninger for spesifikke behov.\" \/>\n<meta name=\"robots\" content=\"index, follow, max-snippet:-1, max-image-preview:large, max-video-preview:-1\" \/>\n<link rel=\"canonical\" href=\"https:\/\/secma.dk\/no\/utstillinger-og-opplaering\/kurser\/\" \/>\n<meta property=\"og:locale\" content=\"nb_NO\" \/>\n<meta property=\"og:type\" content=\"article\" \/>\n<meta property=\"og:title\" content=\"Kurs | Secma Medical Innovation\" \/>\n<meta property=\"og:description\" content=\"Secma tilbyr relevante kurs og workshops bredt innenfor v\u00e5rt produktprogram. For eksempel: ED-behandling med sjokkb\u00f8lge, laser- og sjokkb\u00f8lgebehandling, Point-of-Care-ultralydskanning. Vi lager ogs\u00e5 skreddersydde l\u00f8sninger for spesifikke behov.\" \/>\n<meta property=\"og:url\" content=\"https:\/\/secma.dk\/no\/utstillinger-og-opplaering\/kurser\/\" \/>\n<meta property=\"og:site_name\" content=\"Secma\" \/>\n<meta property=\"article:publisher\" content=\"https:\/\/www.facebook.com\/secmamedicalinnovation\" \/>\n<meta property=\"article:modified_time\" content=\"2025-11-27T21:14:44+00:00\" \/>\n<meta property=\"og:image\" content=\"https:\/\/secma.dk\/wp-content\/uploads\/2025\/08\/Secma-Logo-600x600-u-baggrund.png\" \/>\n\t<meta property=\"og:image:width\" content=\"600\" \/>\n\t<meta property=\"og:image:height\" content=\"600\" \/>\n\t<meta property=\"og:image:type\" content=\"image\/png\" \/>\n<meta name=\"twitter:card\" content=\"summary_large_image\" \/>\n<meta name=\"twitter:label1\" content=\"Ansl. lesetid\" \/>\n\t<meta name=\"twitter:data1\" content=\"1 minutt\" \/>\n<script type=\"application\/ld+json\" class=\"yoast-schema-graph\">{\"@context\":\"https:\/\/schema.org\",\"@graph\":[{\"@type\":\"WebPage\",\"@id\":\"https:\/\/secma.dk\/no\/utstillinger-og-opplaering\/kurser\/\",\"url\":\"https:\/\/secma.dk\/no\/utstillinger-og-opplaering\/kurser\/\",\"name\":\"Kurs | Secma Medical Innovation\",\"isPartOf\":{\"@id\":\"https:\/\/secma.dk\/no\/#website\"},\"datePublished\":\"2023-02-09T10:06:30+00:00\",\"dateModified\":\"2025-11-27T21:14:44+00:00\",\"description\":\"Secma tilbyr relevante kurs og workshops bredt innenfor v\u00e5rt produktprogram. For eksempel: ED-behandling med sjokkb\u00f8lge, laser- og sjokkb\u00f8lgebehandling, Point-of-Care-ultralydskanning. Vi lager ogs\u00e5 skreddersydde l\u00f8sninger for spesifikke behov.\",\"breadcrumb\":{\"@id\":\"https:\/\/secma.dk\/no\/utstillinger-og-opplaering\/kurser\/#breadcrumb\"},\"inLanguage\":\"nb-NO\",\"potentialAction\":[{\"@type\":\"ReadAction\",\"target\":[\"https:\/\/secma.dk\/no\/utstillinger-og-opplaering\/kurser\/\"]}]},{\"@type\":\"BreadcrumbList\",\"@id\":\"https:\/\/secma.dk\/no\/utstillinger-og-opplaering\/kurser\/#breadcrumb\",\"itemListElement\":[{\"@type\":\"ListItem\",\"position\":1,\"name\":\"Hjem\",\"item\":\"https:\/\/secma.dk\/no\/\"},{\"@type\":\"ListItem\",\"position\":2,\"name\":\"Utstillinger og oppl\u00e6ring\",\"item\":\"https:\/\/secma.dk\/no\/udstillinger-og-uddannelse\/\"},{\"@type\":\"ListItem\",\"position\":3,\"name\":\"Kurs\"}]},{\"@type\":\"WebSite\",\"@id\":\"https:\/\/secma.dk\/no\/#website\",\"url\":\"https:\/\/secma.dk\/no\/\",\"name\":\"Secma\",\"description\":\"Web\",\"publisher\":{\"@id\":\"https:\/\/secma.dk\/no\/#organization\"},\"potentialAction\":[{\"@type\":\"SearchAction\",\"target\":{\"@type\":\"EntryPoint\",\"urlTemplate\":\"https:\/\/secma.dk\/no\/?s={search_term_string}\"},\"query-input\":{\"@type\":\"PropertyValueSpecification\",\"valueRequired\":true,\"valueName\":\"search_term_string\"}}],\"inLanguage\":\"nb-NO\"},{\"@type\":\"Organization\",\"@id\":\"https:\/\/secma.dk\/no\/#organization\",\"name\":\"Secma\",\"url\":\"https:\/\/secma.dk\/no\/\",\"logo\":{\"@type\":\"ImageObject\",\"inLanguage\":\"nb-NO\",\"@id\":\"https:\/\/secma.dk\/no\/#\/schema\/logo\/image\/\",\"url\":\"https:\/\/secma.dk\/wp-content\/uploads\/2023\/01\/Secma-Logo-med-Payoff-1.png\",\"contentUrl\":\"https:\/\/secma.dk\/wp-content\/uploads\/2023\/01\/Secma-Logo-med-Payoff-1.png\",\"width\":1200,\"height\":388,\"caption\":\"Secma\"},\"image\":{\"@id\":\"https:\/\/secma.dk\/no\/#\/schema\/logo\/image\/\"},\"sameAs\":[\"https:\/\/www.facebook.com\/secmamedicalinnovation\",\"https:\/\/www.linkedin.com\/company\/secma\/\"]}]}<\/script>\n<!-- \/ Yoast SEO plugin. -->","yoast_head_json":{"title":"Kurs | Secma Medical Innovation","description":"Secma tilbyr relevante kurs og workshops bredt innenfor v\u00e5rt produktprogram. For eksempel: ED-behandling med sjokkb\u00f8lge, laser- og sjokkb\u00f8lgebehandling, Point-of-Care-ultralydskanning. Vi lager ogs\u00e5 skreddersydde l\u00f8sninger for spesifikke behov.","robots":{"index":"index","follow":"follow","max-snippet":"max-snippet:-1","max-image-preview":"max-image-preview:large","max-video-preview":"max-video-preview:-1"},"canonical":"https:\/\/secma.dk\/no\/utstillinger-og-opplaering\/kurser\/","og_locale":"nb_NO","og_type":"article","og_title":"Kurs | Secma Medical Innovation","og_description":"Secma tilbyr relevante kurs og workshops bredt innenfor v\u00e5rt produktprogram. For eksempel: ED-behandling med sjokkb\u00f8lge, laser- og sjokkb\u00f8lgebehandling, Point-of-Care-ultralydskanning. Vi lager ogs\u00e5 skreddersydde l\u00f8sninger for spesifikke behov.","og_url":"https:\/\/secma.dk\/no\/utstillinger-og-opplaering\/kurser\/","og_site_name":"Secma","article_publisher":"https:\/\/www.facebook.com\/secmamedicalinnovation","article_modified_time":"2025-11-27T21:14:44+00:00","og_image":[{"width":600,"height":600,"url":"https:\/\/secma.dk\/wp-content\/uploads\/2025\/08\/Secma-Logo-600x600-u-baggrund.png","type":"image\/png"}],"twitter_card":"summary_large_image","twitter_misc":{"Ansl. lesetid":"1 minutt"},"schema":{"@context":"https:\/\/schema.org","@graph":[{"@type":"WebPage","@id":"https:\/\/secma.dk\/no\/utstillinger-og-opplaering\/kurser\/","url":"https:\/\/secma.dk\/no\/utstillinger-og-opplaering\/kurser\/","name":"Kurs | Secma Medical Innovation","isPartOf":{"@id":"https:\/\/secma.dk\/no\/#website"},"datePublished":"2023-02-09T10:06:30+00:00","dateModified":"2025-11-27T21:14:44+00:00","description":"Secma tilbyr relevante kurs og workshops bredt innenfor v\u00e5rt produktprogram. For eksempel: ED-behandling med sjokkb\u00f8lge, laser- og sjokkb\u00f8lgebehandling, Point-of-Care-ultralydskanning. Vi lager ogs\u00e5 skreddersydde l\u00f8sninger for spesifikke behov.","breadcrumb":{"@id":"https:\/\/secma.dk\/no\/utstillinger-og-opplaering\/kurser\/#breadcrumb"},"inLanguage":"nb-NO","potentialAction":[{"@type":"ReadAction","target":["https:\/\/secma.dk\/no\/utstillinger-og-opplaering\/kurser\/"]}]},{"@type":"BreadcrumbList","@id":"https:\/\/secma.dk\/no\/utstillinger-og-opplaering\/kurser\/#breadcrumb","itemListElement":[{"@type":"ListItem","position":1,"name":"Hjem","item":"https:\/\/secma.dk\/no\/"},{"@type":"ListItem","position":2,"name":"Utstillinger og oppl\u00e6ring","item":"https:\/\/secma.dk\/no\/udstillinger-og-uddannelse\/"},{"@type":"ListItem","position":3,"name":"Kurs"}]},{"@type":"WebSite","@id":"https:\/\/secma.dk\/no\/#website","url":"https:\/\/secma.dk\/no\/","name":"Secma","description":"Web","publisher":{"@id":"https:\/\/secma.dk\/no\/#organization"},"potentialAction":[{"@type":"SearchAction","target":{"@type":"EntryPoint","urlTemplate":"https:\/\/secma.dk\/no\/?s={search_term_string}"},"query-input":{"@type":"PropertyValueSpecification","valueRequired":true,"valueName":"search_term_string"}}],"inLanguage":"nb-NO"},{"@type":"Organization","@id":"https:\/\/secma.dk\/no\/#organization","name":"Secma","url":"https:\/\/secma.dk\/no\/","logo":{"@type":"ImageObject","inLanguage":"nb-NO","@id":"https:\/\/secma.dk\/no\/#\/schema\/logo\/image\/","url":"https:\/\/secma.dk\/wp-content\/uploads\/2023\/01\/Secma-Logo-med-Payoff-1.png","contentUrl":"https:\/\/secma.dk\/wp-content\/uploads\/2023\/01\/Secma-Logo-med-Payoff-1.png","width":1200,"height":388,"caption":"Secma"},"image":{"@id":"https:\/\/secma.dk\/no\/#\/schema\/logo\/image\/"},"sameAs":["https:\/\/www.facebook.com\/secmamedicalinnovation","https:\/\/www.linkedin.com\/company\/secma\/"]}]}},"_links":{"self":[{"href":"https:\/\/secma.dk\/no\/wp-json\/wp\/v2\/pages\/15081","targetHints":{"allow":["GET"]}}],"collection":[{"href":"https:\/\/secma.dk\/no\/wp-json\/wp\/v2\/pages"}],"about":[{"href":"https:\/\/secma.dk\/no\/wp-json\/wp\/v2\/types\/page"}],"author":[{"embeddable":true,"href":"https:\/\/secma.dk\/no\/wp-json\/wp\/v2\/users\/2"}],"replies":[{"embeddable":true,"href":"https:\/\/secma.dk\/no\/wp-json\/wp\/v2\/comments?post=15081"}],"version-history":[{"count":4,"href":"https:\/\/secma.dk\/no\/wp-json\/wp\/v2\/pages\/15081\/revisions"}],"predecessor-version":[{"id":17199,"href":"https:\/\/secma.dk\/no\/wp-json\/wp\/v2\/pages\/15081\/revisions\/17199"}],"up":[{"embeddable":true,"href":"https:\/\/secma.dk\/no\/wp-json\/wp\/v2\/pages\/15085"}],"wp:attachment":[{"href":"https:\/\/secma.dk\/no\/wp-json\/wp\/v2\/media?parent=15081"}],"curies":[{"name":"wp","href":"https:\/\/api.w.org\/{rel}","templated":true}]}}