{"id":15078,"date":"2023-02-10T13:57:02","date_gmt":"2023-02-10T12:57:02","guid":{"rendered":"https:\/\/secma.dk\/om-secma\/"},"modified":"2025-11-27T22:16:05","modified_gmt":"2025-11-27T21:16:05","slug":"om-secma","status":"publish","type":"page","link":"https:\/\/secma.dk\/no\/om-secma\/","title":{"rendered":"Om Secma"},"content":{"rendered":"\t\t<div data-elementor-type=\"wp-page\" data-elementor-id=\"15078\" class=\"elementor elementor-15078 elementor-643\" data-elementor-post-type=\"page\">\n\t\t\t\t<div class=\"elementor-element elementor-element-f6b9449 e-flex e-con-boxed e-con e-parent\" data-id=\"f6b9449\" data-element_type=\"container\" data-e-type=\"container\" data-settings=\"{&quot;background_background&quot;:&quot;classic&quot;}\">\n\t\t\t\t\t<div class=\"e-con-inner\">\n\t\t<div class=\"elementor-element elementor-element-44bf8d3 e-con-full e-flex e-con e-child\" data-id=\"44bf8d3\" data-element_type=\"container\" data-e-type=\"container\">\n\t\t\t\t<div class=\"elementor-element elementor-element-c28972e elementor-widget elementor-widget-heading\" data-id=\"c28972e\" data-element_type=\"widget\" data-e-type=\"widget\" data-widget_type=\"heading.default\">\n\t\t\t\t<div class=\"elementor-widget-container\">\n\t\t\t\t\t<h1 class=\"elementor-heading-title elementor-size-default\">Om Secma<\/h1>\t\t\t\t<\/div>\n\t\t\t\t<\/div>\n\t\t\t\t<div class=\"elementor-element elementor-element-f62292e elementor-widget__width-initial elementor-widget elementor-widget-text-editor\" data-id=\"f62292e\" data-element_type=\"widget\" data-e-type=\"widget\" data-widget_type=\"text-editor.default\">\n\t\t\t\t<div class=\"elementor-widget-container\">\n\t\t\t\t\t\t\t\t\t<p>Secma representerer eksklusivt en rekke av verdens ledende produsenter av medisinske produkter til helsesektoren. Vi lagerf\u00f8rer kun produkter som er klinisk godkjente, brukervennlige og av h\u00f8y kvalitet.<\/p>\n<p>Vi setter v\u00e5r \u00e6re i \u00e5 levere verdiskapende r\u00e5dgivning til kundene v\u00e5re for \u00e5 oppn\u00e5 et profesjonelt samarbeid. Secma kjennetegnes av kvalitet, kunnskap og innovasjon, og dette danner grunnlaget for alt vi gj\u00f8r.<\/p>\n<p>Secma leverer medisintekniske l\u00f8sninger og tjenester til den danske, <a href=\"https:\/\/secma.se\" target=\"_blank\" rel=\"noopener\">svenske<\/a>, <a href=\"https:\/\/secma.as\" target=\"_blank\" rel=\"noopener\">norske<\/a> og <a href=\"https:\/\/secma.org\" target=\"_blank\" rel=\"noopener\">nederlandske<\/a> helsesektoren<\/p>\t\t\t\t\t\t\t\t<\/div>\n\t\t\t\t<\/div>\n\t\t\t\t<div class=\"elementor-element elementor-element-22ae3e2 elementor-align-left elementor-widget elementor-widget-button\" data-id=\"22ae3e2\" data-element_type=\"widget\" data-e-type=\"widget\" data-widget_type=\"button.default\">\n\t\t\t\t<div class=\"elementor-widget-container\">\n\t\t\t\t\t\t\t\t\t<div class=\"elementor-button-wrapper\">\n\t\t\t\t\t<a class=\"elementor-button elementor-button-link elementor-size-md elementor-animation-grow\" href=\"https:\/\/secma.dk\/no\/alle-producten\/\">\n\t\t\t\t\t\t<span class=\"elementor-button-content-wrapper\">\n\t\t\t\t\t\t\t\t\t<span class=\"elementor-button-text\">Se produktene v\u00e5re<\/span>\n\t\t\t\t\t<\/span>\n\t\t\t\t\t<\/a>\n\t\t\t\t<\/div>\n\t\t\t\t\t\t\t\t<\/div>\n\t\t\t\t<\/div>\n\t\t\t\t<\/div>\n\t\t\t\t\t<\/div>\n\t\t\t\t<\/div>\n\t\t\t\t<section class=\"elementor-section elementor-top-section elementor-element elementor-element-74e4121 elementor-section-boxed elementor-section-height-default elementor-section-height-default\" data-id=\"74e4121\" data-element_type=\"section\" data-e-type=\"section\" data-settings=\"{&quot;background_background&quot;:&quot;classic&quot;}\">\n\t\t\t\t\t\t<div class=\"elementor-container elementor-column-gap-default\">\n\t\t\t\t\t<div class=\"elementor-column elementor-col-100 elementor-top-column elementor-element elementor-element-545f105\" data-id=\"545f105\" data-element_type=\"column\" data-e-type=\"column\">\n\t\t\t<div class=\"elementor-widget-wrap elementor-element-populated\">\n\t\t\t\t\t\t<div class=\"elementor-element elementor-element-9c9e997 elementor-widget elementor-widget-heading\" data-id=\"9c9e997\" data-element_type=\"widget\" data-e-type=\"widget\" data-widget_type=\"heading.default\">\n\t\t\t\t<div class=\"elementor-widget-container\">\n\t\t\t\t\t<h2 class=\"elementor-heading-title elementor-size-default\">Oppdragsbeskrivelse<\/h2>\t\t\t\t<\/div>\n\t\t\t\t<\/div>\n\t\t\t\t<div class=\"elementor-element elementor-element-f9036f2 elementor-widget elementor-widget-text-editor\" data-id=\"f9036f2\" data-element_type=\"widget\" data-e-type=\"widget\" data-widget_type=\"text-editor.default\">\n\t\t\t\t<div class=\"elementor-widget-container\">\n\t\t\t\t\t\t\t\t\t<p>V\u00e5r virksomhet er basert p\u00e5 \u00e5 levere toppmoderne produkter, tjenester og oppl\u00e6ring til helsesektoren. Kjerneverdiene v\u00e5re: Kvalitet, kunnskap og innovasjon driver organisasjonen v\u00e5r og garanterer at vi leverer produkter og tjenester som innfrir kundenes forventninger.<\/p>\t\t\t\t\t\t\t\t<\/div>\n\t\t\t\t<\/div>\n\t\t\t\t<div class=\"elementor-element elementor-element-c3903cd elementor-widget elementor-widget-heading\" data-id=\"c3903cd\" data-element_type=\"widget\" data-e-type=\"widget\" data-widget_type=\"heading.default\">\n\t\t\t\t<div class=\"elementor-widget-container\">\n\t\t\t\t\t<h2 class=\"elementor-heading-title elementor-size-default\">Visjon<\/h2>\t\t\t\t<\/div>\n\t\t\t\t<\/div>\n\t\t\t\t<div class=\"elementor-element elementor-element-a0e53fe elementor-widget elementor-widget-text-editor\" data-id=\"a0e53fe\" data-element_type=\"widget\" data-e-type=\"widget\" data-widget_type=\"text-editor.default\">\n\t\t\t\t<div class=\"elementor-widget-container\">\n\t\t\t\t\t\t\t\t\t<p>Vi skal posisjonere oss som kundenes foretrukne leverand\u00f8r av produkter, tjenester og oppl\u00e6ring innenfor utvalgte segmenter av helseindustrien. V\u00e5re medarbeideres engasjement og kunnskap skal sikre kundetilfredshet og danne grunnlaget for videre vekst.<\/p>\t\t\t\t\t\t\t\t<\/div>\n\t\t\t\t<\/div>\n\t\t\t\t\t<\/div>\n\t\t<\/div>\n\t\t\t\t\t<\/div>\n\t\t<\/section>\n\t\t\t\t<\/div>\n\t\t","protected":false},"excerpt":{"rendered":"<p>Om Secma Secma representerer eksklusivt en rekke av verdens ledende produsenter av medisinske produkter til helsesektoren. Vi lagerf\u00f8rer kun produkter som er klinisk godkjente, brukervennlige og av h\u00f8y kvalitet. Vi setter v\u00e5r \u00e6re i \u00e5 levere verdiskapende r\u00e5dgivning til kundene v\u00e5re for \u00e5 oppn\u00e5 et profesjonelt samarbeid. Secma kjennetegnes av kvalitet, kunnskap og innovasjon, og [&hellip;]<\/p>\n","protected":false},"author":2,"featured_media":0,"parent":0,"menu_order":51,"comment_status":"closed","ping_status":"closed","template":"elementor_header_footer","meta":{"_acf_changed":false,"site-sidebar-layout":"no-sidebar","site-content-layout":"page-builder","ast-site-content-layout":"full-width-container","site-content-style":"unboxed","site-sidebar-style":"unboxed","ast-global-header-display":"","ast-banner-title-visibility":"","ast-main-header-display":"","ast-hfb-above-header-display":"","ast-hfb-below-header-display":"","ast-hfb-mobile-header-display":"","site-post-title":"disabled","ast-breadcrumbs-content":"","ast-featured-img":"disabled","footer-sml-layout":"","ast-disable-related-posts":"","theme-transparent-header-meta":"","adv-header-id-meta":"","stick-header-meta":"","header-above-stick-meta":"","header-main-stick-meta":"","header-below-stick-meta":"","astra-migrate-meta-layouts":"set","ast-page-background-enabled":"default","ast-page-background-meta":{"desktop":{"background-color":"var(--ast-global-color-4)","background-image":"","background-repeat":"repeat","background-position":"center center","background-size":"auto","background-attachment":"scroll","background-type":"","background-media":"","overlay-type":"","overlay-color":"","overlay-opacity":"","overlay-gradient":""},"tablet":{"background-color":"","background-image":"","background-repeat":"repeat","background-position":"center center","background-size":"auto","background-attachment":"scroll","background-type":"","background-media":"","overlay-type":"","overlay-color":"","overlay-opacity":"","overlay-gradient":""},"mobile":{"background-color":"","background-image":"","background-repeat":"repeat","background-position":"center center","background-size":"auto","background-attachment":"scroll","background-type":"","background-media":"","overlay-type":"","overlay-color":"","overlay-opacity":"","overlay-gradient":""}},"ast-content-background-meta":{"desktop":{"background-color":"var(--ast-global-color-5)","background-image":"","background-repeat":"repeat","background-position":"center center","background-size":"auto","background-attachment":"scroll","background-type":"","background-media":"","overlay-type":"","overlay-color":"","overlay-opacity":"","overlay-gradient":""},"tablet":{"background-color":"var(--ast-global-color-5)","background-image":"","background-repeat":"repeat","background-position":"center center","background-size":"auto","background-attachment":"scroll","background-type":"","background-media":"","overlay-type":"","overlay-color":"","overlay-opacity":"","overlay-gradient":""},"mobile":{"background-color":"var(--ast-global-color-5)","background-image":"","background-repeat":"repeat","background-position":"center center","background-size":"auto","background-attachment":"scroll","background-type":"","background-media":"","overlay-type":"","overlay-color":"","overlay-opacity":"","overlay-gradient":""}},"footnotes":""},"class_list":["post-15078","page","type-page","status-publish","hentry"],"acf":[],"yoast_head":"<!-- This site is optimized with the Yoast SEO plugin v27.5 - https:\/\/yoast.com\/product\/yoast-seo-wordpress\/ -->\n<title>Om Secma | Secma Medical Innovation<\/title>\n<meta name=\"description\" content=\"Secma is de exclusieve vertegenwoordiger van een aantal van \u2019s werelds meest toonaangevende producenten op gebied medische apparatuur. Echo apparatuur van SonoSite, echogene naalden en steriele transducer covers. Wij voeren uitsluitend klinisch goedgekeurde, gebruiksvriendelijke en kwalitatief hoogwaardige producten.\" \/>\n<meta name=\"robots\" content=\"index, follow, max-snippet:-1, max-image-preview:large, max-video-preview:-1\" \/>\n<link rel=\"canonical\" href=\"https:\/\/secma.dk\/no\/om-secma\/\" \/>\n<meta property=\"og:locale\" content=\"nb_NO\" \/>\n<meta property=\"og:type\" content=\"article\" \/>\n<meta property=\"og:title\" content=\"Om Secma | Secma Medical Innovation\" \/>\n<meta property=\"og:description\" content=\"Secma is de exclusieve vertegenwoordiger van een aantal van \u2019s werelds meest toonaangevende producenten op gebied medische apparatuur. Echo apparatuur van SonoSite, echogene naalden en steriele transducer covers. Wij voeren uitsluitend klinisch goedgekeurde, gebruiksvriendelijke en kwalitatief hoogwaardige producten.\" \/>\n<meta property=\"og:url\" content=\"https:\/\/secma.dk\/no\/om-secma\/\" \/>\n<meta property=\"og:site_name\" content=\"Secma\" \/>\n<meta property=\"article:publisher\" content=\"https:\/\/www.facebook.com\/secmamedicalinnovation\" \/>\n<meta property=\"article:modified_time\" content=\"2025-11-27T21:16:05+00:00\" \/>\n<meta property=\"og:image\" content=\"https:\/\/secma.dk\/wp-content\/uploads\/2025\/08\/Secma-Logo-600x600-u-baggrund.png\" \/>\n\t<meta property=\"og:image:width\" content=\"600\" \/>\n\t<meta property=\"og:image:height\" content=\"600\" \/>\n\t<meta property=\"og:image:type\" content=\"image\/png\" \/>\n<meta name=\"twitter:card\" content=\"summary_large_image\" \/>\n<meta name=\"twitter:label1\" content=\"Ansl. lesetid\" \/>\n\t<meta name=\"twitter:data1\" content=\"1 minutt\" \/>\n<script type=\"application\/ld+json\" class=\"yoast-schema-graph\">{\"@context\":\"https:\\\/\\\/schema.org\",\"@graph\":[{\"@type\":\"WebPage\",\"@id\":\"https:\\\/\\\/secma.dk\\\/no\\\/om-secma\\\/\",\"url\":\"https:\\\/\\\/secma.dk\\\/no\\\/om-secma\\\/\",\"name\":\"Om Secma | Secma Medical Innovation\",\"isPartOf\":{\"@id\":\"https:\\\/\\\/secma.dk\\\/no\\\/#website\"},\"datePublished\":\"2023-02-10T12:57:02+00:00\",\"dateModified\":\"2025-11-27T21:16:05+00:00\",\"description\":\"Secma is de exclusieve vertegenwoordiger van een aantal van \u2019s werelds meest toonaangevende producenten op gebied medische apparatuur. Echo apparatuur van SonoSite, echogene naalden en steriele transducer covers. Wij voeren uitsluitend klinisch goedgekeurde, gebruiksvriendelijke en kwalitatief hoogwaardige producten.\",\"breadcrumb\":{\"@id\":\"https:\\\/\\\/secma.dk\\\/no\\\/om-secma\\\/#breadcrumb\"},\"inLanguage\":\"nb-NO\",\"potentialAction\":[{\"@type\":\"ReadAction\",\"target\":[\"https:\\\/\\\/secma.dk\\\/no\\\/om-secma\\\/\"]}]},{\"@type\":\"BreadcrumbList\",\"@id\":\"https:\\\/\\\/secma.dk\\\/no\\\/om-secma\\\/#breadcrumb\",\"itemListElement\":[{\"@type\":\"ListItem\",\"position\":1,\"name\":\"Hjem\",\"item\":\"https:\\\/\\\/secma.dk\\\/no\\\/\"},{\"@type\":\"ListItem\",\"position\":2,\"name\":\"Om Secma\"}]},{\"@type\":\"WebSite\",\"@id\":\"https:\\\/\\\/secma.dk\\\/no\\\/#website\",\"url\":\"https:\\\/\\\/secma.dk\\\/no\\\/\",\"name\":\"Secma\",\"description\":\"Web\",\"publisher\":{\"@id\":\"https:\\\/\\\/secma.dk\\\/no\\\/#organization\"},\"potentialAction\":[{\"@type\":\"SearchAction\",\"target\":{\"@type\":\"EntryPoint\",\"urlTemplate\":\"https:\\\/\\\/secma.dk\\\/no\\\/?s={search_term_string}\"},\"query-input\":{\"@type\":\"PropertyValueSpecification\",\"valueRequired\":true,\"valueName\":\"search_term_string\"}}],\"inLanguage\":\"nb-NO\"},{\"@type\":\"Organization\",\"@id\":\"https:\\\/\\\/secma.dk\\\/no\\\/#organization\",\"name\":\"Secma\",\"url\":\"https:\\\/\\\/secma.dk\\\/no\\\/\",\"logo\":{\"@type\":\"ImageObject\",\"inLanguage\":\"nb-NO\",\"@id\":\"https:\\\/\\\/secma.dk\\\/no\\\/#\\\/schema\\\/logo\\\/image\\\/\",\"url\":\"https:\\\/\\\/secma.dk\\\/wp-content\\\/uploads\\\/2023\\\/01\\\/Secma-Logo-med-Payoff-1.png\",\"contentUrl\":\"https:\\\/\\\/secma.dk\\\/wp-content\\\/uploads\\\/2023\\\/01\\\/Secma-Logo-med-Payoff-1.png\",\"width\":1200,\"height\":388,\"caption\":\"Secma\"},\"image\":{\"@id\":\"https:\\\/\\\/secma.dk\\\/no\\\/#\\\/schema\\\/logo\\\/image\\\/\"},\"sameAs\":[\"https:\\\/\\\/www.facebook.com\\\/secmamedicalinnovation\",\"https:\\\/\\\/www.linkedin.com\\\/company\\\/secma\\\/\"]}]}<\/script>\n<!-- \/ Yoast SEO plugin. -->","yoast_head_json":{"title":"Om Secma | Secma Medical Innovation","description":"Secma is de exclusieve vertegenwoordiger van een aantal van \u2019s werelds meest toonaangevende producenten op gebied medische apparatuur. Echo apparatuur van SonoSite, echogene naalden en steriele transducer covers. Wij voeren uitsluitend klinisch goedgekeurde, gebruiksvriendelijke en kwalitatief hoogwaardige producten.","robots":{"index":"index","follow":"follow","max-snippet":"max-snippet:-1","max-image-preview":"max-image-preview:large","max-video-preview":"max-video-preview:-1"},"canonical":"https:\/\/secma.dk\/no\/om-secma\/","og_locale":"nb_NO","og_type":"article","og_title":"Om Secma | Secma Medical Innovation","og_description":"Secma is de exclusieve vertegenwoordiger van een aantal van \u2019s werelds meest toonaangevende producenten op gebied medische apparatuur. Echo apparatuur van SonoSite, echogene naalden en steriele transducer covers. Wij voeren uitsluitend klinisch goedgekeurde, gebruiksvriendelijke en kwalitatief hoogwaardige producten.","og_url":"https:\/\/secma.dk\/no\/om-secma\/","og_site_name":"Secma","article_publisher":"https:\/\/www.facebook.com\/secmamedicalinnovation","article_modified_time":"2025-11-27T21:16:05+00:00","og_image":[{"width":600,"height":600,"url":"https:\/\/secma.dk\/wp-content\/uploads\/2025\/08\/Secma-Logo-600x600-u-baggrund.png","type":"image\/png"}],"twitter_card":"summary_large_image","twitter_misc":{"Ansl. lesetid":"1 minutt"},"schema":{"@context":"https:\/\/schema.org","@graph":[{"@type":"WebPage","@id":"https:\/\/secma.dk\/no\/om-secma\/","url":"https:\/\/secma.dk\/no\/om-secma\/","name":"Om Secma | Secma Medical Innovation","isPartOf":{"@id":"https:\/\/secma.dk\/no\/#website"},"datePublished":"2023-02-10T12:57:02+00:00","dateModified":"2025-11-27T21:16:05+00:00","description":"Secma is de exclusieve vertegenwoordiger van een aantal van \u2019s werelds meest toonaangevende producenten op gebied medische apparatuur. Echo apparatuur van SonoSite, echogene naalden en steriele transducer covers. Wij voeren uitsluitend klinisch goedgekeurde, gebruiksvriendelijke en kwalitatief hoogwaardige producten.","breadcrumb":{"@id":"https:\/\/secma.dk\/no\/om-secma\/#breadcrumb"},"inLanguage":"nb-NO","potentialAction":[{"@type":"ReadAction","target":["https:\/\/secma.dk\/no\/om-secma\/"]}]},{"@type":"BreadcrumbList","@id":"https:\/\/secma.dk\/no\/om-secma\/#breadcrumb","itemListElement":[{"@type":"ListItem","position":1,"name":"Hjem","item":"https:\/\/secma.dk\/no\/"},{"@type":"ListItem","position":2,"name":"Om Secma"}]},{"@type":"WebSite","@id":"https:\/\/secma.dk\/no\/#website","url":"https:\/\/secma.dk\/no\/","name":"Secma","description":"Web","publisher":{"@id":"https:\/\/secma.dk\/no\/#organization"},"potentialAction":[{"@type":"SearchAction","target":{"@type":"EntryPoint","urlTemplate":"https:\/\/secma.dk\/no\/?s={search_term_string}"},"query-input":{"@type":"PropertyValueSpecification","valueRequired":true,"valueName":"search_term_string"}}],"inLanguage":"nb-NO"},{"@type":"Organization","@id":"https:\/\/secma.dk\/no\/#organization","name":"Secma","url":"https:\/\/secma.dk\/no\/","logo":{"@type":"ImageObject","inLanguage":"nb-NO","@id":"https:\/\/secma.dk\/no\/#\/schema\/logo\/image\/","url":"https:\/\/secma.dk\/wp-content\/uploads\/2023\/01\/Secma-Logo-med-Payoff-1.png","contentUrl":"https:\/\/secma.dk\/wp-content\/uploads\/2023\/01\/Secma-Logo-med-Payoff-1.png","width":1200,"height":388,"caption":"Secma"},"image":{"@id":"https:\/\/secma.dk\/no\/#\/schema\/logo\/image\/"},"sameAs":["https:\/\/www.facebook.com\/secmamedicalinnovation","https:\/\/www.linkedin.com\/company\/secma\/"]}]}},"_links":{"self":[{"href":"https:\/\/secma.dk\/no\/wp-json\/wp\/v2\/pages\/15078","targetHints":{"allow":["GET"]}}],"collection":[{"href":"https:\/\/secma.dk\/no\/wp-json\/wp\/v2\/pages"}],"about":[{"href":"https:\/\/secma.dk\/no\/wp-json\/wp\/v2\/types\/page"}],"author":[{"embeddable":true,"href":"https:\/\/secma.dk\/no\/wp-json\/wp\/v2\/users\/2"}],"replies":[{"embeddable":true,"href":"https:\/\/secma.dk\/no\/wp-json\/wp\/v2\/comments?post=15078"}],"version-history":[{"count":5,"href":"https:\/\/secma.dk\/no\/wp-json\/wp\/v2\/pages\/15078\/revisions"}],"predecessor-version":[{"id":17204,"href":"https:\/\/secma.dk\/no\/wp-json\/wp\/v2\/pages\/15078\/revisions\/17204"}],"wp:attachment":[{"href":"https:\/\/secma.dk\/no\/wp-json\/wp\/v2\/media?parent=15078"}],"curies":[{"name":"wp","href":"https:\/\/api.w.org\/{rel}","templated":true}]}}