{"id":15068,"date":"2023-02-24T14:40:56","date_gmt":"2023-02-24T13:40:56","guid":{"rendered":"https:\/\/secma.dk\/salgs-og-leveringsbetingelser\/"},"modified":"2025-12-03T13:39:51","modified_gmt":"2025-12-03T12:39:51","slug":"salgs-og-leveringsbetingelser","status":"publish","type":"page","link":"https:\/\/secma.dk\/no\/salgs-og-leveringsbetingelser\/","title":{"rendered":"Vilk\u00e5r og betingelser for salg og levering"},"content":{"rendered":"\t\t<div data-elementor-type=\"wp-page\" data-elementor-id=\"15068\" class=\"elementor elementor-15068 elementor-726\" data-elementor-post-type=\"page\">\n\t\t\t\t\t\t<section class=\"elementor-section elementor-top-section elementor-element elementor-element-4bf256d elementor-section-boxed elementor-section-height-default elementor-section-height-default\" data-id=\"4bf256d\" data-element_type=\"section\" data-e-type=\"section\" data-settings=\"{&quot;background_background&quot;:&quot;classic&quot;}\">\n\t\t\t\t\t\t<div class=\"elementor-container elementor-column-gap-default\">\n\t\t\t\t\t<div class=\"elementor-column elementor-col-100 elementor-top-column elementor-element elementor-element-b37fa73\" data-id=\"b37fa73\" data-element_type=\"column\" data-e-type=\"column\">\n\t\t\t<div class=\"elementor-widget-wrap elementor-element-populated\">\n\t\t\t\t\t\t<div class=\"elementor-element elementor-element-4e5de36 elementor-widget elementor-widget-heading\" data-id=\"4e5de36\" data-element_type=\"widget\" data-e-type=\"widget\" data-widget_type=\"heading.default\">\n\t\t\t\t<div class=\"elementor-widget-container\">\n\t\t\t\t\t<h1 class=\"elementor-heading-title elementor-size-default\">Vilk\u00e5r og betingelser for salg og levering\n<\/h1>\t\t\t\t<\/div>\n\t\t\t\t<\/div>\n\t\t\t\t<div class=\"elementor-element elementor-element-c483dc7 elementor-widget__width-initial elementor-widget elementor-widget-text-editor\" data-id=\"c483dc7\" data-element_type=\"widget\" data-e-type=\"widget\" data-widget_type=\"text-editor.default\">\n\t\t\t\t<div class=\"elementor-widget-container\">\n\t\t\t\t\t\t\t\t\t<p><a href=\"http:\/\/secma.dk\/wp-content\/uploads\/2023\/02\/201606-A4-Salgs-og-leveringsbestemmelser-DK.pdf\">Last ned eller se Secmas vilk\u00e5r og betingelser i utskrivbart format<\/a><\/p>\t\t\t\t\t\t\t\t<\/div>\n\t\t\t\t<\/div>\n\t\t\t\t\t<\/div>\n\t\t<\/div>\n\t\t\t\t\t<\/div>\n\t\t<\/section>\n\t\t\t\t<section class=\"elementor-section elementor-top-section elementor-element elementor-element-5680318 elementor-section-boxed elementor-section-height-default elementor-section-height-default\" data-id=\"5680318\" data-element_type=\"section\" data-e-type=\"section\" data-settings=\"{&quot;background_background&quot;:&quot;classic&quot;}\">\n\t\t\t\t\t\t<div class=\"elementor-container elementor-column-gap-default\">\n\t\t\t\t\t<div class=\"elementor-column elementor-col-100 elementor-top-column elementor-element elementor-element-90286d2\" data-id=\"90286d2\" data-element_type=\"column\" data-e-type=\"column\">\n\t\t\t<div class=\"elementor-widget-wrap elementor-element-populated\">\n\t\t\t\t\t\t<div class=\"elementor-element elementor-element-4fe0736 elementor-widget elementor-widget-text-editor\" data-id=\"4fe0736\" data-element_type=\"widget\" data-e-type=\"widget\" data-widget_type=\"text-editor.default\">\n\t\t\t\t<div class=\"elementor-widget-container\">\n\t\t\t\t\t\t\t\t\t<h2><strong>Salgs- og leveringsbetingelser for Secma ApS (heretter kalt selger)<\/strong><\/h2><h4><b>1. ANVENDELSE AV SALGS- OG LEVERINGSBETINGELSENE<\/b><\/h4><p><b><\/b>1.1 F\u00f8lgende betingelser gjelder for alle tilbud, ordrebekreftelser, salg og leveranser fra Selger, med mindre annet er skriftlig avtalt mellom partene.<\/p><p><b>2. PRODUKTINFORMASJON, PRISLISTER ETC.<\/b><br><b><br><\/b>2.1 Opplysninger i brosjyrer, prislister og annen produktinformasjon fra Selger er kun bindende for Selger i den utstrekning avtalen med Kj\u00f8per uttrykkelig henviser til slike opplysninger.<\/p><p>2.2 Teknisk dokumentasjon som Selger leverer til Kj\u00f8per m\u00e5 kun benyttes i forbindelse med de produkter Selger leverer, og m\u00e5 ikke kopieres av Kj\u00f8per, reproduseres, overleveres til eller p\u00e5 annen m\u00e5te gj\u00f8res kjent for uvedkommende.<\/p><h4><b>3. PRISER OG LEVERINGSKLAUSUL<\/b><\/h4><p><b><\/b>3.1 Med mindre annet er angitt, er alle priser i selgers tilbud, ordrebekreftelser og andre henvisninger i danske kroner eksklusive merverdiavgift, toll, avgifter etc. Med mindre annet er angitt i nevnte materiale, forbeholder selger seg retten til \u00e5 foreta prisendringer frem til leveringstidspunktet som f\u00f8lge av endringer i valutakurser, toll, produksjonsmaterialer eller avgifter som p\u00e5virker selgers innkj\u00f8pspriser.<\/p><p>3.2 Selgerens priser for utstyret inkluderer kostnader for vanlig emballasje og kostnader for sikring av produktene under transport, men ekskluderer kostnader for transport og installasjon av produktene hos kj\u00f8peren. Med mindre annet er skriftlig avtalt, anses produktene levert ex works inkludert transportforsikring. <\/p><h4><b>4. AKSEPTFRIST FOR TILBUD<\/b><\/h4><p><b><br><\/b>4.1 Dersom selgeren fremsetter et tilbud som ikke inneholder en akseptfrist, bortfaller tilbudet dersom det ikke er akseptert av kj\u00f8peren innen 7 dager fra tilbudets dato.<\/p><h4><b>5. LEVERING<\/b><\/h4><p><b><br><\/b>5.1 Med mindre annet er skriftlig angitt i Selgers tilbud eller ordrebekreftelse eller partenes avtale, er den oppgitte leveringstid estimert etter Selgers beste skj\u00f8nn. Levering skal anses som rettidig dersom den finner sted innen 2 uker fra det oppgitte tidspunkt. Overskrides denne frist, kan kj\u00f8peren ved skriftlig meddelelse til selgeren kreve levering og sette en rimelig frist, som ikke skal v\u00e6re kortere enn to uker. Dersom selgeren ikke leverer innen denne forlengede fristen, og dette ikke skyldes forhold som kj\u00f8peren er ansvarlig for, kan kj\u00f8peren ved skriftlig meddelelse til selgeren heve avtalen for s\u00e5 vidt gjelder den del av leveransen som ikke er levert. Kj\u00f8peren kan heller ikke gj\u00f8re gjeldende krav mot selgeren som f\u00f8lge av forsinkelse.    <\/p><p>5.2 Ved streik, lockout, importrestriksjoner eller annen force majeure eller force majeure-lignende situasjon, suspenderes Selgers leveringstid i et tidsrom som svarer til varigheten av den aktuelle hindringen. Dersom hindringen medf\u00f8rer at en leveranse bare kan avhjelpes til uforholdsmessig h\u00f8ye kostnader, forbeholder Selger seg retten til \u00e5 heve avtalen. <\/p><p>5.3 I tilfeller hvor force majeure har hindret levering i mer enn 4 m\u00e5neder &#8211; regnet fra det leveringstidspunkt som er oppgitt av selger &#8211; har begge parter rett til \u00e5 heve kj\u00f8pet. Kj\u00f8peren kan ikke kreve erstatning for direkte eller indirekte tap som f\u00f8lge av dette. <\/p><h4><b>6. INSTALLASJON<\/b><\/h4><p><b><br><\/b>6.1 Kj\u00f8peren er ansvarlig for eventuell installasjon av utstyret, herunder at n\u00f8dvendige installasjoner er til stede hos kj\u00f8peren.<\/p><h4><b>7. BETALINGSBETINGELSER<\/b><\/h4><p><b><br><\/b>7.1 Med mindre annet er skriftlig avtalt, skal Selgers fakturaer betales innen 15 dager etter fakturadato.<\/p><p>7.2 Ved betaling etter forfall beregner Selger forsinkelsesrenter i henhold til renteloven. Selger kan videre kreve et purregebyr i henhold til renteloven. <\/p><p>7.3 Betaling med frigj\u00f8rende virkning kan kun skje til den konto som selgeren har oppgitt.<\/p><p>7.4 Kj\u00f8peren har ikke rett til \u00e5 motregne med motkrav som ikke er skriftlig anerkjent av Selgeren, og har ikke rett til \u00e5 holde tilbake noen del av kj\u00f8pesummen p\u00e5 grunn av slike motkrav.<\/p><p>7.5 Dersom kj\u00f8peren er i restanse med betalinger til selgeren, herunder betalinger i henhold til andre avtaler, forbeholder selgeren seg retten til \u00e5 holde tilbake leveranser inntil restansene er betalt.<\/p><h4><b>8. EIENDOMSFORBEHOLD<\/b><\/h4><p><b><br><\/b>8.1 Selger beholder eiendomsretten til de solgte varer inntil hele kj\u00f8pesummen med tillegg av renter og eventuelle omkostninger er betalt. Kj\u00f8per har ikke rett til \u00e5 foreta disposisjoner som reduserer Selgers eiendomsforbehold, herunder i form av videresalg, utleie eller fjerning av utstyret f\u00f8r full kj\u00f8pesum med tillegg av renter og eventuelle omkostninger er betalt. <\/p><h4><b>9. SELGERS ANSVAR FOR MANGLER<\/b><\/h4><p><b><br><\/b>9.1 Kj\u00f8peren skal grundig unders\u00f8ke og teste produktene ved mottak. Mangler som oppdages eller burde ha blitt oppdaget ved denne unders\u00f8kelsen, skal meldes skriftlig til Selger umiddelbart og senest 7 dager etter mottak av produktene. Kj\u00f8per kan ikke under noen omstendighet gj\u00f8re mangler gjeldende overfor Selger senere enn 1 \u00e5r fra levering av varen.  <\/p><p>9.2 Etter Selgers valg skal mangler avhjelpes ved retting av mangelen eller omlevering p\u00e5 opprinnelig avtalt leveringssted. Det er i denne forbindelse kj\u00f8pers ansvar at utbedring kan skje p\u00e5 det opprinnelige leveringsstedet, med mindre annet er avtalt mellom partene. Selger har imidlertid rett til \u00e5 f\u00e5 mangler utbedret av Selger eller en reparat\u00f8r autorisert av Selger. Dersom utbedring av mangler vil medf\u00f8re uforholdsmessig store kostnader, har selgeren i stedet rett til \u00e5 foreta et forholdsmessig avslag i kj\u00f8pesummen tilsvarende utstyrets verdireduksjon.   <\/p><p>9.3 Utover det som fremg\u00e5r av dette punkt 9, kan kj\u00f8peren ikke rette krav mot selgeren i anledning mangler ved utstyret, uansett om kj\u00f8perens tap eller kostnader er direkte eller indirekte for\u00e5rsaket av mangler ved utstyret.<\/p><h4><b>10. PRODUKTANSVAR OSV.<\/b><\/h4><p><b><br><\/b>10.1 Selger er kun ansvarlig for skade p\u00e5 person og ting som f\u00f8lge av feil eller mangler ved de leverte produkter (produktansvar) i den utstrekning ansvaret f\u00f8lger av ufravikelige lovbestemmelser. Selger er ikke ansvarlig for skade p\u00e5 Kj\u00f8pers eiendom eller annen eiendom som er bestemt til ervervsmessig bruk (tingskade). Selger er ikke ansvarlig for kj\u00f8pers eller tredjemanns tap av data eller informasjon som f\u00f8lge av mangler ved de leverte produkter eller tap som f\u00f8lge av at data eller resultater som vises av produktene er misvisende eller utilstrekkelige som f\u00f8lge av mangler ved produktene.  <\/p><h4><b>11. ANSVARSFRITAK OG GENERELL ANSVARSBEGRENSNING<\/b><\/h4><p><b><br><\/b>11.1 Selgeren skal anses fritatt for enhver forpliktelse overfor kj\u00f8peren som f\u00f8lge av omstendigheter som hindrer oppfyllelse av avtalen eller gj\u00f8r oppfyllelsen urimelig tyngende, herunder arbeidskonflikt og enhver annen omstendighet utenfor partenes kontroll, s\u00e5 som brann, krig, mobilisering eller milit\u00e6rinnkallelser av tilsvarende omfang, rekvisisjon, beslag, valutarestriksjoner, oppr\u00f8r og uroligheter, mangel p\u00e5 transportmidler, alminnelig vareknapphet, innskrenkninger i drivkraft og mangler ved eller forsinkelser i leveranser fra underleverand\u00f8rer som skyldes noen av de omstendigheter som er nevnt i dette punkt.<\/p><p>11.2 Selger kan under ingen omstendighet holdes ansvarlig for driftstap, tapt fortjeneste eller andre indirekte tap eller f\u00f8lgeskader. Selgerens ansvar kan aldri overstige kj\u00f8pesummen for det produkt som ligger til grunn for Kj\u00f8perens krav. <\/p><h4><b>12. JURISDIKSJON OG LOVVALG<\/b><\/h4><p><b><br><\/b>12.1 Enhver tvist mellom selgeren og kj\u00f8peren skal avgj\u00f8res etter dansk rett ved selgerens verneting.<\/p>\t\t\t\t\t\t\t\t<\/div>\n\t\t\t\t<\/div>\n\t\t\t\t\t<\/div>\n\t\t<\/div>\n\t\t\t\t\t<\/div>\n\t\t<\/section>\n\t\t\t\t<\/div>\n\t\t","protected":false},"excerpt":{"rendered":"<p>Vilk\u00e5r og betingelser for salg og levering Last ned eller se Secmas vilk\u00e5r og betingelser i utskrivbart format Salgs- og leveringsbetingelser for Secma ApS (heretter kalt selger) 1. ANVENDELSE AV SALGS- OG LEVERINGSBETINGELSENE 1.1 F\u00f8lgende betingelser gjelder for alle tilbud, ordrebekreftelser, salg og leveranser fra Selger, med mindre annet er skriftlig avtalt mellom partene. 2. [&hellip;]<\/p>\n","protected":false},"author":2,"featured_media":0,"parent":0,"menu_order":48,"comment_status":"closed","ping_status":"closed","template":"","meta":{"_acf_changed":false,"site-sidebar-layout":"no-sidebar","site-content-layout":"page-builder","ast-site-content-layout":"full-width-container","site-content-style":"unboxed","site-sidebar-style":"unboxed","ast-global-header-display":"","ast-banner-title-visibility":"","ast-main-header-display":"","ast-hfb-above-header-display":"","ast-hfb-below-header-display":"","ast-hfb-mobile-header-display":"","site-post-title":"disabled","ast-breadcrumbs-content":"","ast-featured-img":"disabled","footer-sml-layout":"","ast-disable-related-posts":"","theme-transparent-header-meta":"default","adv-header-id-meta":"","stick-header-meta":"","header-above-stick-meta":"","header-main-stick-meta":"","header-below-stick-meta":"","astra-migrate-meta-layouts":"set","ast-page-background-enabled":"default","ast-page-background-meta":{"desktop":{"background-color":"var(--ast-global-color-4)","background-image":"","background-repeat":"repeat","background-position":"center center","background-size":"auto","background-attachment":"scroll","background-type":"","background-media":"","overlay-type":"","overlay-color":"","overlay-opacity":"","overlay-gradient":""},"tablet":{"background-color":"","background-image":"","background-repeat":"repeat","background-position":"center center","background-size":"auto","background-attachment":"scroll","background-type":"","background-media":"","overlay-type":"","overlay-color":"","overlay-opacity":"","overlay-gradient":""},"mobile":{"background-color":"","background-image":"","background-repeat":"repeat","background-position":"center center","background-size":"auto","background-attachment":"scroll","background-type":"","background-media":"","overlay-type":"","overlay-color":"","overlay-opacity":"","overlay-gradient":""}},"ast-content-background-meta":{"desktop":{"background-color":"var(--ast-global-color-5)","background-image":"","background-repeat":"repeat","background-position":"center center","background-size":"auto","background-attachment":"scroll","background-type":"","background-media":"","overlay-type":"","overlay-color":"","overlay-opacity":"","overlay-gradient":""},"tablet":{"background-color":"var(--ast-global-color-5)","background-image":"","background-repeat":"repeat","background-position":"center center","background-size":"auto","background-attachment":"scroll","background-type":"","background-media":"","overlay-type":"","overlay-color":"","overlay-opacity":"","overlay-gradient":""},"mobile":{"background-color":"var(--ast-global-color-5)","background-image":"","background-repeat":"repeat","background-position":"center center","background-size":"auto","background-attachment":"scroll","background-type":"","background-media":"","overlay-type":"","overlay-color":"","overlay-opacity":"","overlay-gradient":""}},"footnotes":""},"class_list":["post-15068","page","type-page","status-publish","hentry"],"acf":[],"yoast_head":"<!-- This site is optimized with the Yoast SEO plugin v27.5 - https:\/\/yoast.com\/product\/yoast-seo-wordpress\/ -->\n<title>Vilk\u00e5r og betingelser for salg og leverin | Secma Medical Innovation<\/title>\n<meta name=\"description\" content=\"Her finner du salgs- og leveringsbetingelsene for oss i Secma Medical Innovation. Hvis du har sp\u00f8rsm\u00e5l, er du velkommen til \u00e5 kontakte oss.\" \/>\n<meta name=\"robots\" content=\"index, follow, max-snippet:-1, max-image-preview:large, max-video-preview:-1\" \/>\n<link rel=\"canonical\" href=\"https:\/\/secma.dk\/no\/salgs-og-leveringsbetingelser\/\" \/>\n<meta property=\"og:locale\" content=\"nb_NO\" \/>\n<meta property=\"og:type\" content=\"article\" \/>\n<meta property=\"og:title\" content=\"Vilk\u00e5r og betingelser for salg og leverin | Secma Medical Innovation\" \/>\n<meta property=\"og:description\" content=\"Her finner du salgs- og leveringsbetingelsene for oss i Secma Medical Innovation. Hvis du har sp\u00f8rsm\u00e5l, er du velkommen til \u00e5 kontakte oss.\" \/>\n<meta property=\"og:url\" content=\"https:\/\/secma.dk\/no\/salgs-og-leveringsbetingelser\/\" \/>\n<meta property=\"og:site_name\" content=\"Secma\" \/>\n<meta property=\"article:publisher\" content=\"https:\/\/www.facebook.com\/secmamedicalinnovation\" \/>\n<meta property=\"article:modified_time\" content=\"2025-12-03T12:39:51+00:00\" \/>\n<meta property=\"og:image\" content=\"https:\/\/secma.dk\/wp-content\/uploads\/2025\/08\/Secma-Logo-600x600-u-baggrund.png\" \/>\n\t<meta property=\"og:image:width\" content=\"600\" \/>\n\t<meta property=\"og:image:height\" content=\"600\" \/>\n\t<meta property=\"og:image:type\" content=\"image\/png\" \/>\n<meta name=\"twitter:card\" content=\"summary_large_image\" \/>\n<meta name=\"twitter:label1\" content=\"Ansl. lesetid\" \/>\n\t<meta name=\"twitter:data1\" content=\"6 minutter\" \/>\n<script type=\"application\/ld+json\" class=\"yoast-schema-graph\">{\"@context\":\"https:\\\/\\\/schema.org\",\"@graph\":[{\"@type\":\"WebPage\",\"@id\":\"https:\\\/\\\/secma.dk\\\/no\\\/salgs-og-leveringsbetingelser\\\/\",\"url\":\"https:\\\/\\\/secma.dk\\\/no\\\/salgs-og-leveringsbetingelser\\\/\",\"name\":\"Vilk\u00e5r og betingelser for salg og leverin | Secma Medical Innovation\",\"isPartOf\":{\"@id\":\"https:\\\/\\\/secma.dk\\\/no\\\/#website\"},\"datePublished\":\"2023-02-24T13:40:56+00:00\",\"dateModified\":\"2025-12-03T12:39:51+00:00\",\"description\":\"Her finner du salgs- og leveringsbetingelsene for oss i Secma Medical Innovation. Hvis du har sp\u00f8rsm\u00e5l, er du velkommen til \u00e5 kontakte oss.\",\"breadcrumb\":{\"@id\":\"https:\\\/\\\/secma.dk\\\/no\\\/salgs-og-leveringsbetingelser\\\/#breadcrumb\"},\"inLanguage\":\"nb-NO\",\"potentialAction\":[{\"@type\":\"ReadAction\",\"target\":[\"https:\\\/\\\/secma.dk\\\/no\\\/salgs-og-leveringsbetingelser\\\/\"]}]},{\"@type\":\"BreadcrumbList\",\"@id\":\"https:\\\/\\\/secma.dk\\\/no\\\/salgs-og-leveringsbetingelser\\\/#breadcrumb\",\"itemListElement\":[{\"@type\":\"ListItem\",\"position\":1,\"name\":\"Hjem\",\"item\":\"https:\\\/\\\/secma.dk\\\/no\\\/\"},{\"@type\":\"ListItem\",\"position\":2,\"name\":\"Vilk\u00e5r og betingelser for salg og levering\"}]},{\"@type\":\"WebSite\",\"@id\":\"https:\\\/\\\/secma.dk\\\/no\\\/#website\",\"url\":\"https:\\\/\\\/secma.dk\\\/no\\\/\",\"name\":\"Secma\",\"description\":\"Web\",\"publisher\":{\"@id\":\"https:\\\/\\\/secma.dk\\\/no\\\/#organization\"},\"potentialAction\":[{\"@type\":\"SearchAction\",\"target\":{\"@type\":\"EntryPoint\",\"urlTemplate\":\"https:\\\/\\\/secma.dk\\\/no\\\/?s={search_term_string}\"},\"query-input\":{\"@type\":\"PropertyValueSpecification\",\"valueRequired\":true,\"valueName\":\"search_term_string\"}}],\"inLanguage\":\"nb-NO\"},{\"@type\":\"Organization\",\"@id\":\"https:\\\/\\\/secma.dk\\\/no\\\/#organization\",\"name\":\"Secma\",\"url\":\"https:\\\/\\\/secma.dk\\\/no\\\/\",\"logo\":{\"@type\":\"ImageObject\",\"inLanguage\":\"nb-NO\",\"@id\":\"https:\\\/\\\/secma.dk\\\/no\\\/#\\\/schema\\\/logo\\\/image\\\/\",\"url\":\"https:\\\/\\\/secma.dk\\\/wp-content\\\/uploads\\\/2023\\\/01\\\/Secma-Logo-med-Payoff-1.png\",\"contentUrl\":\"https:\\\/\\\/secma.dk\\\/wp-content\\\/uploads\\\/2023\\\/01\\\/Secma-Logo-med-Payoff-1.png\",\"width\":1200,\"height\":388,\"caption\":\"Secma\"},\"image\":{\"@id\":\"https:\\\/\\\/secma.dk\\\/no\\\/#\\\/schema\\\/logo\\\/image\\\/\"},\"sameAs\":[\"https:\\\/\\\/www.facebook.com\\\/secmamedicalinnovation\",\"https:\\\/\\\/www.linkedin.com\\\/company\\\/secma\\\/\"]}]}<\/script>\n<!-- \/ Yoast SEO plugin. -->","yoast_head_json":{"title":"Vilk\u00e5r og betingelser for salg og leverin | Secma Medical Innovation","description":"Her finner du salgs- og leveringsbetingelsene for oss i Secma Medical Innovation. Hvis du har sp\u00f8rsm\u00e5l, er du velkommen til \u00e5 kontakte oss.","robots":{"index":"index","follow":"follow","max-snippet":"max-snippet:-1","max-image-preview":"max-image-preview:large","max-video-preview":"max-video-preview:-1"},"canonical":"https:\/\/secma.dk\/no\/salgs-og-leveringsbetingelser\/","og_locale":"nb_NO","og_type":"article","og_title":"Vilk\u00e5r og betingelser for salg og leverin | Secma Medical Innovation","og_description":"Her finner du salgs- og leveringsbetingelsene for oss i Secma Medical Innovation. Hvis du har sp\u00f8rsm\u00e5l, er du velkommen til \u00e5 kontakte oss.","og_url":"https:\/\/secma.dk\/no\/salgs-og-leveringsbetingelser\/","og_site_name":"Secma","article_publisher":"https:\/\/www.facebook.com\/secmamedicalinnovation","article_modified_time":"2025-12-03T12:39:51+00:00","og_image":[{"width":600,"height":600,"url":"https:\/\/secma.dk\/wp-content\/uploads\/2025\/08\/Secma-Logo-600x600-u-baggrund.png","type":"image\/png"}],"twitter_card":"summary_large_image","twitter_misc":{"Ansl. lesetid":"6 minutter"},"schema":{"@context":"https:\/\/schema.org","@graph":[{"@type":"WebPage","@id":"https:\/\/secma.dk\/no\/salgs-og-leveringsbetingelser\/","url":"https:\/\/secma.dk\/no\/salgs-og-leveringsbetingelser\/","name":"Vilk\u00e5r og betingelser for salg og leverin | Secma Medical Innovation","isPartOf":{"@id":"https:\/\/secma.dk\/no\/#website"},"datePublished":"2023-02-24T13:40:56+00:00","dateModified":"2025-12-03T12:39:51+00:00","description":"Her finner du salgs- og leveringsbetingelsene for oss i Secma Medical Innovation. Hvis du har sp\u00f8rsm\u00e5l, er du velkommen til \u00e5 kontakte oss.","breadcrumb":{"@id":"https:\/\/secma.dk\/no\/salgs-og-leveringsbetingelser\/#breadcrumb"},"inLanguage":"nb-NO","potentialAction":[{"@type":"ReadAction","target":["https:\/\/secma.dk\/no\/salgs-og-leveringsbetingelser\/"]}]},{"@type":"BreadcrumbList","@id":"https:\/\/secma.dk\/no\/salgs-og-leveringsbetingelser\/#breadcrumb","itemListElement":[{"@type":"ListItem","position":1,"name":"Hjem","item":"https:\/\/secma.dk\/no\/"},{"@type":"ListItem","position":2,"name":"Vilk\u00e5r og betingelser for salg og levering"}]},{"@type":"WebSite","@id":"https:\/\/secma.dk\/no\/#website","url":"https:\/\/secma.dk\/no\/","name":"Secma","description":"Web","publisher":{"@id":"https:\/\/secma.dk\/no\/#organization"},"potentialAction":[{"@type":"SearchAction","target":{"@type":"EntryPoint","urlTemplate":"https:\/\/secma.dk\/no\/?s={search_term_string}"},"query-input":{"@type":"PropertyValueSpecification","valueRequired":true,"valueName":"search_term_string"}}],"inLanguage":"nb-NO"},{"@type":"Organization","@id":"https:\/\/secma.dk\/no\/#organization","name":"Secma","url":"https:\/\/secma.dk\/no\/","logo":{"@type":"ImageObject","inLanguage":"nb-NO","@id":"https:\/\/secma.dk\/no\/#\/schema\/logo\/image\/","url":"https:\/\/secma.dk\/wp-content\/uploads\/2023\/01\/Secma-Logo-med-Payoff-1.png","contentUrl":"https:\/\/secma.dk\/wp-content\/uploads\/2023\/01\/Secma-Logo-med-Payoff-1.png","width":1200,"height":388,"caption":"Secma"},"image":{"@id":"https:\/\/secma.dk\/no\/#\/schema\/logo\/image\/"},"sameAs":["https:\/\/www.facebook.com\/secmamedicalinnovation","https:\/\/www.linkedin.com\/company\/secma\/"]}]}},"_links":{"self":[{"href":"https:\/\/secma.dk\/no\/wp-json\/wp\/v2\/pages\/15068","targetHints":{"allow":["GET"]}}],"collection":[{"href":"https:\/\/secma.dk\/no\/wp-json\/wp\/v2\/pages"}],"about":[{"href":"https:\/\/secma.dk\/no\/wp-json\/wp\/v2\/types\/page"}],"author":[{"embeddable":true,"href":"https:\/\/secma.dk\/no\/wp-json\/wp\/v2\/users\/2"}],"replies":[{"embeddable":true,"href":"https:\/\/secma.dk\/no\/wp-json\/wp\/v2\/comments?post=15068"}],"version-history":[{"count":5,"href":"https:\/\/secma.dk\/no\/wp-json\/wp\/v2\/pages\/15068\/revisions"}],"predecessor-version":[{"id":19048,"href":"https:\/\/secma.dk\/no\/wp-json\/wp\/v2\/pages\/15068\/revisions\/19048"}],"wp:attachment":[{"href":"https:\/\/secma.dk\/no\/wp-json\/wp\/v2\/media?parent=15068"}],"curies":[{"name":"wp","href":"https:\/\/api.w.org\/{rel}","templated":true}]}}