{"id":15065,"date":"2023-02-24T14:43:02","date_gmt":"2023-02-24T13:43:02","guid":{"rendered":"https:\/\/secma.dk\/gdpr-policy\/"},"modified":"2025-12-18T15:11:31","modified_gmt":"2025-12-18T14:11:31","slug":"politikker","status":"publish","type":"page","link":"https:\/\/secma.dk\/no\/politikker\/","title":{"rendered":"Policy"},"content":{"rendered":"\t\t<div data-elementor-type=\"wp-page\" data-elementor-id=\"15065\" class=\"elementor elementor-15065 elementor-736\" data-elementor-post-type=\"page\">\n\t\t\t\t\t\t<section class=\"elementor-section elementor-top-section elementor-element elementor-element-ff0f2a6 elementor-section-boxed elementor-section-height-default elementor-section-height-default\" data-id=\"ff0f2a6\" data-element_type=\"section\" data-e-type=\"section\" data-settings=\"{&quot;background_background&quot;:&quot;classic&quot;}\">\n\t\t\t\t\t\t<div class=\"elementor-container elementor-column-gap-default\">\n\t\t\t\t\t<div class=\"elementor-column elementor-col-100 elementor-top-column elementor-element elementor-element-2de5d39\" data-id=\"2de5d39\" data-element_type=\"column\" data-e-type=\"column\">\n\t\t\t<div class=\"elementor-widget-wrap elementor-element-populated\">\n\t\t\t\t\t\t<div class=\"elementor-element elementor-element-fdda585 elementor-widget elementor-widget-heading\" data-id=\"fdda585\" data-element_type=\"widget\" data-e-type=\"widget\" data-widget_type=\"heading.default\">\n\t\t\t\t<div class=\"elementor-widget-container\">\n\t\t\t\t\t<h1 class=\"elementor-heading-title elementor-size-default\">Politikker<\/h1>\t\t\t\t<\/div>\n\t\t\t\t<\/div>\n\t\t\t\t<div class=\"elementor-element elementor-element-413cf35 elementor-widget elementor-widget-text-editor\" data-id=\"413cf35\" data-element_type=\"widget\" data-e-type=\"widget\" data-widget_type=\"text-editor.default\">\n\t\t\t\t<div class=\"elementor-widget-container\">\n\t\t\t\t\t\t\t\t\t<p>I Secma er ESG (Environmental, Social, Governance) en integrert del av strategien v\u00e5r. Vi er opptatt av \u00e5 redusere milj\u00f8p\u00e5virkningen v\u00e5r, styrke v\u00e5rt sosiale ansvar og sikre \u00e5penhet i styringen v\u00e5r. Med b\u00e6rekraftige l\u00f8sninger og fokus p\u00e5 innovasjon skaper vi verdi for kunder, medarbeidere og samfunnet. V\u00e5r tiln\u00e6rming til ESG er basert p\u00e5 kontinuerlig forbedring og tett samarbeid med interessentene v\u00e5re, slik at vi sammen kan skape en gr\u00f8nnere fremtid.<\/p><p>Les mer om og last ned ESG-initiativene v\u00e5re nedenfor:<\/p>\t\t\t\t\t\t\t\t<\/div>\n\t\t\t\t<\/div>\n\t\t\t\t\t<\/div>\n\t\t<\/div>\n\t\t\t\t\t<\/div>\n\t\t<\/section>\n\t\t<div class=\"elementor-element elementor-element-014bb7e e-flex e-con-boxed e-con e-parent\" data-id=\"014bb7e\" data-element_type=\"container\" data-e-type=\"container\" data-settings=\"{&quot;background_background&quot;:&quot;classic&quot;}\">\n\t\t\t\t\t<div class=\"e-con-inner\">\n\t\t<div class=\"elementor-element elementor-element-35d746e e-con-full e-flex e-con e-child\" data-id=\"35d746e\" data-element_type=\"container\" data-e-type=\"container\">\n\t\t\t\t<div class=\"elementor-element elementor-element-d840e02 elementor-widget elementor-widget-image\" data-id=\"d840e02\" data-element_type=\"widget\" data-e-type=\"widget\" data-widget_type=\"image.default\">\n\t\t\t\t<div class=\"elementor-widget-container\">\n\t\t\t\t\t\t\t\t\t\t\t\t\t\t\t\t<a href=\"https:\/\/secma.dk\/wp-content\/uploads\/2025\/01\/Secma-environmental-policy-.pdf\" target=\"_blank\">\n\t\t\t\t\t\t\t<img decoding=\"async\" src=\"https:\/\/secma.dk\/wp-content\/uploads\/2025\/01\/Secma-environmental-policy.jpg\" title=\"\" alt=\"Secma environment policy\" loading=\"lazy\" \/>\t\t\t\t\t\t\t\t<\/a>\n\t\t\t\t\t\t\t\t\t\t\t\t\t\t\t<\/div>\n\t\t\t\t<\/div>\n\t\t\t\t<\/div>\n\t\t<div class=\"elementor-element elementor-element-f7aabeb e-con-full e-flex e-con e-child\" data-id=\"f7aabeb\" data-element_type=\"container\" data-e-type=\"container\">\n\t\t\t\t<div class=\"elementor-element elementor-element-b52b35f elementor-widget elementor-widget-image\" data-id=\"b52b35f\" data-element_type=\"widget\" data-e-type=\"widget\" data-widget_type=\"image.default\">\n\t\t\t\t<div class=\"elementor-widget-container\">\n\t\t\t\t\t\t\t\t\t\t\t\t\t\t\t\t<a href=\"https:\/\/secma.dk\/wp-content\/uploads\/2025\/01\/Secma-occupational-health-and-safety-policy.pdf\" target=\"_blank\">\n\t\t\t\t\t\t\t<img decoding=\"async\" src=\"https:\/\/secma.dk\/wp-content\/uploads\/2025\/01\/Secma-occupational-health-and-safety-policy.png\" title=\"\" alt=\"Secma occupational health and safety policy\" loading=\"lazy\" \/>\t\t\t\t\t\t\t\t<\/a>\n\t\t\t\t\t\t\t\t\t\t\t\t\t\t\t<\/div>\n\t\t\t\t<\/div>\n\t\t\t\t<\/div>\n\t\t<div class=\"elementor-element elementor-element-78f9b07 e-con-full e-flex e-con e-child\" data-id=\"78f9b07\" data-element_type=\"container\" data-e-type=\"container\">\n\t\t\t\t<div class=\"elementor-element elementor-element-af36ceb elementor-widget elementor-widget-image\" data-id=\"af36ceb\" data-element_type=\"widget\" data-e-type=\"widget\" data-widget_type=\"image.default\">\n\t\t\t\t<div class=\"elementor-widget-container\">\n\t\t\t\t\t\t\t\t\t\t\t\t\t\t\t\t<a href=\"https:\/\/secma.dk\/wp-content\/uploads\/2025\/01\/Secma-anti-corruption-policy.pdf\" target=\"_blank\">\n\t\t\t\t\t\t\t<img decoding=\"async\" src=\"https:\/\/secma.dk\/wp-content\/uploads\/2025\/01\/Secma-anti-corruption-policy.jpg\" title=\"\" alt=\"Secma anti corruption policy - ESG\" loading=\"lazy\" \/>\t\t\t\t\t\t\t\t<\/a>\n\t\t\t\t\t\t\t\t\t\t\t\t\t\t\t<\/div>\n\t\t\t\t<\/div>\n\t\t\t\t<\/div>\n\t\t<div class=\"elementor-element elementor-element-9123086 e-con-full e-flex e-con e-child\" data-id=\"9123086\" data-element_type=\"container\" data-e-type=\"container\">\n\t\t\t\t<div class=\"elementor-element elementor-element-9e875b5 elementor-widget elementor-widget-image\" data-id=\"9e875b5\" data-element_type=\"widget\" data-e-type=\"widget\" data-widget_type=\"image.default\">\n\t\t\t\t<div class=\"elementor-widget-container\">\n\t\t\t\t\t\t\t\t\t\t\t\t\t\t\t\t<a href=\"https:\/\/secma.dk\/wp-content\/uploads\/2025\/01\/Secma-Code-of-Conduct.pdf\" target=\"_blank\">\n\t\t\t\t\t\t\t<img decoding=\"async\" src=\"https:\/\/secma.dk\/wp-content\/uploads\/2025\/01\/Secma-Code-of-Conduct.png\" title=\"\" alt=\"Secma Code of conduct - ESG\" loading=\"lazy\" \/>\t\t\t\t\t\t\t\t<\/a>\n\t\t\t\t\t\t\t\t\t\t\t\t\t\t\t<\/div>\n\t\t\t\t<\/div>\n\t\t\t\t<\/div>\n\t\t<div class=\"elementor-element elementor-element-414494c e-con-full e-flex e-con e-child\" data-id=\"414494c\" data-element_type=\"container\" data-e-type=\"container\">\n\t\t\t\t<div class=\"elementor-element elementor-element-b02391b elementor-widget elementor-widget-image\" data-id=\"b02391b\" data-element_type=\"widget\" data-e-type=\"widget\" data-widget_type=\"image.default\">\n\t\t\t\t<div class=\"elementor-widget-container\">\n\t\t\t\t\t\t\t\t\t\t\t\t\t\t\t\t<a href=\"https:\/\/secma.dk\/wp-content\/uploads\/2025\/01\/Secma-code-of-conduct-suppliers.pdf\" target=\"_blank\">\n\t\t\t\t\t\t\t<img decoding=\"async\" src=\"https:\/\/secma.dk\/wp-content\/uploads\/2025\/01\/Secma-code-of-conduct-suppliers.jpg\" title=\"\" alt=\"\" loading=\"lazy\" \/>\t\t\t\t\t\t\t\t<\/a>\n\t\t\t\t\t\t\t\t\t\t\t\t\t\t\t<\/div>\n\t\t\t\t<\/div>\n\t\t\t\t<\/div>\n\t\t<div class=\"elementor-element elementor-element-01d9c1d e-con-full e-flex e-con e-child\" data-id=\"01d9c1d\" data-element_type=\"container\" data-e-type=\"container\">\n\t\t\t\t<div class=\"elementor-element elementor-element-0002353 elementor-widget elementor-widget-image\" data-id=\"0002353\" data-element_type=\"widget\" data-e-type=\"widget\" data-widget_type=\"image.default\">\n\t\t\t\t<div class=\"elementor-widget-container\">\n\t\t\t\t\t\t\t\t\t\t\t\t\t\t\t\t<a href=\"https:\/\/secma.dk\/wp-content\/uploads\/2025\/06\/Secma-European-Accessibility-Act-.pdf\" target=\"_blank\">\n\t\t\t\t\t\t\t<img decoding=\"async\" src=\"https:\/\/secma.dk\/wp-content\/uploads\/2025\/06\/Secma-European-Accessibility-Act-.png\" title=\"\" alt=\"European Accessibility Act Secma\" loading=\"lazy\" \/>\t\t\t\t\t\t\t\t<\/a>\n\t\t\t\t\t\t\t\t\t\t\t\t\t\t\t<\/div>\n\t\t\t\t<\/div>\n\t\t\t\t<\/div>\n\t\t\t\t\t<\/div>\n\t\t\t\t<\/div>\n\t\t\t\t<section class=\"elementor-section elementor-top-section elementor-element elementor-element-df983e1 elementor-section-boxed elementor-section-height-default elementor-section-height-default\" data-id=\"df983e1\" data-element_type=\"section\" data-e-type=\"section\" data-settings=\"{&quot;background_background&quot;:&quot;classic&quot;}\">\n\t\t\t\t\t\t<div class=\"elementor-container elementor-column-gap-default\">\n\t\t\t\t\t<div class=\"elementor-column elementor-col-100 elementor-top-column elementor-element elementor-element-e2cecab\" data-id=\"e2cecab\" data-element_type=\"column\" data-e-type=\"column\">\n\t\t\t<div class=\"elementor-widget-wrap elementor-element-populated\">\n\t\t\t\t\t\t<div class=\"elementor-element elementor-element-1fa39a4 elementor-widget elementor-widget-heading\" data-id=\"1fa39a4\" data-element_type=\"widget\" data-e-type=\"widget\" data-widget_type=\"heading.default\">\n\t\t\t\t<div class=\"elementor-widget-container\">\n\t\t\t\t\t<h1 class=\"elementor-heading-title elementor-size-default\">GDPR Policy \u2013 Statement of Compliance\n<\/h1>\t\t\t\t<\/div>\n\t\t\t\t<\/div>\n\t\t\t\t\t<\/div>\n\t\t<\/div>\n\t\t\t\t\t<\/div>\n\t\t<\/section>\n\t\t\t\t<section class=\"elementor-section elementor-top-section elementor-element elementor-element-88f8581 elementor-section-boxed elementor-section-height-default elementor-section-height-default\" data-id=\"88f8581\" data-element_type=\"section\" data-e-type=\"section\" data-settings=\"{&quot;background_background&quot;:&quot;classic&quot;}\">\n\t\t\t\t\t\t<div class=\"elementor-container elementor-column-gap-default\">\n\t\t\t\t\t<div class=\"elementor-column elementor-col-50 elementor-top-column elementor-element elementor-element-50aad89\" data-id=\"50aad89\" data-element_type=\"column\" data-e-type=\"column\">\n\t\t\t<div class=\"elementor-widget-wrap elementor-element-populated\">\n\t\t\t\t\t\t<div class=\"elementor-element elementor-element-179a739 elementor-widget elementor-widget-text-editor\" data-id=\"179a739\" data-element_type=\"widget\" data-e-type=\"widget\" data-widget_type=\"text-editor.default\">\n\t\t\t\t<div class=\"elementor-widget-container\">\n\t\t\t\t\t\t\t\t\t<p>Personvernforordningen (GDPR) tr\u00e5dte i kraft 25. mai 2018.<\/p><p>Secma ApS erkjenner sitt ansvar for \u00e5 utvikle og opprettholde en bevissthet i hele virksomheten om enkeltpersoners rettigheter til \u00e5 bli myndiggjort og beskyttet n\u00e5r det gjelder personvern.<\/p><p>Vi har implementert prosedyrer og oppl\u00e6ring for \u00e5 sikre at et juridisk grunnlag for behandling av personopplysninger ligger til grunn for all forretningspraksis hos Secma ApS.<\/p><p>Vi anerkjenner omstendighetene der personopplysninger behandles, og erkjenner at GDPR klargj\u00f8r ansvaret til selskaper n\u00e5r det gjelder behandling (innsamling, lagring, vedlikehold og bruk) av personopplysninger, og at Secma ApS overholder dette.<\/p><p>Secma ApS arbeider aktivt med sin GDPR-strategi, og vi vil kontinuerlig arbeide for \u00e5 sikre at personvern blir en del av den l\u00f8pende rutinen.<\/p>\t\t\t\t\t\t\t\t<\/div>\n\t\t\t\t<\/div>\n\t\t\t\t\t<\/div>\n\t\t<\/div>\n\t\t\t\t<div class=\"elementor-column elementor-col-50 elementor-top-column elementor-element elementor-element-c15bc3a\" data-id=\"c15bc3a\" data-element_type=\"column\" data-e-type=\"column\">\n\t\t\t<div class=\"elementor-widget-wrap elementor-element-populated\">\n\t\t\t\t\t\t<div class=\"elementor-element elementor-element-a6553ac elementor-widget elementor-widget-text-editor\" data-id=\"a6553ac\" data-element_type=\"widget\" data-e-type=\"widget\" data-widget_type=\"text-editor.default\">\n\t\t\t\t<div class=\"elementor-widget-container\">\n\t\t\t\t\t\t\t\t\t<p>Secma ApS har s\u00f8rget for at alle relevante medarbeidere har f\u00e5tt oppl\u00e6ring i begrepene og kravene i personvernreglene. Det forventes at de ansatte tar til seg etikken i databeskyttelsesloven og innf\u00f8rer praksisen i arbeidsflyten, slik at den gjenspeiler selskapets forpliktelse til \u00e5 sikre at enkeltpersoners rettigheter til enhver tid respekteres og beskyttes. <\/p><p>Secma ApS&#8217; interne retningslinjer for databeskyttelse krever at alle produkter, tjenester eller systemer som tas i bruk av selskapet (som p\u00e5 noen m\u00e5te er knyttet til behandling av personopplysninger), gjennomg\u00e5r en vurdering for \u00e5 fastsl\u00e5 at de ikke er i strid med selskapets retningslinjer for \u00e5 opprettholde samsvar med GDPR.<\/p><p>Secma ApS har dessuten implementert oppl\u00e6ring og prosesser for \u00e5 gj\u00f8re det mulig for de ansatte \u00e5 gjenkjenne og svare p\u00e5 foresp\u00f8rsler om tilgang til data (SAR).<br>V\u00e5re medarbeidere forst\u00e5r derfor betydningen av \u00e5 foreta identitetskontroller f\u00f8r vi svarer p\u00e5 foresp\u00f8rsler om dataportabilitet og retting og\/eller sletting av personopplysninger.<\/p>\t\t\t\t\t\t\t\t<\/div>\n\t\t\t\t<\/div>\n\t\t\t\t\t<\/div>\n\t\t<\/div>\n\t\t\t\t\t<\/div>\n\t\t<\/section>\n\t\t\t\t<\/div>\n\t\t","protected":false},"excerpt":{"rendered":"<p>Politikker I Secma er ESG (Environmental, Social, Governance) en integrert del av strategien v\u00e5r. Vi er opptatt av \u00e5 redusere milj\u00f8p\u00e5virkningen v\u00e5r, styrke v\u00e5rt sosiale ansvar og sikre \u00e5penhet i styringen v\u00e5r. Med b\u00e6rekraftige l\u00f8sninger og fokus p\u00e5 innovasjon skaper vi verdi for kunder, medarbeidere og samfunnet. V\u00e5r tiln\u00e6rming til ESG er basert p\u00e5 kontinuerlig [&hellip;]<\/p>\n","protected":false},"author":2,"featured_media":0,"parent":0,"menu_order":47,"comment_status":"closed","ping_status":"closed","template":"elementor_header_footer","meta":{"_acf_changed":false,"site-sidebar-layout":"no-sidebar","site-content-layout":"page-builder","ast-site-content-layout":"full-width-container","site-content-style":"unboxed","site-sidebar-style":"unboxed","ast-global-header-display":"","ast-banner-title-visibility":"","ast-main-header-display":"","ast-hfb-above-header-display":"","ast-hfb-below-header-display":"","ast-hfb-mobile-header-display":"","site-post-title":"disabled","ast-breadcrumbs-content":"","ast-featured-img":"disabled","footer-sml-layout":"","ast-disable-related-posts":"","theme-transparent-header-meta":"","adv-header-id-meta":"","stick-header-meta":"","header-above-stick-meta":"","header-main-stick-meta":"","header-below-stick-meta":"","astra-migrate-meta-layouts":"set","ast-page-background-enabled":"default","ast-page-background-meta":{"desktop":{"background-color":"var(--ast-global-color-4)","background-image":"","background-repeat":"repeat","background-position":"center center","background-size":"auto","background-attachment":"scroll","background-type":"","background-media":"","overlay-type":"","overlay-color":"","overlay-opacity":"","overlay-gradient":""},"tablet":{"background-color":"","background-image":"","background-repeat":"repeat","background-position":"center center","background-size":"auto","background-attachment":"scroll","background-type":"","background-media":"","overlay-type":"","overlay-color":"","overlay-opacity":"","overlay-gradient":""},"mobile":{"background-color":"","background-image":"","background-repeat":"repeat","background-position":"center center","background-size":"auto","background-attachment":"scroll","background-type":"","background-media":"","overlay-type":"","overlay-color":"","overlay-opacity":"","overlay-gradient":""}},"ast-content-background-meta":{"desktop":{"background-color":"var(--ast-global-color-5)","background-image":"","background-repeat":"repeat","background-position":"center center","background-size":"auto","background-attachment":"scroll","background-type":"","background-media":"","overlay-type":"","overlay-color":"","overlay-opacity":"","overlay-gradient":""},"tablet":{"background-color":"var(--ast-global-color-5)","background-image":"","background-repeat":"repeat","background-position":"center center","background-size":"auto","background-attachment":"scroll","background-type":"","background-media":"","overlay-type":"","overlay-color":"","overlay-opacity":"","overlay-gradient":""},"mobile":{"background-color":"var(--ast-global-color-5)","background-image":"","background-repeat":"repeat","background-position":"center center","background-size":"auto","background-attachment":"scroll","background-type":"","background-media":"","overlay-type":"","overlay-color":"","overlay-opacity":"","overlay-gradient":""}},"footnotes":""},"class_list":["post-15065","page","type-page","status-publish","hentry"],"acf":[],"yoast_head":"<!-- This site is optimized with the Yoast SEO plugin v27.5 - https:\/\/yoast.com\/product\/yoast-seo-wordpress\/ -->\n<title>Policy | Secma<\/title>\n<meta name=\"description\" content=\"Her finner du Secmas kunngj\u00f8ring politikker, og om den nye datalovgivningen (GDPR) som tr\u00e5dte i kraft 25. mai 2018. Vennligst kontakt oss for ytterligere sp\u00f8rsm\u00e5l.\" \/>\n<meta name=\"robots\" content=\"index, follow, max-snippet:-1, max-image-preview:large, max-video-preview:-1\" \/>\n<link rel=\"canonical\" href=\"https:\/\/secma.dk\/no\/politikker\/\" \/>\n<meta property=\"og:locale\" content=\"nb_NO\" \/>\n<meta property=\"og:type\" content=\"article\" \/>\n<meta property=\"og:title\" content=\"Policy | Secma\" \/>\n<meta property=\"og:description\" content=\"Her finner du Secmas kunngj\u00f8ring politikker, og om den nye datalovgivningen (GDPR) som tr\u00e5dte i kraft 25. mai 2018. Vennligst kontakt oss for ytterligere sp\u00f8rsm\u00e5l.\" \/>\n<meta property=\"og:url\" content=\"https:\/\/secma.dk\/no\/politikker\/\" \/>\n<meta property=\"og:site_name\" content=\"Secma\" \/>\n<meta property=\"article:publisher\" content=\"https:\/\/www.facebook.com\/secmamedicalinnovation\" \/>\n<meta property=\"article:modified_time\" content=\"2025-12-18T14:11:31+00:00\" \/>\n<meta property=\"og:image\" content=\"https:\/\/secma.dk\/wp-content\/uploads\/2025\/01\/Secma-environmental-policy.jpg\" \/>\n<meta name=\"twitter:card\" content=\"summary_large_image\" \/>\n<meta name=\"twitter:label1\" content=\"Ansl. lesetid\" \/>\n\t<meta name=\"twitter:data1\" content=\"4 minutter\" \/>\n<script type=\"application\/ld+json\" class=\"yoast-schema-graph\">{\"@context\":\"https:\\\/\\\/schema.org\",\"@graph\":[{\"@type\":\"WebPage\",\"@id\":\"https:\\\/\\\/secma.dk\\\/no\\\/politikker\\\/\",\"url\":\"https:\\\/\\\/secma.dk\\\/no\\\/politikker\\\/\",\"name\":\"Policy | Secma\",\"isPartOf\":{\"@id\":\"https:\\\/\\\/secma.dk\\\/no\\\/#website\"},\"primaryImageOfPage\":{\"@id\":\"https:\\\/\\\/secma.dk\\\/no\\\/politikker\\\/#primaryimage\"},\"image\":{\"@id\":\"https:\\\/\\\/secma.dk\\\/no\\\/politikker\\\/#primaryimage\"},\"thumbnailUrl\":\"https:\\\/\\\/secma.dk\\\/wp-content\\\/uploads\\\/2025\\\/01\\\/Secma-environmental-policy.jpg\",\"datePublished\":\"2023-02-24T13:43:02+00:00\",\"dateModified\":\"2025-12-18T14:11:31+00:00\",\"description\":\"Her finner du Secmas kunngj\u00f8ring politikker, og om den nye datalovgivningen (GDPR) som tr\u00e5dte i kraft 25. mai 2018. Vennligst kontakt oss for ytterligere sp\u00f8rsm\u00e5l.\",\"breadcrumb\":{\"@id\":\"https:\\\/\\\/secma.dk\\\/no\\\/politikker\\\/#breadcrumb\"},\"inLanguage\":\"nb-NO\",\"potentialAction\":[{\"@type\":\"ReadAction\",\"target\":[\"https:\\\/\\\/secma.dk\\\/no\\\/politikker\\\/\"]}]},{\"@type\":\"ImageObject\",\"inLanguage\":\"nb-NO\",\"@id\":\"https:\\\/\\\/secma.dk\\\/no\\\/politikker\\\/#primaryimage\",\"url\":\"https:\\\/\\\/secma.dk\\\/wp-content\\\/uploads\\\/2025\\\/01\\\/Secma-environmental-policy.jpg\",\"contentUrl\":\"https:\\\/\\\/secma.dk\\\/wp-content\\\/uploads\\\/2025\\\/01\\\/Secma-environmental-policy.jpg\"},{\"@type\":\"BreadcrumbList\",\"@id\":\"https:\\\/\\\/secma.dk\\\/no\\\/politikker\\\/#breadcrumb\",\"itemListElement\":[{\"@type\":\"ListItem\",\"position\":1,\"name\":\"Hjem\",\"item\":\"https:\\\/\\\/secma.dk\\\/no\\\/\"},{\"@type\":\"ListItem\",\"position\":2,\"name\":\"Policy\"}]},{\"@type\":\"WebSite\",\"@id\":\"https:\\\/\\\/secma.dk\\\/no\\\/#website\",\"url\":\"https:\\\/\\\/secma.dk\\\/no\\\/\",\"name\":\"Secma\",\"description\":\"Web\",\"publisher\":{\"@id\":\"https:\\\/\\\/secma.dk\\\/no\\\/#organization\"},\"potentialAction\":[{\"@type\":\"SearchAction\",\"target\":{\"@type\":\"EntryPoint\",\"urlTemplate\":\"https:\\\/\\\/secma.dk\\\/no\\\/?s={search_term_string}\"},\"query-input\":{\"@type\":\"PropertyValueSpecification\",\"valueRequired\":true,\"valueName\":\"search_term_string\"}}],\"inLanguage\":\"nb-NO\"},{\"@type\":\"Organization\",\"@id\":\"https:\\\/\\\/secma.dk\\\/no\\\/#organization\",\"name\":\"Secma\",\"url\":\"https:\\\/\\\/secma.dk\\\/no\\\/\",\"logo\":{\"@type\":\"ImageObject\",\"inLanguage\":\"nb-NO\",\"@id\":\"https:\\\/\\\/secma.dk\\\/no\\\/#\\\/schema\\\/logo\\\/image\\\/\",\"url\":\"https:\\\/\\\/secma.dk\\\/wp-content\\\/uploads\\\/2023\\\/01\\\/Secma-Logo-med-Payoff-1.png\",\"contentUrl\":\"https:\\\/\\\/secma.dk\\\/wp-content\\\/uploads\\\/2023\\\/01\\\/Secma-Logo-med-Payoff-1.png\",\"width\":1200,\"height\":388,\"caption\":\"Secma\"},\"image\":{\"@id\":\"https:\\\/\\\/secma.dk\\\/no\\\/#\\\/schema\\\/logo\\\/image\\\/\"},\"sameAs\":[\"https:\\\/\\\/www.facebook.com\\\/secmamedicalinnovation\",\"https:\\\/\\\/www.linkedin.com\\\/company\\\/secma\\\/\"]}]}<\/script>\n<!-- \/ Yoast SEO plugin. -->","yoast_head_json":{"title":"Policy | Secma","description":"Her finner du Secmas kunngj\u00f8ring politikker, og om den nye datalovgivningen (GDPR) som tr\u00e5dte i kraft 25. mai 2018. Vennligst kontakt oss for ytterligere sp\u00f8rsm\u00e5l.","robots":{"index":"index","follow":"follow","max-snippet":"max-snippet:-1","max-image-preview":"max-image-preview:large","max-video-preview":"max-video-preview:-1"},"canonical":"https:\/\/secma.dk\/no\/politikker\/","og_locale":"nb_NO","og_type":"article","og_title":"Policy | Secma","og_description":"Her finner du Secmas kunngj\u00f8ring politikker, og om den nye datalovgivningen (GDPR) som tr\u00e5dte i kraft 25. mai 2018. Vennligst kontakt oss for ytterligere sp\u00f8rsm\u00e5l.","og_url":"https:\/\/secma.dk\/no\/politikker\/","og_site_name":"Secma","article_publisher":"https:\/\/www.facebook.com\/secmamedicalinnovation","article_modified_time":"2025-12-18T14:11:31+00:00","og_image":[{"url":"https:\/\/secma.dk\/wp-content\/uploads\/2025\/01\/Secma-environmental-policy.jpg","type":"","width":"","height":""}],"twitter_card":"summary_large_image","twitter_misc":{"Ansl. lesetid":"4 minutter"},"schema":{"@context":"https:\/\/schema.org","@graph":[{"@type":"WebPage","@id":"https:\/\/secma.dk\/no\/politikker\/","url":"https:\/\/secma.dk\/no\/politikker\/","name":"Policy | Secma","isPartOf":{"@id":"https:\/\/secma.dk\/no\/#website"},"primaryImageOfPage":{"@id":"https:\/\/secma.dk\/no\/politikker\/#primaryimage"},"image":{"@id":"https:\/\/secma.dk\/no\/politikker\/#primaryimage"},"thumbnailUrl":"https:\/\/secma.dk\/wp-content\/uploads\/2025\/01\/Secma-environmental-policy.jpg","datePublished":"2023-02-24T13:43:02+00:00","dateModified":"2025-12-18T14:11:31+00:00","description":"Her finner du Secmas kunngj\u00f8ring politikker, og om den nye datalovgivningen (GDPR) som tr\u00e5dte i kraft 25. mai 2018. Vennligst kontakt oss for ytterligere sp\u00f8rsm\u00e5l.","breadcrumb":{"@id":"https:\/\/secma.dk\/no\/politikker\/#breadcrumb"},"inLanguage":"nb-NO","potentialAction":[{"@type":"ReadAction","target":["https:\/\/secma.dk\/no\/politikker\/"]}]},{"@type":"ImageObject","inLanguage":"nb-NO","@id":"https:\/\/secma.dk\/no\/politikker\/#primaryimage","url":"https:\/\/secma.dk\/wp-content\/uploads\/2025\/01\/Secma-environmental-policy.jpg","contentUrl":"https:\/\/secma.dk\/wp-content\/uploads\/2025\/01\/Secma-environmental-policy.jpg"},{"@type":"BreadcrumbList","@id":"https:\/\/secma.dk\/no\/politikker\/#breadcrumb","itemListElement":[{"@type":"ListItem","position":1,"name":"Hjem","item":"https:\/\/secma.dk\/no\/"},{"@type":"ListItem","position":2,"name":"Policy"}]},{"@type":"WebSite","@id":"https:\/\/secma.dk\/no\/#website","url":"https:\/\/secma.dk\/no\/","name":"Secma","description":"Web","publisher":{"@id":"https:\/\/secma.dk\/no\/#organization"},"potentialAction":[{"@type":"SearchAction","target":{"@type":"EntryPoint","urlTemplate":"https:\/\/secma.dk\/no\/?s={search_term_string}"},"query-input":{"@type":"PropertyValueSpecification","valueRequired":true,"valueName":"search_term_string"}}],"inLanguage":"nb-NO"},{"@type":"Organization","@id":"https:\/\/secma.dk\/no\/#organization","name":"Secma","url":"https:\/\/secma.dk\/no\/","logo":{"@type":"ImageObject","inLanguage":"nb-NO","@id":"https:\/\/secma.dk\/no\/#\/schema\/logo\/image\/","url":"https:\/\/secma.dk\/wp-content\/uploads\/2023\/01\/Secma-Logo-med-Payoff-1.png","contentUrl":"https:\/\/secma.dk\/wp-content\/uploads\/2023\/01\/Secma-Logo-med-Payoff-1.png","width":1200,"height":388,"caption":"Secma"},"image":{"@id":"https:\/\/secma.dk\/no\/#\/schema\/logo\/image\/"},"sameAs":["https:\/\/www.facebook.com\/secmamedicalinnovation","https:\/\/www.linkedin.com\/company\/secma\/"]}]}},"_links":{"self":[{"href":"https:\/\/secma.dk\/no\/wp-json\/wp\/v2\/pages\/15065","targetHints":{"allow":["GET"]}}],"collection":[{"href":"https:\/\/secma.dk\/no\/wp-json\/wp\/v2\/pages"}],"about":[{"href":"https:\/\/secma.dk\/no\/wp-json\/wp\/v2\/types\/page"}],"author":[{"embeddable":true,"href":"https:\/\/secma.dk\/no\/wp-json\/wp\/v2\/users\/2"}],"replies":[{"embeddable":true,"href":"https:\/\/secma.dk\/no\/wp-json\/wp\/v2\/comments?post=15065"}],"version-history":[{"count":5,"href":"https:\/\/secma.dk\/no\/wp-json\/wp\/v2\/pages\/15065\/revisions"}],"predecessor-version":[{"id":19932,"href":"https:\/\/secma.dk\/no\/wp-json\/wp\/v2\/pages\/15065\/revisions\/19932"}],"wp:attachment":[{"href":"https:\/\/secma.dk\/no\/wp-json\/wp\/v2\/media?parent=15065"}],"curies":[{"name":"wp","href":"https:\/\/api.w.org\/{rel}","templated":true}]}}