{"id":15057,"date":"2023-02-24T14:54:20","date_gmt":"2023-02-24T13:54:20","guid":{"rendered":"https:\/\/secma.dk\/for-fysioterapeuter\/"},"modified":"2026-02-04T16:18:00","modified_gmt":"2026-02-04T15:18:00","slug":"for-fysioterapeuter","status":"publish","type":"page","link":"https:\/\/secma.dk\/no\/for-fysioterapeuter\/","title":{"rendered":"For fysioterapeuter"},"content":{"rendered":"\t\t<div data-elementor-type=\"wp-page\" data-elementor-id=\"15057\" class=\"elementor elementor-15057 elementor-761\" data-elementor-post-type=\"page\">\n\t\t\t\t\t\t<section class=\"elementor-section elementor-top-section elementor-element elementor-element-b4c50a7 elementor-section-boxed elementor-section-height-default elementor-section-height-default\" data-id=\"b4c50a7\" data-element_type=\"section\" data-e-type=\"section\" data-settings=\"{&quot;background_background&quot;:&quot;classic&quot;}\">\n\t\t\t\t\t\t<div class=\"elementor-container elementor-column-gap-default\">\n\t\t\t\t\t<div class=\"elementor-column elementor-col-100 elementor-top-column elementor-element elementor-element-2219ddb\" data-id=\"2219ddb\" data-element_type=\"column\" data-e-type=\"column\">\n\t\t\t<div class=\"elementor-widget-wrap elementor-element-populated\">\n\t\t\t\t\t\t<div class=\"elementor-element elementor-element-ae4d387 elementor-widget elementor-widget-heading\" data-id=\"ae4d387\" data-element_type=\"widget\" data-e-type=\"widget\" data-widget_type=\"heading.default\">\n\t\t\t\t<div class=\"elementor-widget-container\">\n\t\t\t\t\t<h1 class=\"elementor-heading-title elementor-size-default\">Utstyr for fysioterapeuter og kiropraktorer<\/h1>\t\t\t\t<\/div>\n\t\t\t\t<\/div>\n\t\t\t\t\t<\/div>\n\t\t<\/div>\n\t\t\t\t\t<\/div>\n\t\t<\/section>\n\t\t\t\t<section class=\"elementor-section elementor-top-section elementor-element elementor-element-625980c elementor-section-boxed elementor-section-height-default elementor-section-height-default\" data-id=\"625980c\" data-element_type=\"section\" data-e-type=\"section\" data-settings=\"{&quot;background_background&quot;:&quot;classic&quot;}\">\n\t\t\t\t\t\t<div class=\"elementor-container elementor-column-gap-default\">\n\t\t\t\t\t<div class=\"elementor-column elementor-col-100 elementor-top-column elementor-element elementor-element-105f259\" data-id=\"105f259\" data-element_type=\"column\" data-e-type=\"column\" data-settings=\"{&quot;background_background&quot;:&quot;classic&quot;}\">\n\t\t\t<div class=\"elementor-widget-wrap elementor-element-populated\">\n\t\t\t\t\t\t<div class=\"elementor-element elementor-element-18327d9 elementor-widget__width-initial elementor-widget elementor-widget-testimonial\" data-id=\"18327d9\" data-element_type=\"widget\" data-e-type=\"widget\" data-widget_type=\"testimonial.default\">\n\t\t\t\t<div class=\"elementor-widget-container\">\n\t\t\t\t\t\t\t<div class=\"elementor-testimonial-wrapper\">\n\t\t\t\t\t\t\t<div class=\"elementor-testimonial-content\">\" Vi har omtrent 6-8 daglige behandlinger med v\u00e5r h\u00f8yeffektslaser fra Secma - det er helt fantastisk. Takk ogs\u00e5 for et flott kurs i forbindelse med kj\u00f8pet av den nye laseren og den p\u00e5f\u00f8lgende supporten\"<\/div>\n\t\t\t\n\t\t\t\t\t\t<div class=\"elementor-testimonial-meta elementor-has-image elementor-testimonial-image-position-aside\">\n\t\t\t\t<div class=\"elementor-testimonial-meta-inner\">\n\t\t\t\t\t\t\t\t\t\t\t<div class=\"elementor-testimonial-image\">\n\t\t\t\t\t\t\t<img decoding=\"async\" width=\"180\" height=\"180\" src=\"https:\/\/secma.dk\/wp-content\/uploads\/2023\/02\/arendse-180x180-1.jpg\" class=\"attachment-full size-full wp-image-774\" alt=\"Fysiotrepeut\" srcset=\"https:\/\/secma.dk\/wp-content\/uploads\/2023\/02\/arendse-180x180-1.jpg 180w, https:\/\/secma.dk\/wp-content\/uploads\/2023\/02\/arendse-180x180-1-150x150.jpg 150w\" sizes=\"(max-width: 180px) 100vw, 180px\" \/>\t\t\t\t\t\t<\/div>\n\t\t\t\t\t\n\t\t\t\t\t\t\t\t\t\t<div class=\"elementor-testimonial-details\">\n\t\t\t\t\t\t\t\t\t\t\t\t\t\t<div class=\"elementor-testimonial-name\">Arendse Saxberg<\/div>\n\t\t\t\t\t\t\t\t\t\t\t\t\t\t\t\t\t\t\t\t\t\t<div class=\"elementor-testimonial-job\">Buddingevej Fysioterapi<\/div>\n\t\t\t\t\t\t\t\t\t\t\t\t\t<\/div>\n\t\t\t\t\t\t\t\t\t<\/div>\n\t\t\t<\/div>\n\t\t\t\t\t<\/div>\n\t\t\t\t\t\t<\/div>\n\t\t\t\t<\/div>\n\t\t\t\t\t<\/div>\n\t\t<\/div>\n\t\t\t\t\t<\/div>\n\t\t<\/section>\n\t\t\t\t<section class=\"elementor-section elementor-top-section elementor-element elementor-element-6886d5f elementor-section-boxed elementor-section-height-default elementor-section-height-default\" data-id=\"6886d5f\" data-element_type=\"section\" data-e-type=\"section\" data-settings=\"{&quot;background_background&quot;:&quot;classic&quot;}\">\n\t\t\t\t\t\t<div class=\"elementor-container elementor-column-gap-default\">\n\t\t\t\t\t<div class=\"elementor-column elementor-col-50 elementor-top-column elementor-element elementor-element-10114c6\" data-id=\"10114c6\" data-element_type=\"column\" data-e-type=\"column\">\n\t\t\t<div class=\"elementor-widget-wrap elementor-element-populated\">\n\t\t\t\t\t\t<div class=\"elementor-element elementor-element-e0c9a42 elementor-widget__width-initial elementor-widget elementor-widget-heading\" data-id=\"e0c9a42\" data-element_type=\"widget\" data-e-type=\"widget\" data-widget_type=\"heading.default\">\n\t\t\t\t<div class=\"elementor-widget-container\">\n\t\t\t\t\t<h2 class=\"elementor-heading-title elementor-size-default\">Bli med i kunnskapsgruppen p\u00e5 Facebook<\/h2>\t\t\t\t<\/div>\n\t\t\t\t<\/div>\n\t\t\t\t<div class=\"elementor-element elementor-element-850867c elementor-widget elementor-widget-text-editor\" data-id=\"850867c\" data-element_type=\"widget\" data-e-type=\"widget\" data-widget_type=\"text-editor.default\">\n\t\t\t\t<div class=\"elementor-widget-container\">\n\t\t\t\t\t\t\t\t\t<section><div><p>Hold deg oppdatert p\u00e5 den nyeste kunnskapen og de nyeste studiene &#8211; f\u00e5 tilgang til gratis webinarer og utvid kunnskapen din om ultralydavbildning, terapeutisk laserbehandling og sjokkb\u00f8lgeteknologi.Secma forum for ultralydskanning, sjokkb\u00f8lge og terapeutisk laser er for fagfolk.<\/p><\/div><\/section>\t\t\t\t\t\t\t\t<\/div>\n\t\t\t\t<\/div>\n\t\t\t\t<div class=\"elementor-element elementor-element-1d3c4b5 elementor-widget elementor-widget-button\" data-id=\"1d3c4b5\" data-element_type=\"widget\" data-e-type=\"widget\" data-widget_type=\"button.default\">\n\t\t\t\t<div class=\"elementor-widget-container\">\n\t\t\t\t\t\t\t\t\t<div class=\"elementor-button-wrapper\">\n\t\t\t\t\t<a class=\"elementor-button elementor-button-link elementor-size-sm\" href=\"https:\/\/www.facebook.com\/groups\/710763658999512\">\n\t\t\t\t\t\t<span class=\"elementor-button-content-wrapper\">\n\t\t\t\t\t\t\t\t\t<span class=\"elementor-button-text\">BLI MED I GRUPPEN HER<\/span>\n\t\t\t\t\t<\/span>\n\t\t\t\t\t<\/a>\n\t\t\t\t<\/div>\n\t\t\t\t\t\t\t\t<\/div>\n\t\t\t\t<\/div>\n\t\t\t\t<div class=\"elementor-element elementor-element-d6e4e3f elementor-widget elementor-widget-video\" data-id=\"d6e4e3f\" data-element_type=\"widget\" data-e-type=\"widget\" data-settings=\"{&quot;youtube_url&quot;:&quot;https:\\\/\\\/www.youtube.com\\\/watch?v=I1Bdp2tMFsY&quot;,&quot;video_type&quot;:&quot;youtube&quot;,&quot;controls&quot;:&quot;yes&quot;}\" data-widget_type=\"video.default\">\n\t\t\t\t<div class=\"elementor-widget-container\">\n\t\t\t\t\t\t\t<div class=\"elementor-wrapper elementor-open-inline\">\n\t\t\t<div class=\"elementor-video\"><\/div>\t\t<\/div>\n\t\t\t\t\t\t<\/div>\n\t\t\t\t<\/div>\n\t\t\t\t\t<\/div>\n\t\t<\/div>\n\t\t\t\t<div class=\"elementor-column elementor-col-50 elementor-top-column elementor-element elementor-element-b19d8fa\" data-id=\"b19d8fa\" data-element_type=\"column\" data-e-type=\"column\" data-settings=\"{&quot;background_background&quot;:&quot;classic&quot;}\">\n\t\t\t<div class=\"elementor-widget-wrap elementor-element-populated\">\n\t\t\t\t\t\t<div class=\"elementor-element elementor-element-1fc5f45 elementor-widget__width-initial elementor-widget elementor-widget-heading\" data-id=\"1fc5f45\" data-element_type=\"widget\" data-e-type=\"widget\" data-widget_type=\"heading.default\">\n\t\t\t\t<div class=\"elementor-widget-container\">\n\t\t\t\t\t<h2 class=\"elementor-heading-title elementor-size-default\">Husk en Secma serviceavtale for shockwave-systemet ditt<\/h2>\t\t\t\t<\/div>\n\t\t\t\t<\/div>\n\t\t\t\t<div class=\"elementor-element elementor-element-56a41ff elementor-widget elementor-widget-text-editor\" data-id=\"56a41ff\" data-element_type=\"widget\" data-e-type=\"widget\" data-widget_type=\"text-editor.default\">\n\t\t\t\t<div class=\"elementor-widget-container\">\n\t\t\t\t\t\t\t\t\t<section class=\"av_textblock_section \"><div class=\"avia_textblock \"><p>Med en Secma Serviceavtale for Storz shockwave i h\u00e5nden har du best mulig sikkerhet &#8211; det er v\u00e5rt l\u00f8fte og din forsikring.<\/p><\/div><\/section>\t\t\t\t\t\t\t\t<\/div>\n\t\t\t\t<\/div>\n\t\t\t\t<div class=\"elementor-element elementor-element-c93c266 elementor-align-center elementor-widget elementor-widget-button\" data-id=\"c93c266\" data-element_type=\"widget\" data-e-type=\"widget\" data-widget_type=\"button.default\">\n\t\t\t\t<div class=\"elementor-widget-container\">\n\t\t\t\t\t\t\t\t\t<div class=\"elementor-button-wrapper\">\n\t\t\t\t\t<a class=\"elementor-button elementor-button-link elementor-size-md elementor-animation-grow\" href=\"http:\/\/secma.dk\/wp-content\/uploads\/2023\/05\/2023-Maj-Secma-Serviceaftale-Storz-shockwave-produkter.pdf\" target=\"_blank\">\n\t\t\t\t\t\t<span class=\"elementor-button-content-wrapper\">\n\t\t\t\t\t\t\t\t\t<span class=\"elementor-button-text\">Secma Serviceavtale<\/span>\n\t\t\t\t\t<\/span>\n\t\t\t\t\t<\/a>\n\t\t\t\t<\/div>\n\t\t\t\t\t\t\t\t<\/div>\n\t\t\t\t<\/div>\n\t\t\t\t\t<\/div>\n\t\t<\/div>\n\t\t\t\t\t<\/div>\n\t\t<\/section>\n\t\t<div class=\"elementor-element elementor-element-bab0d4c e-flex e-con-boxed e-con e-parent\" data-id=\"bab0d4c\" data-element_type=\"container\" data-e-type=\"container\">\n\t\t\t\t\t<div class=\"e-con-inner\">\n\t\t\t\t<div class=\"elementor-element elementor-element-4c71640 elementor-widget elementor-widget-image\" data-id=\"4c71640\" data-element_type=\"widget\" data-e-type=\"widget\" data-widget_type=\"image.default\">\n\t\t\t\t<div class=\"elementor-widget-container\">\n\t\t\t\t\t\t\t\t\t\t\t\t\t\t\t\t<a href=\"https:\/\/secma.dk\/no\/secma-samarbejder-med-dbu\/\">\n\t\t\t\t\t\t\t<img fetchpriority=\"high\" decoding=\"async\" width=\"1024\" height=\"341\" src=\"https:\/\/secma.dk\/wp-content\/uploads\/2023\/05\/Secma-samarbejder-med-DBU-1-1024x341.png\" class=\"attachment-large size-large wp-image-15480\" alt=\"Secma samarbeider med DBU - trykkb\u00f8lge- og laserterapi\" srcset=\"https:\/\/secma.dk\/wp-content\/uploads\/2023\/05\/Secma-samarbejder-med-DBU-1-1024x341.png 1024w, https:\/\/secma.dk\/wp-content\/uploads\/2023\/05\/Secma-samarbejder-med-DBU-1-300x100.png 300w, https:\/\/secma.dk\/wp-content\/uploads\/2023\/05\/Secma-samarbejder-med-DBU-1-768x256.png 768w, https:\/\/secma.dk\/wp-content\/uploads\/2023\/05\/Secma-samarbejder-med-DBU-1.png 1200w\" sizes=\"(max-width: 1024px) 100vw, 1024px\" \/>\t\t\t\t\t\t\t\t<\/a>\n\t\t\t\t\t\t\t\t\t\t\t\t\t\t\t<\/div>\n\t\t\t\t<\/div>\n\t\t\t\t\t<\/div>\n\t\t\t\t<\/div>\n\t\t\t\t<\/div>\n\t\t","protected":false},"excerpt":{"rendered":"<p>Utstyr for fysioterapeuter og kiropraktorer &raquo; Vi har omtrent 6-8 daglige behandlinger med v\u00e5r h\u00f8yeffektslaser fra Secma &#8211; det er helt fantastisk. Takk ogs\u00e5 for et flott kurs i forbindelse med kj\u00f8pet av den nye laseren og den p\u00e5f\u00f8lgende supporten&raquo; Arendse Saxberg Buddingevej Fysioterapi Bli med i kunnskapsgruppen p\u00e5 Facebook Hold deg oppdatert p\u00e5 den [&hellip;]<\/p>\n","protected":false},"author":2,"featured_media":0,"parent":0,"menu_order":45,"comment_status":"closed","ping_status":"closed","template":"elementor_header_footer","meta":{"_acf_changed":false,"site-sidebar-layout":"no-sidebar","site-content-layout":"page-builder","ast-site-content-layout":"full-width-container","site-content-style":"unboxed","site-sidebar-style":"unboxed","ast-global-header-display":"","ast-banner-title-visibility":"","ast-main-header-display":"","ast-hfb-above-header-display":"","ast-hfb-below-header-display":"","ast-hfb-mobile-header-display":"","site-post-title":"disabled","ast-breadcrumbs-content":"","ast-featured-img":"disabled","footer-sml-layout":"","ast-disable-related-posts":"","theme-transparent-header-meta":"default","adv-header-id-meta":"","stick-header-meta":"","header-above-stick-meta":"","header-main-stick-meta":"","header-below-stick-meta":"","astra-migrate-meta-layouts":"set","ast-page-background-enabled":"default","ast-page-background-meta":{"desktop":{"background-color":"var(--ast-global-color-4)","background-image":"","background-repeat":"repeat","background-position":"center center","background-size":"auto","background-attachment":"scroll","background-type":"","background-media":"","overlay-type":"","overlay-color":"","overlay-opacity":"","overlay-gradient":""},"tablet":{"background-color":"","background-image":"","background-repeat":"repeat","background-position":"center center","background-size":"auto","background-attachment":"scroll","background-type":"","background-media":"","overlay-type":"","overlay-color":"","overlay-opacity":"","overlay-gradient":""},"mobile":{"background-color":"","background-image":"","background-repeat":"repeat","background-position":"center center","background-size":"auto","background-attachment":"scroll","background-type":"","background-media":"","overlay-type":"","overlay-color":"","overlay-opacity":"","overlay-gradient":""}},"ast-content-background-meta":{"desktop":{"background-color":"var(--ast-global-color-5)","background-image":"","background-repeat":"repeat","background-position":"center center","background-size":"auto","background-attachment":"scroll","background-type":"","background-media":"","overlay-type":"","overlay-color":"","overlay-opacity":"","overlay-gradient":""},"tablet":{"background-color":"var(--ast-global-color-5)","background-image":"","background-repeat":"repeat","background-position":"center center","background-size":"auto","background-attachment":"scroll","background-type":"","background-media":"","overlay-type":"","overlay-color":"","overlay-opacity":"","overlay-gradient":""},"mobile":{"background-color":"var(--ast-global-color-5)","background-image":"","background-repeat":"repeat","background-position":"center center","background-size":"auto","background-attachment":"scroll","background-type":"","background-media":"","overlay-type":"","overlay-color":"","overlay-opacity":"","overlay-gradient":""}},"footnotes":""},"class_list":["post-15057","page","type-page","status-publish","hentry"],"acf":[],"yoast_head":"<!-- This site is optimized with the Yoast SEO plugin v27.5 - https:\/\/yoast.com\/product\/yoast-seo-wordpress\/ -->\n<title>For fysioterapeuter | Secma<\/title>\n<meta name=\"description\" content=\"Billeddiagnostiske ultralydssystemer er et fantastisk tillegg til klinisk resonnering og diagnostikk. Oppdag mulighetene for din fysioterapipraksis!\" \/>\n<meta name=\"robots\" content=\"index, follow, max-snippet:-1, max-image-preview:large, max-video-preview:-1\" \/>\n<link rel=\"canonical\" href=\"https:\/\/secma.dk\/no\/for-fysioterapeuter\/\" \/>\n<meta property=\"og:locale\" content=\"nb_NO\" \/>\n<meta property=\"og:type\" content=\"article\" \/>\n<meta property=\"og:title\" content=\"For fysioterapeuter | Secma\" \/>\n<meta property=\"og:description\" content=\"Billeddiagnostiske ultralydssystemer er et fantastisk tillegg til klinisk resonnering og diagnostikk. Oppdag mulighetene for din fysioterapipraksis!\" \/>\n<meta property=\"og:url\" content=\"https:\/\/secma.dk\/no\/for-fysioterapeuter\/\" \/>\n<meta property=\"og:site_name\" content=\"Secma\" \/>\n<meta property=\"article:publisher\" content=\"https:\/\/www.facebook.com\/secmamedicalinnovation\" \/>\n<meta property=\"article:modified_time\" content=\"2026-02-04T15:18:00+00:00\" \/>\n<meta property=\"og:image\" content=\"https:\/\/secma.dk\/wp-content\/uploads\/2023\/02\/arendse-180x180-1.jpg\" \/>\n\t<meta property=\"og:image:width\" content=\"180\" \/>\n\t<meta property=\"og:image:height\" content=\"180\" \/>\n\t<meta property=\"og:image:type\" content=\"image\/jpeg\" \/>\n<meta name=\"twitter:card\" content=\"summary_large_image\" \/>\n<meta name=\"twitter:label1\" content=\"Ansl. lesetid\" \/>\n\t<meta name=\"twitter:data1\" content=\"2 minutter\" \/>\n<script type=\"application\/ld+json\" class=\"yoast-schema-graph\">{\"@context\":\"https:\\\/\\\/schema.org\",\"@graph\":[{\"@type\":\"WebPage\",\"@id\":\"https:\\\/\\\/secma.dk\\\/no\\\/for-fysioterapeuter\\\/\",\"url\":\"https:\\\/\\\/secma.dk\\\/no\\\/for-fysioterapeuter\\\/\",\"name\":\"For fysioterapeuter | Secma\",\"isPartOf\":{\"@id\":\"https:\\\/\\\/secma.dk\\\/no\\\/#website\"},\"primaryImageOfPage\":{\"@id\":\"https:\\\/\\\/secma.dk\\\/no\\\/for-fysioterapeuter\\\/#primaryimage\"},\"image\":{\"@id\":\"https:\\\/\\\/secma.dk\\\/no\\\/for-fysioterapeuter\\\/#primaryimage\"},\"thumbnailUrl\":\"https:\\\/\\\/secma.dk\\\/wp-content\\\/uploads\\\/2023\\\/02\\\/arendse-180x180-1.jpg\",\"datePublished\":\"2023-02-24T13:54:20+00:00\",\"dateModified\":\"2026-02-04T15:18:00+00:00\",\"description\":\"Billeddiagnostiske ultralydssystemer er et fantastisk tillegg til klinisk resonnering og diagnostikk. Oppdag mulighetene for din fysioterapipraksis!\",\"breadcrumb\":{\"@id\":\"https:\\\/\\\/secma.dk\\\/no\\\/for-fysioterapeuter\\\/#breadcrumb\"},\"inLanguage\":\"nb-NO\",\"potentialAction\":[{\"@type\":\"ReadAction\",\"target\":[\"https:\\\/\\\/secma.dk\\\/no\\\/for-fysioterapeuter\\\/\"]}]},{\"@type\":\"ImageObject\",\"inLanguage\":\"nb-NO\",\"@id\":\"https:\\\/\\\/secma.dk\\\/no\\\/for-fysioterapeuter\\\/#primaryimage\",\"url\":\"https:\\\/\\\/secma.dk\\\/wp-content\\\/uploads\\\/2023\\\/02\\\/arendse-180x180-1.jpg\",\"contentUrl\":\"https:\\\/\\\/secma.dk\\\/wp-content\\\/uploads\\\/2023\\\/02\\\/arendse-180x180-1.jpg\"},{\"@type\":\"BreadcrumbList\",\"@id\":\"https:\\\/\\\/secma.dk\\\/no\\\/for-fysioterapeuter\\\/#breadcrumb\",\"itemListElement\":[{\"@type\":\"ListItem\",\"position\":1,\"name\":\"Hjem\",\"item\":\"https:\\\/\\\/secma.dk\\\/no\\\/\"},{\"@type\":\"ListItem\",\"position\":2,\"name\":\"For fysioterapeuter\"}]},{\"@type\":\"WebSite\",\"@id\":\"https:\\\/\\\/secma.dk\\\/no\\\/#website\",\"url\":\"https:\\\/\\\/secma.dk\\\/no\\\/\",\"name\":\"Secma\",\"description\":\"Web\",\"publisher\":{\"@id\":\"https:\\\/\\\/secma.dk\\\/no\\\/#organization\"},\"potentialAction\":[{\"@type\":\"SearchAction\",\"target\":{\"@type\":\"EntryPoint\",\"urlTemplate\":\"https:\\\/\\\/secma.dk\\\/no\\\/?s={search_term_string}\"},\"query-input\":{\"@type\":\"PropertyValueSpecification\",\"valueRequired\":true,\"valueName\":\"search_term_string\"}}],\"inLanguage\":\"nb-NO\"},{\"@type\":\"Organization\",\"@id\":\"https:\\\/\\\/secma.dk\\\/no\\\/#organization\",\"name\":\"Secma\",\"url\":\"https:\\\/\\\/secma.dk\\\/no\\\/\",\"logo\":{\"@type\":\"ImageObject\",\"inLanguage\":\"nb-NO\",\"@id\":\"https:\\\/\\\/secma.dk\\\/no\\\/#\\\/schema\\\/logo\\\/image\\\/\",\"url\":\"https:\\\/\\\/secma.dk\\\/wp-content\\\/uploads\\\/2023\\\/01\\\/Secma-Logo-med-Payoff-1.png\",\"contentUrl\":\"https:\\\/\\\/secma.dk\\\/wp-content\\\/uploads\\\/2023\\\/01\\\/Secma-Logo-med-Payoff-1.png\",\"width\":1200,\"height\":388,\"caption\":\"Secma\"},\"image\":{\"@id\":\"https:\\\/\\\/secma.dk\\\/no\\\/#\\\/schema\\\/logo\\\/image\\\/\"},\"sameAs\":[\"https:\\\/\\\/www.facebook.com\\\/secmamedicalinnovation\",\"https:\\\/\\\/www.linkedin.com\\\/company\\\/secma\\\/\"]}]}<\/script>\n<!-- \/ Yoast SEO plugin. -->","yoast_head_json":{"title":"For fysioterapeuter | Secma","description":"Billeddiagnostiske ultralydssystemer er et fantastisk tillegg til klinisk resonnering og diagnostikk. Oppdag mulighetene for din fysioterapipraksis!","robots":{"index":"index","follow":"follow","max-snippet":"max-snippet:-1","max-image-preview":"max-image-preview:large","max-video-preview":"max-video-preview:-1"},"canonical":"https:\/\/secma.dk\/no\/for-fysioterapeuter\/","og_locale":"nb_NO","og_type":"article","og_title":"For fysioterapeuter | Secma","og_description":"Billeddiagnostiske ultralydssystemer er et fantastisk tillegg til klinisk resonnering og diagnostikk. Oppdag mulighetene for din fysioterapipraksis!","og_url":"https:\/\/secma.dk\/no\/for-fysioterapeuter\/","og_site_name":"Secma","article_publisher":"https:\/\/www.facebook.com\/secmamedicalinnovation","article_modified_time":"2026-02-04T15:18:00+00:00","og_image":[{"width":180,"height":180,"url":"https:\/\/secma.dk\/wp-content\/uploads\/2023\/02\/arendse-180x180-1.jpg","type":"image\/jpeg"}],"twitter_card":"summary_large_image","twitter_misc":{"Ansl. lesetid":"2 minutter"},"schema":{"@context":"https:\/\/schema.org","@graph":[{"@type":"WebPage","@id":"https:\/\/secma.dk\/no\/for-fysioterapeuter\/","url":"https:\/\/secma.dk\/no\/for-fysioterapeuter\/","name":"For fysioterapeuter | Secma","isPartOf":{"@id":"https:\/\/secma.dk\/no\/#website"},"primaryImageOfPage":{"@id":"https:\/\/secma.dk\/no\/for-fysioterapeuter\/#primaryimage"},"image":{"@id":"https:\/\/secma.dk\/no\/for-fysioterapeuter\/#primaryimage"},"thumbnailUrl":"https:\/\/secma.dk\/wp-content\/uploads\/2023\/02\/arendse-180x180-1.jpg","datePublished":"2023-02-24T13:54:20+00:00","dateModified":"2026-02-04T15:18:00+00:00","description":"Billeddiagnostiske ultralydssystemer er et fantastisk tillegg til klinisk resonnering og diagnostikk. Oppdag mulighetene for din fysioterapipraksis!","breadcrumb":{"@id":"https:\/\/secma.dk\/no\/for-fysioterapeuter\/#breadcrumb"},"inLanguage":"nb-NO","potentialAction":[{"@type":"ReadAction","target":["https:\/\/secma.dk\/no\/for-fysioterapeuter\/"]}]},{"@type":"ImageObject","inLanguage":"nb-NO","@id":"https:\/\/secma.dk\/no\/for-fysioterapeuter\/#primaryimage","url":"https:\/\/secma.dk\/wp-content\/uploads\/2023\/02\/arendse-180x180-1.jpg","contentUrl":"https:\/\/secma.dk\/wp-content\/uploads\/2023\/02\/arendse-180x180-1.jpg"},{"@type":"BreadcrumbList","@id":"https:\/\/secma.dk\/no\/for-fysioterapeuter\/#breadcrumb","itemListElement":[{"@type":"ListItem","position":1,"name":"Hjem","item":"https:\/\/secma.dk\/no\/"},{"@type":"ListItem","position":2,"name":"For fysioterapeuter"}]},{"@type":"WebSite","@id":"https:\/\/secma.dk\/no\/#website","url":"https:\/\/secma.dk\/no\/","name":"Secma","description":"Web","publisher":{"@id":"https:\/\/secma.dk\/no\/#organization"},"potentialAction":[{"@type":"SearchAction","target":{"@type":"EntryPoint","urlTemplate":"https:\/\/secma.dk\/no\/?s={search_term_string}"},"query-input":{"@type":"PropertyValueSpecification","valueRequired":true,"valueName":"search_term_string"}}],"inLanguage":"nb-NO"},{"@type":"Organization","@id":"https:\/\/secma.dk\/no\/#organization","name":"Secma","url":"https:\/\/secma.dk\/no\/","logo":{"@type":"ImageObject","inLanguage":"nb-NO","@id":"https:\/\/secma.dk\/no\/#\/schema\/logo\/image\/","url":"https:\/\/secma.dk\/wp-content\/uploads\/2023\/01\/Secma-Logo-med-Payoff-1.png","contentUrl":"https:\/\/secma.dk\/wp-content\/uploads\/2023\/01\/Secma-Logo-med-Payoff-1.png","width":1200,"height":388,"caption":"Secma"},"image":{"@id":"https:\/\/secma.dk\/no\/#\/schema\/logo\/image\/"},"sameAs":["https:\/\/www.facebook.com\/secmamedicalinnovation","https:\/\/www.linkedin.com\/company\/secma\/"]}]}},"_links":{"self":[{"href":"https:\/\/secma.dk\/no\/wp-json\/wp\/v2\/pages\/15057","targetHints":{"allow":["GET"]}}],"collection":[{"href":"https:\/\/secma.dk\/no\/wp-json\/wp\/v2\/pages"}],"about":[{"href":"https:\/\/secma.dk\/no\/wp-json\/wp\/v2\/types\/page"}],"author":[{"embeddable":true,"href":"https:\/\/secma.dk\/no\/wp-json\/wp\/v2\/users\/2"}],"replies":[{"embeddable":true,"href":"https:\/\/secma.dk\/no\/wp-json\/wp\/v2\/comments?post=15057"}],"version-history":[{"count":5,"href":"https:\/\/secma.dk\/no\/wp-json\/wp\/v2\/pages\/15057\/revisions"}],"predecessor-version":[{"id":22900,"href":"https:\/\/secma.dk\/no\/wp-json\/wp\/v2\/pages\/15057\/revisions\/22900"}],"wp:attachment":[{"href":"https:\/\/secma.dk\/no\/wp-json\/wp\/v2\/media?parent=15057"}],"curies":[{"name":"wp","href":"https:\/\/api.w.org\/{rel}","templated":true}]}}