{"id":15023,"date":"2023-02-28T12:08:20","date_gmt":"2023-02-28T11:08:20","guid":{"rendered":"https:\/\/secma.dk\/udstillinger\/"},"modified":"2025-11-27T22:15:11","modified_gmt":"2025-11-27T21:15:11","slug":"utstillinger","status":"publish","type":"page","link":"https:\/\/secma.dk\/no\/utstillinger-og-opplaering\/utstillinger\/","title":{"rendered":"Utstillinger"},"content":{"rendered":"\t\t<div data-elementor-type=\"wp-page\" data-elementor-id=\"15023\" class=\"elementor elementor-15023 elementor-1553\" data-elementor-post-type=\"page\">\n\t\t\t\t\t\t<section class=\"elementor-section elementor-top-section elementor-element elementor-element-8671b40 elementor-section-boxed elementor-section-height-default elementor-section-height-default\" data-id=\"8671b40\" data-element_type=\"section\" data-e-type=\"section\" data-settings=\"{&quot;background_background&quot;:&quot;classic&quot;}\">\n\t\t\t\t\t\t<div class=\"elementor-container elementor-column-gap-default\">\n\t\t\t\t\t<div class=\"elementor-column elementor-col-100 elementor-top-column elementor-element elementor-element-29b1d30\" data-id=\"29b1d30\" data-element_type=\"column\" data-e-type=\"column\">\n\t\t\t<div class=\"elementor-widget-wrap elementor-element-populated\">\n\t\t\t\t\t\t<div class=\"elementor-element elementor-element-b0b05e3 elementor-widget elementor-widget-heading\" data-id=\"b0b05e3\" data-element_type=\"widget\" data-e-type=\"widget\" data-widget_type=\"heading.default\">\n\t\t\t\t<div class=\"elementor-widget-container\">\n\t\t\t\t\t<h1 class=\"elementor-heading-title elementor-size-default\">Utstillinger og messer\n<\/h1>\t\t\t\t<\/div>\n\t\t\t\t<\/div>\n\t\t\t\t<div class=\"elementor-element elementor-element-342e095 elementor-widget__width-initial elementor-widget elementor-widget-text-editor\" data-id=\"342e095\" data-element_type=\"widget\" data-e-type=\"widget\" data-widget_type=\"text-editor.default\">\n\t\t\t\t<div class=\"elementor-widget-container\">\n\t\t\t\t\t\t\t\t\t<p>Secma deltar hvert \u00e5r p\u00e5 en rekke utstillinger, messer og konferanser. Her kan du f\u00e5 muligheten til \u00e5 se og pr\u00f8ve produktene v\u00e5re og f\u00e5 en uforpliktende prat om mulighetene. <\/p><p>Nedenfor finner du et lite utvalg av hvor du kan finne oss. <a href=\"https:\/\/secma.dk\/no\/nyheder-og-viden-fra-secma\/\" target=\"_blank\" rel=\"noopener\">Vi anbefaler at du melder deg p\u00e5 nyhetsbrevet v\u00e5rt <\/a>eller f\u00f8lger oss p\u00e5 sosiale medier.  <\/p>\t\t\t\t\t\t\t\t<\/div>\n\t\t\t\t<\/div>\n\t\t\t\t\t<\/div>\n\t\t<\/div>\n\t\t\t\t\t<\/div>\n\t\t<\/section>\n\t\t<div class=\"elementor-element elementor-element-1c6d259 e-flex e-con-boxed e-con e-parent\" data-id=\"1c6d259\" data-element_type=\"container\" data-e-type=\"container\" data-settings=\"{&quot;background_background&quot;:&quot;classic&quot;}\">\n\t\t\t\t\t<div class=\"e-con-inner\">\n\t\t<div class=\"elementor-element elementor-element-b92a9d2 e-con-full e-flex e-con e-child\" data-id=\"b92a9d2\" data-element_type=\"container\" data-e-type=\"container\">\n\t\t\t\t<div class=\"elementor-element elementor-element-2fc27d1 elementor-widget elementor-widget-image\" data-id=\"2fc27d1\" data-element_type=\"widget\" data-e-type=\"widget\" data-widget_type=\"image.default\">\n\t\t\t\t<div class=\"elementor-widget-container\">\n\t\t\t\t\t\t\t\t\t\t\t\t\t\t\t\t<a href=\"https:\/\/www.kiroviden.dk\/\">\n\t\t\t\t\t\t\t<img fetchpriority=\"high\" decoding=\"async\" width=\"312\" height=\"200\" src=\"https:\/\/secma.dk\/wp-content\/uploads\/2024\/10\/Kiropraktorernes-Faglige-kongres.png\" class=\"attachment-large size-large wp-image-17195\" alt=\"Kiropraktorernes faglige \u00e5rsm\u00f8de m\u00f8d Secma\" srcset=\"https:\/\/secma.dk\/wp-content\/uploads\/2024\/10\/Kiropraktorernes-Faglige-kongres.png 312w, https:\/\/secma.dk\/wp-content\/uploads\/2024\/10\/Kiropraktorernes-Faglige-kongres-300x192.png 300w\" sizes=\"(max-width: 312px) 100vw, 312px\" \/>\t\t\t\t\t\t\t\t<\/a>\n\t\t\t\t\t\t\t\t\t\t\t\t\t\t\t<\/div>\n\t\t\t\t<\/div>\n\t\t\t\t<\/div>\n\t\t<div class=\"elementor-element elementor-element-e6ea778 e-con-full e-flex e-con e-child\" data-id=\"e6ea778\" data-element_type=\"container\" data-e-type=\"container\">\n\t\t\t\t<div class=\"elementor-element elementor-element-9d43707 elementor-widget elementor-widget-image\" data-id=\"9d43707\" data-element_type=\"widget\" data-e-type=\"widget\" data-widget_type=\"image.default\">\n\t\t\t\t<div class=\"elementor-widget-container\">\n\t\t\t\t\t\t\t\t\t\t\t\t\t\t\t\t<a href=\"https:\/\/www.dmts.dk\/\">\n\t\t\t\t\t\t\t<img decoding=\"async\" width=\"312\" height=\"200\" src=\"https:\/\/secma.dk\/wp-content\/uploads\/2024\/10\/DMTS.png\" class=\"attachment-large size-large wp-image-17196\" alt=\"DMTS - m\u00f8d Secma\" srcset=\"https:\/\/secma.dk\/wp-content\/uploads\/2024\/10\/DMTS.png 312w, https:\/\/secma.dk\/wp-content\/uploads\/2024\/10\/DMTS-300x192.png 300w\" sizes=\"(max-width: 312px) 100vw, 312px\" \/>\t\t\t\t\t\t\t\t<\/a>\n\t\t\t\t\t\t\t\t\t\t\t\t\t\t\t<\/div>\n\t\t\t\t<\/div>\n\t\t\t\t<\/div>\n\t\t<div class=\"elementor-element elementor-element-e97a272 e-con-full e-flex e-con e-child\" data-id=\"e97a272\" data-element_type=\"container\" data-e-type=\"container\">\n\t\t\t\t<div class=\"elementor-element elementor-element-4493759 elementor-widget elementor-widget-image\" data-id=\"4493759\" data-element_type=\"widget\" data-e-type=\"widget\" data-widget_type=\"image.default\">\n\t\t\t\t<div class=\"elementor-widget-container\">\n\t\t\t\t\t\t\t\t\t\t\t\t\t\t\t\t<a href=\"https:\/\/dasem.dk\/\">\n\t\t\t\t\t\t\t<img decoding=\"async\" width=\"312\" height=\"200\" src=\"https:\/\/secma.dk\/wp-content\/uploads\/2024\/10\/Dasem.png\" class=\"attachment-large size-large wp-image-17197\" alt=\"Dasem m\u00f8d Secma\" srcset=\"https:\/\/secma.dk\/wp-content\/uploads\/2024\/10\/Dasem.png 312w, https:\/\/secma.dk\/wp-content\/uploads\/2024\/10\/Dasem-300x192.png 300w\" sizes=\"(max-width: 312px) 100vw, 312px\" \/>\t\t\t\t\t\t\t\t<\/a>\n\t\t\t\t\t\t\t\t\t\t\t\t\t\t\t<\/div>\n\t\t\t\t<\/div>\n\t\t\t\t<\/div>\n\t\t<div class=\"elementor-element elementor-element-cc3f446 e-con-full e-flex e-con e-child\" data-id=\"cc3f446\" data-element_type=\"container\" data-e-type=\"container\">\n\t\t\t\t<div class=\"elementor-element elementor-element-720ea75 elementor-widget elementor-widget-image\" data-id=\"720ea75\" data-element_type=\"widget\" data-e-type=\"widget\" data-widget_type=\"image.default\">\n\t\t\t\t<div class=\"elementor-widget-container\">\n\t\t\t\t\t\t\t\t\t\t\t\t\t\t\t\t<a href=\"https:\/\/dasaim.dk\/aarsmoeder\/\">\n\t\t\t\t\t\t\t<img loading=\"lazy\" decoding=\"async\" width=\"312\" height=\"200\" src=\"https:\/\/secma.dk\/wp-content\/uploads\/2024\/10\/Dasaim.png\" class=\"attachment-large size-large wp-image-15024\" alt=\"Dasaim kom og m\u00f8d os\" srcset=\"https:\/\/secma.dk\/wp-content\/uploads\/2024\/10\/Dasaim.png 312w, https:\/\/secma.dk\/wp-content\/uploads\/2024\/10\/Dasaim-300x192.png 300w\" sizes=\"(max-width: 312px) 100vw, 312px\" \/>\t\t\t\t\t\t\t\t<\/a>\n\t\t\t\t\t\t\t\t\t\t\t\t\t\t\t<\/div>\n\t\t\t\t<\/div>\n\t\t\t\t<\/div>\n\t\t\t\t\t<\/div>\n\t\t\t\t<\/div>\n\t\t<div class=\"elementor-element elementor-element-a0cabfe e-flex e-con-boxed e-con e-parent\" data-id=\"a0cabfe\" data-element_type=\"container\" data-e-type=\"container\">\n\t\t\t\t\t<div class=\"e-con-inner\">\n\t\t\t\t<div class=\"elementor-element elementor-element-8154316 elementor-widget elementor-widget-heading\" data-id=\"8154316\" data-element_type=\"widget\" data-e-type=\"widget\" data-widget_type=\"heading.default\">\n\t\t\t\t<div class=\"elementor-widget-container\">\n\t\t\t\t\t<h2 class=\"elementor-heading-title elementor-size-default\">F\u00f8lg oss p\u00e5 sosiale medier  <\/h2>\t\t\t\t<\/div>\n\t\t\t\t<\/div>\n\t\t\t\t\t<\/div>\n\t\t\t\t<\/div>\n\t\t<div class=\"elementor-element elementor-element-379904a e-flex e-con-boxed e-con e-parent\" data-id=\"379904a\" data-element_type=\"container\" data-e-type=\"container\">\n\t\t\t\t\t<div class=\"e-con-inner\">\n\t\t\t\t<div class=\"elementor-element elementor-element-db8e5bc elementor-shape-rounded elementor-grid-0 e-grid-align-center elementor-widget elementor-widget-social-icons\" data-id=\"db8e5bc\" data-element_type=\"widget\" data-e-type=\"widget\" data-widget_type=\"social-icons.default\">\n\t\t\t\t<div class=\"elementor-widget-container\">\n\t\t\t\t\t\t\t<div class=\"elementor-social-icons-wrapper elementor-grid\" role=\"list\">\n\t\t\t\t\t\t\t<span class=\"elementor-grid-item\" role=\"listitem\">\n\t\t\t\t\t<a class=\"elementor-icon elementor-social-icon elementor-social-icon-facebook elementor-repeater-item-7bad57b\" href=\"https:\/\/www.facebook.com\/secmamedicalinnovation\" target=\"_blank\">\n\t\t\t\t\t\t<span class=\"elementor-screen-only\">Facebook<\/span>\n\t\t\t\t\t\t<i aria-hidden=\"true\" class=\"fab fa-facebook\"><\/i>\t\t\t\t\t<\/a>\n\t\t\t\t<\/span>\n\t\t\t\t\t\t\t<span class=\"elementor-grid-item\" role=\"listitem\">\n\t\t\t\t\t<a class=\"elementor-icon elementor-social-icon elementor-social-icon-instagram elementor-repeater-item-abaf198\" href=\"https:\/\/www.instagram.com\/secmamedical\" target=\"_blank\">\n\t\t\t\t\t\t<span class=\"elementor-screen-only\">Instagram<\/span>\n\t\t\t\t\t\t<i aria-hidden=\"true\" class=\"fab fa-instagram\"><\/i>\t\t\t\t\t<\/a>\n\t\t\t\t<\/span>\n\t\t\t\t\t\t\t<span class=\"elementor-grid-item\" role=\"listitem\">\n\t\t\t\t\t<a class=\"elementor-icon elementor-social-icon elementor-social-icon-linkedin elementor-repeater-item-2560e4a\" href=\"https:\/\/www.linkedin.com\/company\/secma\" target=\"_blank\">\n\t\t\t\t\t\t<span class=\"elementor-screen-only\">Linkedin<\/span>\n\t\t\t\t\t\t<i aria-hidden=\"true\" class=\"fab fa-linkedin\"><\/i>\t\t\t\t\t<\/a>\n\t\t\t\t<\/span>\n\t\t\t\t\t<\/div>\n\t\t\t\t\t\t<\/div>\n\t\t\t\t<\/div>\n\t\t\t\t\t<\/div>\n\t\t\t\t<\/div>\n\t\t\t\t<\/div>\n\t\t","protected":false},"excerpt":{"rendered":"<p>Utstillinger og messer Secma deltar hvert \u00e5r p\u00e5 en rekke utstillinger, messer og konferanser. Her kan du f\u00e5 muligheten til \u00e5 se og pr\u00f8ve produktene v\u00e5re og f\u00e5 en uforpliktende prat om mulighetene. Nedenfor finner du et lite utvalg av hvor du kan finne oss. Vi anbefaler at du melder deg p\u00e5 nyhetsbrevet v\u00e5rt eller [&hellip;]<\/p>\n","protected":false},"author":2,"featured_media":0,"parent":15085,"menu_order":38,"comment_status":"closed","ping_status":"closed","template":"elementor_header_footer","meta":{"_acf_changed":false,"site-sidebar-layout":"no-sidebar","site-content-layout":"page-builder","ast-site-content-layout":"full-width-container","site-content-style":"unboxed","site-sidebar-style":"unboxed","ast-global-header-display":"","ast-banner-title-visibility":"","ast-main-header-display":"","ast-hfb-above-header-display":"","ast-hfb-below-header-display":"","ast-hfb-mobile-header-display":"","site-post-title":"disabled","ast-breadcrumbs-content":"","ast-featured-img":"disabled","footer-sml-layout":"","ast-disable-related-posts":"","theme-transparent-header-meta":"","adv-header-id-meta":"","stick-header-meta":"","header-above-stick-meta":"","header-main-stick-meta":"","header-below-stick-meta":"","astra-migrate-meta-layouts":"set","ast-page-background-enabled":"default","ast-page-background-meta":{"desktop":{"background-color":"var(--ast-global-color-4)","background-image":"","background-repeat":"repeat","background-position":"center center","background-size":"auto","background-attachment":"scroll","background-type":"","background-media":"","overlay-type":"","overlay-color":"","overlay-opacity":"","overlay-gradient":""},"tablet":{"background-color":"","background-image":"","background-repeat":"repeat","background-position":"center center","background-size":"auto","background-attachment":"scroll","background-type":"","background-media":"","overlay-type":"","overlay-color":"","overlay-opacity":"","overlay-gradient":""},"mobile":{"background-color":"","background-image":"","background-repeat":"repeat","background-position":"center center","background-size":"auto","background-attachment":"scroll","background-type":"","background-media":"","overlay-type":"","overlay-color":"","overlay-opacity":"","overlay-gradient":""}},"ast-content-background-meta":{"desktop":{"background-color":"var(--ast-global-color-5)","background-image":"","background-repeat":"repeat","background-position":"center center","background-size":"auto","background-attachment":"scroll","background-type":"","background-media":"","overlay-type":"","overlay-color":"","overlay-opacity":"","overlay-gradient":""},"tablet":{"background-color":"var(--ast-global-color-5)","background-image":"","background-repeat":"repeat","background-position":"center center","background-size":"auto","background-attachment":"scroll","background-type":"","background-media":"","overlay-type":"","overlay-color":"","overlay-opacity":"","overlay-gradient":""},"mobile":{"background-color":"var(--ast-global-color-5)","background-image":"","background-repeat":"repeat","background-position":"center center","background-size":"auto","background-attachment":"scroll","background-type":"","background-media":"","overlay-type":"","overlay-color":"","overlay-opacity":"","overlay-gradient":""}},"footnotes":""},"class_list":["post-15023","page","type-page","status-publish","hentry"],"acf":[],"yoast_head":"<!-- This site is optimized with the Yoast SEO plugin v27.5 - https:\/\/yoast.com\/product\/yoast-seo-wordpress\/ -->\n<title>Utstillinger | Secma Medical Innovation<\/title>\n<meta name=\"description\" content=\"V\u00e5re salgskonsulenter og medisintekniske r\u00e5dgivere er ofte ute for \u00e5 vise frem produktene v\u00e5re. Her kan du se n\u00e5r vi er i n\u00e6rheten av deg.\" \/>\n<meta name=\"robots\" content=\"index, follow, max-snippet:-1, max-image-preview:large, max-video-preview:-1\" \/>\n<link rel=\"canonical\" href=\"https:\/\/secma.dk\/no\/utstillinger-og-opplaering\/utstillinger\/\" \/>\n<meta property=\"og:locale\" content=\"nb_NO\" \/>\n<meta property=\"og:type\" content=\"article\" \/>\n<meta property=\"og:title\" content=\"Utstillinger | Secma Medical Innovation\" \/>\n<meta property=\"og:description\" content=\"V\u00e5re salgskonsulenter og medisintekniske r\u00e5dgivere er ofte ute for \u00e5 vise frem produktene v\u00e5re. Her kan du se n\u00e5r vi er i n\u00e6rheten av deg.\" \/>\n<meta property=\"og:url\" content=\"https:\/\/secma.dk\/no\/utstillinger-og-opplaering\/utstillinger\/\" \/>\n<meta property=\"og:site_name\" content=\"Secma\" \/>\n<meta property=\"article:publisher\" content=\"https:\/\/www.facebook.com\/secmamedicalinnovation\" \/>\n<meta property=\"article:modified_time\" content=\"2025-11-27T21:15:11+00:00\" \/>\n<meta property=\"og:image\" content=\"https:\/\/secma.dk\/wp-content\/uploads\/2024\/10\/Kiropraktorernes-Faglige-kongres.png\" \/>\n<meta name=\"twitter:card\" content=\"summary_large_image\" \/>\n<meta name=\"twitter:label1\" content=\"Ansl. lesetid\" \/>\n\t<meta name=\"twitter:data1\" content=\"2 minutter\" \/>\n<script type=\"application\/ld+json\" class=\"yoast-schema-graph\">{\"@context\":\"https:\\\/\\\/schema.org\",\"@graph\":[{\"@type\":\"WebPage\",\"@id\":\"https:\\\/\\\/secma.dk\\\/no\\\/utstillinger-og-opplaering\\\/utstillinger\\\/\",\"url\":\"https:\\\/\\\/secma.dk\\\/no\\\/utstillinger-og-opplaering\\\/utstillinger\\\/\",\"name\":\"Utstillinger | Secma Medical Innovation\",\"isPartOf\":{\"@id\":\"https:\\\/\\\/secma.dk\\\/no\\\/#website\"},\"primaryImageOfPage\":{\"@id\":\"https:\\\/\\\/secma.dk\\\/no\\\/utstillinger-og-opplaering\\\/utstillinger\\\/#primaryimage\"},\"image\":{\"@id\":\"https:\\\/\\\/secma.dk\\\/no\\\/utstillinger-og-opplaering\\\/utstillinger\\\/#primaryimage\"},\"thumbnailUrl\":\"https:\\\/\\\/secma.dk\\\/wp-content\\\/uploads\\\/2024\\\/10\\\/Kiropraktorernes-Faglige-kongres.png\",\"datePublished\":\"2023-02-28T11:08:20+00:00\",\"dateModified\":\"2025-11-27T21:15:11+00:00\",\"description\":\"V\u00e5re salgskonsulenter og medisintekniske r\u00e5dgivere er ofte ute for \u00e5 vise frem produktene v\u00e5re. Her kan du se n\u00e5r vi er i n\u00e6rheten av deg.\",\"breadcrumb\":{\"@id\":\"https:\\\/\\\/secma.dk\\\/no\\\/utstillinger-og-opplaering\\\/utstillinger\\\/#breadcrumb\"},\"inLanguage\":\"nb-NO\",\"potentialAction\":[{\"@type\":\"ReadAction\",\"target\":[\"https:\\\/\\\/secma.dk\\\/no\\\/utstillinger-og-opplaering\\\/utstillinger\\\/\"]}]},{\"@type\":\"ImageObject\",\"inLanguage\":\"nb-NO\",\"@id\":\"https:\\\/\\\/secma.dk\\\/no\\\/utstillinger-og-opplaering\\\/utstillinger\\\/#primaryimage\",\"url\":\"https:\\\/\\\/secma.dk\\\/wp-content\\\/uploads\\\/2024\\\/10\\\/Kiropraktorernes-Faglige-kongres.png\",\"contentUrl\":\"https:\\\/\\\/secma.dk\\\/wp-content\\\/uploads\\\/2024\\\/10\\\/Kiropraktorernes-Faglige-kongres.png\"},{\"@type\":\"BreadcrumbList\",\"@id\":\"https:\\\/\\\/secma.dk\\\/no\\\/utstillinger-og-opplaering\\\/utstillinger\\\/#breadcrumb\",\"itemListElement\":[{\"@type\":\"ListItem\",\"position\":1,\"name\":\"Hjem\",\"item\":\"https:\\\/\\\/secma.dk\\\/no\\\/\"},{\"@type\":\"ListItem\",\"position\":2,\"name\":\"Utstillinger og oppl\u00e6ring\",\"item\":\"https:\\\/\\\/secma.dk\\\/no\\\/udstillinger-og-uddannelse\\\/\"},{\"@type\":\"ListItem\",\"position\":3,\"name\":\"Utstillinger\"}]},{\"@type\":\"WebSite\",\"@id\":\"https:\\\/\\\/secma.dk\\\/no\\\/#website\",\"url\":\"https:\\\/\\\/secma.dk\\\/no\\\/\",\"name\":\"Secma\",\"description\":\"Web\",\"publisher\":{\"@id\":\"https:\\\/\\\/secma.dk\\\/no\\\/#organization\"},\"potentialAction\":[{\"@type\":\"SearchAction\",\"target\":{\"@type\":\"EntryPoint\",\"urlTemplate\":\"https:\\\/\\\/secma.dk\\\/no\\\/?s={search_term_string}\"},\"query-input\":{\"@type\":\"PropertyValueSpecification\",\"valueRequired\":true,\"valueName\":\"search_term_string\"}}],\"inLanguage\":\"nb-NO\"},{\"@type\":\"Organization\",\"@id\":\"https:\\\/\\\/secma.dk\\\/no\\\/#organization\",\"name\":\"Secma\",\"url\":\"https:\\\/\\\/secma.dk\\\/no\\\/\",\"logo\":{\"@type\":\"ImageObject\",\"inLanguage\":\"nb-NO\",\"@id\":\"https:\\\/\\\/secma.dk\\\/no\\\/#\\\/schema\\\/logo\\\/image\\\/\",\"url\":\"https:\\\/\\\/secma.dk\\\/wp-content\\\/uploads\\\/2023\\\/01\\\/Secma-Logo-med-Payoff-1.png\",\"contentUrl\":\"https:\\\/\\\/secma.dk\\\/wp-content\\\/uploads\\\/2023\\\/01\\\/Secma-Logo-med-Payoff-1.png\",\"width\":1200,\"height\":388,\"caption\":\"Secma\"},\"image\":{\"@id\":\"https:\\\/\\\/secma.dk\\\/no\\\/#\\\/schema\\\/logo\\\/image\\\/\"},\"sameAs\":[\"https:\\\/\\\/www.facebook.com\\\/secmamedicalinnovation\",\"https:\\\/\\\/www.linkedin.com\\\/company\\\/secma\\\/\"]}]}<\/script>\n<!-- \/ Yoast SEO plugin. -->","yoast_head_json":{"title":"Utstillinger | Secma Medical Innovation","description":"V\u00e5re salgskonsulenter og medisintekniske r\u00e5dgivere er ofte ute for \u00e5 vise frem produktene v\u00e5re. Her kan du se n\u00e5r vi er i n\u00e6rheten av deg.","robots":{"index":"index","follow":"follow","max-snippet":"max-snippet:-1","max-image-preview":"max-image-preview:large","max-video-preview":"max-video-preview:-1"},"canonical":"https:\/\/secma.dk\/no\/utstillinger-og-opplaering\/utstillinger\/","og_locale":"nb_NO","og_type":"article","og_title":"Utstillinger | Secma Medical Innovation","og_description":"V\u00e5re salgskonsulenter og medisintekniske r\u00e5dgivere er ofte ute for \u00e5 vise frem produktene v\u00e5re. Her kan du se n\u00e5r vi er i n\u00e6rheten av deg.","og_url":"https:\/\/secma.dk\/no\/utstillinger-og-opplaering\/utstillinger\/","og_site_name":"Secma","article_publisher":"https:\/\/www.facebook.com\/secmamedicalinnovation","article_modified_time":"2025-11-27T21:15:11+00:00","og_image":[{"url":"https:\/\/secma.dk\/wp-content\/uploads\/2024\/10\/Kiropraktorernes-Faglige-kongres.png","type":"","width":"","height":""}],"twitter_card":"summary_large_image","twitter_misc":{"Ansl. lesetid":"2 minutter"},"schema":{"@context":"https:\/\/schema.org","@graph":[{"@type":"WebPage","@id":"https:\/\/secma.dk\/no\/utstillinger-og-opplaering\/utstillinger\/","url":"https:\/\/secma.dk\/no\/utstillinger-og-opplaering\/utstillinger\/","name":"Utstillinger | Secma Medical Innovation","isPartOf":{"@id":"https:\/\/secma.dk\/no\/#website"},"primaryImageOfPage":{"@id":"https:\/\/secma.dk\/no\/utstillinger-og-opplaering\/utstillinger\/#primaryimage"},"image":{"@id":"https:\/\/secma.dk\/no\/utstillinger-og-opplaering\/utstillinger\/#primaryimage"},"thumbnailUrl":"https:\/\/secma.dk\/wp-content\/uploads\/2024\/10\/Kiropraktorernes-Faglige-kongres.png","datePublished":"2023-02-28T11:08:20+00:00","dateModified":"2025-11-27T21:15:11+00:00","description":"V\u00e5re salgskonsulenter og medisintekniske r\u00e5dgivere er ofte ute for \u00e5 vise frem produktene v\u00e5re. Her kan du se n\u00e5r vi er i n\u00e6rheten av deg.","breadcrumb":{"@id":"https:\/\/secma.dk\/no\/utstillinger-og-opplaering\/utstillinger\/#breadcrumb"},"inLanguage":"nb-NO","potentialAction":[{"@type":"ReadAction","target":["https:\/\/secma.dk\/no\/utstillinger-og-opplaering\/utstillinger\/"]}]},{"@type":"ImageObject","inLanguage":"nb-NO","@id":"https:\/\/secma.dk\/no\/utstillinger-og-opplaering\/utstillinger\/#primaryimage","url":"https:\/\/secma.dk\/wp-content\/uploads\/2024\/10\/Kiropraktorernes-Faglige-kongres.png","contentUrl":"https:\/\/secma.dk\/wp-content\/uploads\/2024\/10\/Kiropraktorernes-Faglige-kongres.png"},{"@type":"BreadcrumbList","@id":"https:\/\/secma.dk\/no\/utstillinger-og-opplaering\/utstillinger\/#breadcrumb","itemListElement":[{"@type":"ListItem","position":1,"name":"Hjem","item":"https:\/\/secma.dk\/no\/"},{"@type":"ListItem","position":2,"name":"Utstillinger og oppl\u00e6ring","item":"https:\/\/secma.dk\/no\/udstillinger-og-uddannelse\/"},{"@type":"ListItem","position":3,"name":"Utstillinger"}]},{"@type":"WebSite","@id":"https:\/\/secma.dk\/no\/#website","url":"https:\/\/secma.dk\/no\/","name":"Secma","description":"Web","publisher":{"@id":"https:\/\/secma.dk\/no\/#organization"},"potentialAction":[{"@type":"SearchAction","target":{"@type":"EntryPoint","urlTemplate":"https:\/\/secma.dk\/no\/?s={search_term_string}"},"query-input":{"@type":"PropertyValueSpecification","valueRequired":true,"valueName":"search_term_string"}}],"inLanguage":"nb-NO"},{"@type":"Organization","@id":"https:\/\/secma.dk\/no\/#organization","name":"Secma","url":"https:\/\/secma.dk\/no\/","logo":{"@type":"ImageObject","inLanguage":"nb-NO","@id":"https:\/\/secma.dk\/no\/#\/schema\/logo\/image\/","url":"https:\/\/secma.dk\/wp-content\/uploads\/2023\/01\/Secma-Logo-med-Payoff-1.png","contentUrl":"https:\/\/secma.dk\/wp-content\/uploads\/2023\/01\/Secma-Logo-med-Payoff-1.png","width":1200,"height":388,"caption":"Secma"},"image":{"@id":"https:\/\/secma.dk\/no\/#\/schema\/logo\/image\/"},"sameAs":["https:\/\/www.facebook.com\/secmamedicalinnovation","https:\/\/www.linkedin.com\/company\/secma\/"]}]}},"_links":{"self":[{"href":"https:\/\/secma.dk\/no\/wp-json\/wp\/v2\/pages\/15023","targetHints":{"allow":["GET"]}}],"collection":[{"href":"https:\/\/secma.dk\/no\/wp-json\/wp\/v2\/pages"}],"about":[{"href":"https:\/\/secma.dk\/no\/wp-json\/wp\/v2\/types\/page"}],"author":[{"embeddable":true,"href":"https:\/\/secma.dk\/no\/wp-json\/wp\/v2\/users\/2"}],"replies":[{"embeddable":true,"href":"https:\/\/secma.dk\/no\/wp-json\/wp\/v2\/comments?post=15023"}],"version-history":[{"count":5,"href":"https:\/\/secma.dk\/no\/wp-json\/wp\/v2\/pages\/15023\/revisions"}],"predecessor-version":[{"id":22892,"href":"https:\/\/secma.dk\/no\/wp-json\/wp\/v2\/pages\/15023\/revisions\/22892"}],"up":[{"embeddable":true,"href":"https:\/\/secma.dk\/no\/wp-json\/wp\/v2\/pages\/15085"}],"wp:attachment":[{"href":"https:\/\/secma.dk\/no\/wp-json\/wp\/v2\/media?parent=15023"}],"curies":[{"name":"wp","href":"https:\/\/api.w.org\/{rel}","templated":true}]}}