{"id":14763,"date":"2025-11-13T13:31:32","date_gmt":"2025-11-13T12:31:32","guid":{"rendered":"https:\/\/secma.dk\/klinisk-software\/"},"modified":"2025-12-05T08:50:40","modified_gmt":"2025-12-05T07:50:40","slug":"klinisk-software","status":"publish","type":"page","link":"https:\/\/secma.dk\/no\/klinisk-software\/","title":{"rendered":"Klinisk programvare"},"content":{"rendered":"\t\t<div data-elementor-type=\"wp-page\" data-elementor-id=\"14763\" class=\"elementor elementor-14763 elementor-10032\" data-elementor-post-type=\"page\">\n\t\t\t\t<div class=\"elementor-element elementor-element-7c4536e e-flex e-con-boxed e-con e-parent\" data-id=\"7c4536e\" data-element_type=\"container\" data-e-type=\"container\">\n\t\t\t\t\t<div class=\"e-con-inner\">\n\t\t\t\t<div class=\"elementor-element elementor-element-a70bcaa elementor-widget elementor-widget-heading\" data-id=\"a70bcaa\" data-element_type=\"widget\" data-e-type=\"widget\" data-widget_type=\"heading.default\">\n\t\t\t\t<div class=\"elementor-widget-container\">\n\t\t\t\t\t<h1 class=\"elementor-heading-title elementor-size-default\">Klinisk programvare<\/h1>\t\t\t\t<\/div>\n\t\t\t\t<\/div>\n\t\t\t\t<div class=\"elementor-element elementor-element-5a72b25 elementor-widget elementor-widget-heading\" data-id=\"5a72b25\" data-element_type=\"widget\" data-e-type=\"widget\" data-widget_type=\"heading.default\">\n\t\t\t\t<div class=\"elementor-widget-container\">\n\t\t\t\t\t<h3 class=\"elementor-heading-title elementor-size-default\">Kraftig programvare for moderne klinisk diagnostikk<\/h3>\t\t\t\t<\/div>\n\t\t\t\t<\/div>\n\t\t\t\t<div class=\"elementor-element elementor-element-4fdce95 elementor-widget elementor-widget-text-editor\" data-id=\"4fdce95\" data-element_type=\"widget\" data-e-type=\"widget\" data-widget_type=\"text-editor.default\">\n\t\t\t\t<div class=\"elementor-widget-container\">\n\t\t\t\t\t\t\t\t\t<p>Oppdag v\u00e5rt utvalg av klinisk programvare &#8211; skreddersydde programvarel\u00f8sninger som st\u00f8tter og forbedrer den kliniske arbeidsflyten innen ultralyd, diagnostikk og pasientoverv\u00e5king. Med fokus p\u00e5 brukervennlighet, integrasjon og sikkerhet hjelper l\u00f8sningene v\u00e5re deg med \u00e5 jobbe smart!<\/p><p>Vi tilbyr programvare tilpasset b\u00e5de private klinikker og sykehusmilj\u00f8er.<\/p>\t\t\t\t\t\t\t\t<\/div>\n\t\t\t\t<\/div>\n\t\t\t\t\t<\/div>\n\t\t\t\t<\/div>\n\t\t<div class=\"elementor-element elementor-element-5ed1da6 e-flex e-con-boxed e-con e-parent\" data-id=\"5ed1da6\" data-element_type=\"container\" data-e-type=\"container\">\n\t\t\t\t\t<div class=\"e-con-inner\">\n\t\t\t\t<div class=\"elementor-element elementor-element-a338665 elementor-grid-4 elementor-grid-tablet-2 elementor-grid-mobile-1 elementor-widget elementor-widget-loop-grid\" data-id=\"a338665\" data-element_type=\"widget\" data-e-type=\"widget\" data-settings=\"{&quot;template_id&quot;:9809,&quot;columns&quot;:4,&quot;_skin&quot;:&quot;post&quot;,&quot;columns_tablet&quot;:&quot;2&quot;,&quot;columns_mobile&quot;:&quot;1&quot;,&quot;edit_handle_selector&quot;:&quot;[data-elementor-type=\\&quot;loop-item\\&quot;]&quot;,&quot;row_gap&quot;:{&quot;unit&quot;:&quot;px&quot;,&quot;size&quot;:&quot;&quot;,&quot;sizes&quot;:[]},&quot;row_gap_tablet&quot;:{&quot;unit&quot;:&quot;px&quot;,&quot;size&quot;:&quot;&quot;,&quot;sizes&quot;:[]},&quot;row_gap_mobile&quot;:{&quot;unit&quot;:&quot;px&quot;,&quot;size&quot;:&quot;&quot;,&quot;sizes&quot;:[]}}\" data-widget_type=\"loop-grid.post\">\n\t\t\t\t<div class=\"elementor-widget-container\">\n\t\t\t\t\t\t\t<div class=\"elementor-loop-container elementor-grid\" role=\"list\">\n\t\t<style id=\"loop-9809\">.elementor-9809 .elementor-element.elementor-element-f27f094{--display:flex;--align-items:center;--container-widget-width:calc( ( 1 - var( --container-widget-flex-grow ) ) * 100% );}.elementor-widget-image .widget-image-caption{color:var( --e-global-color-text );font-family:var( --e-global-typography-text-font-family ), Sans-serif;font-weight:var( --e-global-typography-text-font-weight );}\/* Start custom CSS for shortcode, class: .elementor-element-1f3a530 *\/.elementor-9809 .elementor-element.elementor-element-1f3a530 {\r\n\t-webkit-font-smoothing: antialiased;\r\n\tbox-sizing: border-box;\r\n\tclear: both;\r\n\tcolor: #001D3B;\r\n\tcolumns: auto;\r\n\tcursor: pointer;\r\n\tfont-family: \"Roboto Condensed\", sans-serif;\r\n\tfont-weight: 500;\r\n\tletter-spacing: -0.5px;\r\n\tline-height: 20px;\r\n\toverflow-wrap: break-word;\r\n\ttext-align: center;\r\n\tword-break: break-word;\r\n}\/* End custom CSS *\/\n\/* Start custom CSS for container, class: .elementor-element-f27f094 *\/.elementor-9809 .elementor-element.elementor-element-f27f094 {\n    text-decoration: unset !important;\n}\/* End custom CSS *\/<\/style>\t\t<div data-elementor-type=\"loop-item\" data-elementor-id=\"9809\" class=\"elementor elementor-9809 e-loop-item e-loop-item-14738 post-14738 produkter type-produkter status-publish has-post-thumbnail hentry category-klinisk-programvare\" data-elementor-post-type=\"elementor_library\" data-custom-edit-handle=\"1\">\n\t\t\t<a class=\"elementor-element elementor-element-f27f094 e-flex e-con-boxed e-con e-parent\" data-id=\"f27f094\" data-element_type=\"container\" data-e-type=\"container\" href=\"https:\/\/secma.dk\/no\/produkter\/transcranial-doppler-tcd\/\">\n\t\t\t\t\t<div class=\"e-con-inner\">\n\t\t\t\t<div class=\"elementor-element elementor-element-a729816 elementor-widget elementor-widget-image\" data-id=\"a729816\" data-element_type=\"widget\" data-e-type=\"widget\" data-widget_type=\"image.default\">\n\t\t\t\t<div class=\"elementor-widget-container\">\n\t\t\t\t\t\t\t\t\t\t\t\t\t\t\t<img decoding=\"async\" src=\"https:\/\/secma.dk\/wp-content\/uploads\/elementor\/thumbs\/TCD-Software-Transkraniel-Doppler-Sonosite-Secma-r9rn3eebjfwg2yci9wkmubw8auyoxfzfvv06zelmo0.png\" title=\"TCD Software &#8211; Transkraniel Doppler &#8211; Sonosite Secma\" alt=\"TCD Software - Transkraniel Doppler - Sonosite Secma\" loading=\"lazy\" \/>\t\t\t\t\t\t\t\t\t\t\t\t\t\t\t<\/div>\n\t\t\t\t<\/div>\n\t\t\t\t<div class=\"elementor-element elementor-element-1f3a530 elementor-widget elementor-widget-shortcode\" data-id=\"1f3a530\" data-element_type=\"widget\" data-e-type=\"widget\" data-widget_type=\"shortcode.default\">\n\t\t\t\t<div class=\"elementor-widget-container\">\n\t\t\t\t\t\t\t<div class=\"elementor-shortcode\">Transcranial Doppler (TCD) \u200b<\/div>\n\t\t\t\t\t\t<\/div>\n\t\t\t\t<\/div>\n\t\t\t\t\t<\/div>\n\t\t\t\t<\/a>\n\t\t\t\t<\/div>\n\t\t\t\t<div data-elementor-type=\"loop-item\" data-elementor-id=\"9809\" class=\"elementor elementor-9809 e-loop-item e-loop-item-18926 post-18926 produkter type-produkter status-publish has-post-thumbnail hentry category-klinisk-programvare\" data-elementor-post-type=\"elementor_library\" data-custom-edit-handle=\"1\">\n\t\t\t<a class=\"elementor-element elementor-element-f27f094 e-flex e-con-boxed e-con e-parent\" data-id=\"f27f094\" data-element_type=\"container\" data-e-type=\"container\" href=\"https:\/\/secma.dk\/no\/produkter\/assisted-cardiac-output-aco\/\">\n\t\t\t\t\t<div class=\"e-con-inner\">\n\t\t\t\t<div class=\"elementor-element elementor-element-a729816 elementor-widget elementor-widget-image\" data-id=\"a729816\" data-element_type=\"widget\" data-e-type=\"widget\" data-widget_type=\"image.default\">\n\t\t\t\t<div class=\"elementor-widget-container\">\n\t\t\t\t\t\t\t\t\t\t\t\t\t\t\t<img decoding=\"async\" src=\"https:\/\/secma.dk\/wp-content\/uploads\/elementor\/thumbs\/ACO-Software-Assisteret-Hjerteoutput-Sonosite-Secma-e1761052934862-rdjfjlnvvp08gzh451lcmbvsjj8dxv2essd2mp2jgg.png\" title=\"ACO-programvare &#8211; Assistert hjerteutgang &#8211; Sonosite Secma\" alt=\"ACO-programvare - Assistert hjerteutgang - Sonosite Secma\" loading=\"lazy\" \/>\t\t\t\t\t\t\t\t\t\t\t\t\t\t\t<\/div>\n\t\t\t\t<\/div>\n\t\t\t\t<div class=\"elementor-element elementor-element-1f3a530 elementor-widget elementor-widget-shortcode\" data-id=\"1f3a530\" data-element_type=\"widget\" data-e-type=\"widget\" data-widget_type=\"shortcode.default\">\n\t\t\t\t<div class=\"elementor-widget-container\">\n\t\t\t\t\t\t\t<div class=\"elementor-shortcode\">Assisted Cardiac Output (ACO)<\/div>\n\t\t\t\t\t\t<\/div>\n\t\t\t\t<\/div>\n\t\t\t\t\t<\/div>\n\t\t\t\t<\/a>\n\t\t\t\t<\/div>\n\t\t\t\t<div data-elementor-type=\"loop-item\" data-elementor-id=\"9809\" class=\"elementor elementor-9809 e-loop-item e-loop-item-18961 post-18961 produkter type-produkter status-publish has-post-thumbnail hentry category-klinisk-programvare\" data-elementor-post-type=\"elementor_library\" data-custom-edit-handle=\"1\">\n\t\t\t<a class=\"elementor-element elementor-element-f27f094 e-flex e-con-boxed e-con e-parent\" data-id=\"f27f094\" data-element_type=\"container\" data-e-type=\"container\" href=\"https:\/\/secma.dk\/no\/produkter\/auto-snp\/\">\n\t\t\t\t\t<div class=\"e-con-inner\">\n\t\t\t\t<div class=\"elementor-element elementor-element-a729816 elementor-widget elementor-widget-image\" data-id=\"a729816\" data-element_type=\"widget\" data-e-type=\"widget\" data-widget_type=\"image.default\">\n\t\t\t\t<div class=\"elementor-widget-container\">\n\t\t\t\t\t\t\t\t\t\t\t\t\t\t\t<img decoding=\"async\" src=\"https:\/\/secma.dk\/wp-content\/uploads\/elementor\/thumbs\/Auto-SNP-Software-Steep-Needle-Profiling-Sonosite-Secma-r9rn33499fh07msw3rp40eqp68iad2qnub6d832cqo.png\" title=\"Auto SNP Software &#8211; Steep Needle Profiling &#8211; Sonosite Secma\" alt=\"Auto SNP Software - Steep Needle Profiling - Sonosite Secma\" loading=\"lazy\" \/>\t\t\t\t\t\t\t\t\t\t\t\t\t\t\t<\/div>\n\t\t\t\t<\/div>\n\t\t\t\t<div class=\"elementor-element elementor-element-1f3a530 elementor-widget elementor-widget-shortcode\" data-id=\"1f3a530\" data-element_type=\"widget\" data-e-type=\"widget\" data-widget_type=\"shortcode.default\">\n\t\t\t\t<div class=\"elementor-widget-container\">\n\t\t\t\t\t\t\t<div class=\"elementor-shortcode\">Auto SNP<\/div>\n\t\t\t\t\t\t<\/div>\n\t\t\t\t<\/div>\n\t\t\t\t\t<\/div>\n\t\t\t\t<\/a>\n\t\t\t\t<\/div>\n\t\t\t\t<div data-elementor-type=\"loop-item\" data-elementor-id=\"9809\" class=\"elementor elementor-9809 e-loop-item e-loop-item-18980 post-18980 produkter type-produkter status-publish has-post-thumbnail hentry category-klinisk-programvare\" data-elementor-post-type=\"elementor_library\" data-custom-edit-handle=\"1\">\n\t\t\t<a class=\"elementor-element elementor-element-f27f094 e-flex e-con-boxed e-con e-parent\" data-id=\"f27f094\" data-element_type=\"container\" data-e-type=\"container\" href=\"https:\/\/secma.dk\/no\/produkter\/voice-assistent-software\/\">\n\t\t\t\t\t<div class=\"e-con-inner\">\n\t\t\t\t<div class=\"elementor-element elementor-element-a729816 elementor-widget elementor-widget-image\" data-id=\"a729816\" data-element_type=\"widget\" data-e-type=\"widget\" data-widget_type=\"image.default\">\n\t\t\t\t<div class=\"elementor-widget-container\">\n\t\t\t\t\t\t\t\t\t\t\t\t\t\t\t<img decoding=\"async\" src=\"https:\/\/secma.dk\/wp-content\/uploads\/elementor\/thumbs\/Voice-assistant-software-Sonosite-Secma-r9rn2kbhgqr9rfk75jkkmjhhaj2y34o13q4nmju874.png\" title=\"Voice assistant software Sonosite Secma\" alt=\"Voice assistant software Sonosite Secma\" loading=\"lazy\" \/>\t\t\t\t\t\t\t\t\t\t\t\t\t\t\t<\/div>\n\t\t\t\t<\/div>\n\t\t\t\t<div class=\"elementor-element elementor-element-1f3a530 elementor-widget elementor-widget-shortcode\" data-id=\"1f3a530\" data-element_type=\"widget\" data-e-type=\"widget\" data-widget_type=\"shortcode.default\">\n\t\t\t\t<div class=\"elementor-widget-container\">\n\t\t\t\t\t\t\t<div class=\"elementor-shortcode\">Voice Assistent Software<\/div>\n\t\t\t\t\t\t<\/div>\n\t\t\t\t<\/div>\n\t\t\t\t\t<\/div>\n\t\t\t\t<\/a>\n\t\t\t\t<\/div>\n\t\t\t\t<\/div>\n\t\t\n\t\t\t\t\t\t<\/div>\n\t\t\t\t<\/div>\n\t\t\t\t\t<\/div>\n\t\t\t\t<\/div>\n\t\t\t\t<\/div>\n\t\t","protected":false},"excerpt":{"rendered":"<p>Klinisk programvare Kraftig programvare for moderne klinisk diagnostikk Oppdag v\u00e5rt utvalg av klinisk programvare &#8211; skreddersydde programvarel\u00f8sninger som st\u00f8tter og forbedrer den kliniske arbeidsflyten innen ultralyd, diagnostikk og pasientoverv\u00e5king. Med fokus p\u00e5 brukervennlighet, integrasjon og sikkerhet hjelper l\u00f8sningene v\u00e5re deg med \u00e5 jobbe smart! Vi tilbyr programvare tilpasset b\u00e5de private klinikker og sykehusmilj\u00f8er.<\/p>\n","protected":false},"author":13,"featured_media":14764,"parent":0,"menu_order":0,"comment_status":"closed","ping_status":"closed","template":"elementor_header_footer","meta":{"_acf_changed":false,"site-sidebar-layout":"no-sidebar","site-content-layout":"page-builder","ast-site-content-layout":"full-width-container","site-content-style":"default","site-sidebar-style":"default","ast-global-header-display":"","ast-banner-title-visibility":"","ast-main-header-display":"","ast-hfb-above-header-display":"","ast-hfb-below-header-display":"","ast-hfb-mobile-header-display":"","site-post-title":"disabled","ast-breadcrumbs-content":"","ast-featured-img":"disabled","footer-sml-layout":"","ast-disable-related-posts":"","theme-transparent-header-meta":"default","adv-header-id-meta":"","stick-header-meta":"","header-above-stick-meta":"","header-main-stick-meta":"","header-below-stick-meta":"","astra-migrate-meta-layouts":"set","ast-page-background-enabled":"default","ast-page-background-meta":{"desktop":{"background-color":"var(--ast-global-color-4)","background-image":"","background-repeat":"repeat","background-position":"center center","background-size":"auto","background-attachment":"scroll","background-type":"","background-media":"","overlay-type":"","overlay-color":"","overlay-opacity":"","overlay-gradient":""},"tablet":{"background-color":"","background-image":"","background-repeat":"repeat","background-position":"center center","background-size":"auto","background-attachment":"scroll","background-type":"","background-media":"","overlay-type":"","overlay-color":"","overlay-opacity":"","overlay-gradient":""},"mobile":{"background-color":"","background-image":"","background-repeat":"repeat","background-position":"center center","background-size":"auto","background-attachment":"scroll","background-type":"","background-media":"","overlay-type":"","overlay-color":"","overlay-opacity":"","overlay-gradient":""}},"ast-content-background-meta":{"desktop":{"background-color":"var(--ast-global-color-5)","background-image":"","background-repeat":"repeat","background-position":"center center","background-size":"auto","background-attachment":"scroll","background-type":"","background-media":"","overlay-type":"","overlay-color":"","overlay-opacity":"","overlay-gradient":""},"tablet":{"background-color":"var(--ast-global-color-5)","background-image":"","background-repeat":"repeat","background-position":"center center","background-size":"auto","background-attachment":"scroll","background-type":"","background-media":"","overlay-type":"","overlay-color":"","overlay-opacity":"","overlay-gradient":""},"mobile":{"background-color":"var(--ast-global-color-5)","background-image":"","background-repeat":"repeat","background-position":"center center","background-size":"auto","background-attachment":"scroll","background-type":"","background-media":"","overlay-type":"","overlay-color":"","overlay-opacity":"","overlay-gradient":""}},"footnotes":""},"class_list":["post-14763","page","type-page","status-publish","has-post-thumbnail","hentry"],"acf":[],"yoast_head":"<!-- This site is optimized with the Yoast SEO plugin v27.2 - https:\/\/yoast.com\/product\/yoast-seo-wordpress\/ -->\n<title>Klinisk programvare | Secma<\/title>\n<meta name=\"robots\" content=\"noindex, nofollow\" \/>\n<meta property=\"og:locale\" content=\"nb_NO\" \/>\n<meta property=\"og:type\" content=\"article\" \/>\n<meta property=\"og:title\" content=\"Klinisk programvare | Secma\" \/>\n<meta property=\"og:description\" content=\"Klinisk programvare Kraftig programvare for moderne klinisk diagnostikk Oppdag v\u00e5rt utvalg av klinisk programvare &#8211; skreddersydde programvarel\u00f8sninger som st\u00f8tter og forbedrer den kliniske arbeidsflyten innen ultralyd, diagnostikk og pasientoverv\u00e5king. Med fokus p\u00e5 brukervennlighet, integrasjon og sikkerhet hjelper l\u00f8sningene v\u00e5re deg med \u00e5 jobbe smart! Vi tilbyr programvare tilpasset b\u00e5de private klinikker og sykehusmilj\u00f8er.\" \/>\n<meta property=\"og:url\" content=\"https:\/\/secma.dk\/no\/klinisk-software\/\" \/>\n<meta property=\"og:site_name\" content=\"Secma\" \/>\n<meta property=\"article:publisher\" content=\"https:\/\/www.facebook.com\/secmamedicalinnovation\" \/>\n<meta property=\"article:modified_time\" content=\"2025-12-05T07:50:40+00:00\" \/>\n<meta property=\"og:image\" content=\"https:\/\/secma.dk\/wp-content\/uploads\/2025\/08\/ACO-Software-Assisteret-Hjerteoutput-Sonosite-Secma-e1761052934862.png\" \/>\n\t<meta property=\"og:image:width\" content=\"800\" \/>\n\t<meta property=\"og:image:height\" content=\"800\" \/>\n\t<meta property=\"og:image:type\" content=\"image\/png\" \/>\n<meta name=\"twitter:card\" content=\"summary_large_image\" \/>\n<meta name=\"twitter:label1\" content=\"Ansl. lesetid\" \/>\n\t<meta name=\"twitter:data1\" content=\"1 minutt\" \/>\n<script type=\"application\/ld+json\" class=\"yoast-schema-graph\">{\"@context\":\"https:\/\/schema.org\",\"@graph\":[{\"@type\":\"WebPage\",\"@id\":\"https:\/\/secma.dk\/no\/klinisk-software\/\",\"url\":\"https:\/\/secma.dk\/no\/klinisk-software\/\",\"name\":\"Klinisk programvare | Secma\",\"isPartOf\":{\"@id\":\"https:\/\/secma.dk\/no\/#website\"},\"primaryImageOfPage\":{\"@id\":\"https:\/\/secma.dk\/no\/klinisk-software\/#primaryimage\"},\"image\":{\"@id\":\"https:\/\/secma.dk\/no\/klinisk-software\/#primaryimage\"},\"thumbnailUrl\":\"https:\/\/secma.dk\/wp-content\/uploads\/2025\/08\/ACO-Software-Assisteret-Hjerteoutput-Sonosite-Secma-e1761052934862.png\",\"datePublished\":\"2025-11-13T12:31:32+00:00\",\"dateModified\":\"2025-12-05T07:50:40+00:00\",\"breadcrumb\":{\"@id\":\"https:\/\/secma.dk\/no\/klinisk-software\/#breadcrumb\"},\"inLanguage\":\"nb-NO\",\"potentialAction\":[{\"@type\":\"ReadAction\",\"target\":[\"https:\/\/secma.dk\/no\/klinisk-software\/\"]}]},{\"@type\":\"ImageObject\",\"inLanguage\":\"nb-NO\",\"@id\":\"https:\/\/secma.dk\/no\/klinisk-software\/#primaryimage\",\"url\":\"https:\/\/secma.dk\/wp-content\/uploads\/2025\/08\/ACO-Software-Assisteret-Hjerteoutput-Sonosite-Secma-e1761052934862.png\",\"contentUrl\":\"https:\/\/secma.dk\/wp-content\/uploads\/2025\/08\/ACO-Software-Assisteret-Hjerteoutput-Sonosite-Secma-e1761052934862.png\",\"width\":800,\"height\":800,\"caption\":\"ACO-programvare - Assistert hjerteutgang - Sonosite Secma\"},{\"@type\":\"BreadcrumbList\",\"@id\":\"https:\/\/secma.dk\/no\/klinisk-software\/#breadcrumb\",\"itemListElement\":[{\"@type\":\"ListItem\",\"position\":1,\"name\":\"Hjem\",\"item\":\"https:\/\/secma.dk\/no\/\"},{\"@type\":\"ListItem\",\"position\":2,\"name\":\"Klinisk programvare\"}]},{\"@type\":\"WebSite\",\"@id\":\"https:\/\/secma.dk\/no\/#website\",\"url\":\"https:\/\/secma.dk\/no\/\",\"name\":\"Secma\",\"description\":\"Web\",\"publisher\":{\"@id\":\"https:\/\/secma.dk\/no\/#organization\"},\"potentialAction\":[{\"@type\":\"SearchAction\",\"target\":{\"@type\":\"EntryPoint\",\"urlTemplate\":\"https:\/\/secma.dk\/no\/?s={search_term_string}\"},\"query-input\":{\"@type\":\"PropertyValueSpecification\",\"valueRequired\":true,\"valueName\":\"search_term_string\"}}],\"inLanguage\":\"nb-NO\"},{\"@type\":\"Organization\",\"@id\":\"https:\/\/secma.dk\/no\/#organization\",\"name\":\"Secma\",\"url\":\"https:\/\/secma.dk\/no\/\",\"logo\":{\"@type\":\"ImageObject\",\"inLanguage\":\"nb-NO\",\"@id\":\"https:\/\/secma.dk\/no\/#\/schema\/logo\/image\/\",\"url\":\"https:\/\/secma.dk\/wp-content\/uploads\/2023\/01\/Secma-Logo-med-Payoff-1.png\",\"contentUrl\":\"https:\/\/secma.dk\/wp-content\/uploads\/2023\/01\/Secma-Logo-med-Payoff-1.png\",\"width\":1200,\"height\":388,\"caption\":\"Secma\"},\"image\":{\"@id\":\"https:\/\/secma.dk\/no\/#\/schema\/logo\/image\/\"},\"sameAs\":[\"https:\/\/www.facebook.com\/secmamedicalinnovation\",\"https:\/\/www.linkedin.com\/company\/secma\/\"]}]}<\/script>\n<!-- \/ Yoast SEO plugin. -->","yoast_head_json":{"title":"Klinisk programvare | Secma","robots":{"index":"noindex","follow":"nofollow"},"og_locale":"nb_NO","og_type":"article","og_title":"Klinisk programvare | Secma","og_description":"Klinisk programvare Kraftig programvare for moderne klinisk diagnostikk Oppdag v\u00e5rt utvalg av klinisk programvare &#8211; skreddersydde programvarel\u00f8sninger som st\u00f8tter og forbedrer den kliniske arbeidsflyten innen ultralyd, diagnostikk og pasientoverv\u00e5king. Med fokus p\u00e5 brukervennlighet, integrasjon og sikkerhet hjelper l\u00f8sningene v\u00e5re deg med \u00e5 jobbe smart! Vi tilbyr programvare tilpasset b\u00e5de private klinikker og sykehusmilj\u00f8er.","og_url":"https:\/\/secma.dk\/no\/klinisk-software\/","og_site_name":"Secma","article_publisher":"https:\/\/www.facebook.com\/secmamedicalinnovation","article_modified_time":"2025-12-05T07:50:40+00:00","og_image":[{"width":800,"height":800,"url":"https:\/\/secma.dk\/wp-content\/uploads\/2025\/08\/ACO-Software-Assisteret-Hjerteoutput-Sonosite-Secma-e1761052934862.png","type":"image\/png"}],"twitter_card":"summary_large_image","twitter_misc":{"Ansl. lesetid":"1 minutt"},"schema":{"@context":"https:\/\/schema.org","@graph":[{"@type":"WebPage","@id":"https:\/\/secma.dk\/no\/klinisk-software\/","url":"https:\/\/secma.dk\/no\/klinisk-software\/","name":"Klinisk programvare | Secma","isPartOf":{"@id":"https:\/\/secma.dk\/no\/#website"},"primaryImageOfPage":{"@id":"https:\/\/secma.dk\/no\/klinisk-software\/#primaryimage"},"image":{"@id":"https:\/\/secma.dk\/no\/klinisk-software\/#primaryimage"},"thumbnailUrl":"https:\/\/secma.dk\/wp-content\/uploads\/2025\/08\/ACO-Software-Assisteret-Hjerteoutput-Sonosite-Secma-e1761052934862.png","datePublished":"2025-11-13T12:31:32+00:00","dateModified":"2025-12-05T07:50:40+00:00","breadcrumb":{"@id":"https:\/\/secma.dk\/no\/klinisk-software\/#breadcrumb"},"inLanguage":"nb-NO","potentialAction":[{"@type":"ReadAction","target":["https:\/\/secma.dk\/no\/klinisk-software\/"]}]},{"@type":"ImageObject","inLanguage":"nb-NO","@id":"https:\/\/secma.dk\/no\/klinisk-software\/#primaryimage","url":"https:\/\/secma.dk\/wp-content\/uploads\/2025\/08\/ACO-Software-Assisteret-Hjerteoutput-Sonosite-Secma-e1761052934862.png","contentUrl":"https:\/\/secma.dk\/wp-content\/uploads\/2025\/08\/ACO-Software-Assisteret-Hjerteoutput-Sonosite-Secma-e1761052934862.png","width":800,"height":800,"caption":"ACO-programvare - Assistert hjerteutgang - Sonosite Secma"},{"@type":"BreadcrumbList","@id":"https:\/\/secma.dk\/no\/klinisk-software\/#breadcrumb","itemListElement":[{"@type":"ListItem","position":1,"name":"Hjem","item":"https:\/\/secma.dk\/no\/"},{"@type":"ListItem","position":2,"name":"Klinisk programvare"}]},{"@type":"WebSite","@id":"https:\/\/secma.dk\/no\/#website","url":"https:\/\/secma.dk\/no\/","name":"Secma","description":"Web","publisher":{"@id":"https:\/\/secma.dk\/no\/#organization"},"potentialAction":[{"@type":"SearchAction","target":{"@type":"EntryPoint","urlTemplate":"https:\/\/secma.dk\/no\/?s={search_term_string}"},"query-input":{"@type":"PropertyValueSpecification","valueRequired":true,"valueName":"search_term_string"}}],"inLanguage":"nb-NO"},{"@type":"Organization","@id":"https:\/\/secma.dk\/no\/#organization","name":"Secma","url":"https:\/\/secma.dk\/no\/","logo":{"@type":"ImageObject","inLanguage":"nb-NO","@id":"https:\/\/secma.dk\/no\/#\/schema\/logo\/image\/","url":"https:\/\/secma.dk\/wp-content\/uploads\/2023\/01\/Secma-Logo-med-Payoff-1.png","contentUrl":"https:\/\/secma.dk\/wp-content\/uploads\/2023\/01\/Secma-Logo-med-Payoff-1.png","width":1200,"height":388,"caption":"Secma"},"image":{"@id":"https:\/\/secma.dk\/no\/#\/schema\/logo\/image\/"},"sameAs":["https:\/\/www.facebook.com\/secmamedicalinnovation","https:\/\/www.linkedin.com\/company\/secma\/"]}]}},"_links":{"self":[{"href":"https:\/\/secma.dk\/no\/wp-json\/wp\/v2\/pages\/14763","targetHints":{"allow":["GET"]}}],"collection":[{"href":"https:\/\/secma.dk\/no\/wp-json\/wp\/v2\/pages"}],"about":[{"href":"https:\/\/secma.dk\/no\/wp-json\/wp\/v2\/types\/page"}],"author":[{"embeddable":true,"href":"https:\/\/secma.dk\/no\/wp-json\/wp\/v2\/users\/13"}],"replies":[{"embeddable":true,"href":"https:\/\/secma.dk\/no\/wp-json\/wp\/v2\/comments?post=14763"}],"version-history":[{"count":5,"href":"https:\/\/secma.dk\/no\/wp-json\/wp\/v2\/pages\/14763\/revisions"}],"predecessor-version":[{"id":19181,"href":"https:\/\/secma.dk\/no\/wp-json\/wp\/v2\/pages\/14763\/revisions\/19181"}],"wp:featuredmedia":[{"embeddable":true,"href":"https:\/\/secma.dk\/no\/wp-json\/wp\/v2\/media\/14764"}],"wp:attachment":[{"href":"https:\/\/secma.dk\/no\/wp-json\/wp\/v2\/media?parent=14763"}],"curies":[{"name":"wp","href":"https:\/\/api.w.org\/{rel}","templated":true}]}}